{"id":670,"date":"2023-09-08T17:08:53","date_gmt":"2023-09-08T14:08:53","guid":{"rendered":"https:\/\/enderg.com\/product\/starship-troopers-terran-command\/"},"modified":"2024-06-26T01:32:38","modified_gmt":"2024-06-25T22:32:38","slug":"starship-troopers-terran-command","status":"publish","type":"product","link":"https:\/\/enderg.com\/de\/product\/starship-troopers-terran-command\/","title":{"rendered":"Starship Troopers: Terranisches Kommando"},"content":{"rendered":"<div class=\"game_page_autocollapse_ctn expanded\">\n<div id=\"aboutThisGame\" class=\"game_page_autocollapse\" data-panel=\"{&quot;type&quot;:&quot;PanelGroup&quot;}\">\n<div id=\"game_area_description\" class=\"game_area_description\">\n<p><strong>Starship Troopers: Terranisches Kommando<\/strong>\u00a0ist ein spannendes Echtzeit-Strategiespiel, das im Universum der Starship Troopers-Filme spielt. \u00dcbernehmen Sie das Kommando \u00fcber die mobile Infanterie und tragen Sie Ihren Teil zum Krieg gegen die Spinnentierbedrohung bei. Bauen, entwickeln und kontrollieren Sie Ihre Armeen, um eine effektive Balance zwischen taktischer \u00dcberlegenheit und zahlenm\u00e4\u00dfiger St\u00e4rke zu finden. Stellen Sie sicher, dass die menschliche Zivilisation und nicht die Insekten die Galaxie jetzt und immer beherrschen!<\/p>\n<h2 class=\"bb_tag\">Story-Kampagne<\/h2>\n<p>Die Bev\u00f6lkerung des rauen W\u00fcstenplaneten Kwalasha braucht unsere Hilfe. Ihr Alltag voller harter Arbeit im Bergbau wird durch eine neue Gefahr gest\u00f6rt, der sie nicht alleine begegnen k\u00f6nnen: das Spinnentier. Die mobile Infanterie wird schnell einr\u00fccken, die Kontrolle \u00fcber den Planeten zur\u00fcckgewinnen und alles zerschlagen, was mehr als zwei Beine hat. Nehmen Sie an dieser aufregenden Milit\u00e4rkampagne teil, treffen Sie einzigartige Charaktere, sehen Sie erstaunliche Orte und erleben Sie den heldenhaften Krieg gegen den Bug.<\/p>\n<h2 class=\"bb_tag\">Taktiken und Zahlen<\/h2>\n<p>W\u00e4hrend die Spinnentiere auf praktisch unbegrenzte Zahlen zur\u00fcckgreifen k\u00f6nnen, muss die mobile Infanterie wirksame Taktiken entwickeln, um dieses Ungleichgewicht zu \u00fcberwinden. Setzen Sie Ihre Einheiten an strategischen Standorten ein, um wichtige Engp\u00e4sse abzudecken und durch den taktischen Einsatz von H\u00f6henlagen \u00fcberlegene Feuerkraft zu erlangen. Seien Sie jedoch vorsichtig, dass Kampfmechaniken wie \u201eTrue Line of Sight\u201c und \u201eTrue Line of Fire\u201c es Bugs auch erm\u00f6glichen, Hinterhalte hinter jeder Ecke zu legen, da sie f\u00fcr ihre \u00dcberraschungsangriffe und T\u00e4uschungsman\u00f6ver bekannt sind.<\/p>\n<h2 class=\"bb_tag\">Einheiten und F\u00e4higkeiten<\/h2>\n<p>Ihnen steht eine umfangreiche Auswahl einzigartiger Einheiten zur Verf\u00fcgung, jede mit ihren eigenen St\u00e4rken, Schw\u00e4chen und freischaltbaren Elitef\u00e4higkeiten. Trupps von Rifle Troopers bilden beispielsweise die Hauptst\u00fctze Ihrer Streitkr\u00e4fte und k\u00f6nnen \u201eSchrotflintenunterdr\u00fcckung\u201c oder \u201eBoom-B\u00fcndel\u201c nutzen, wenn sie die Elite-Erfahrungsstufe erreichen. Raketentruppen hingegen sind Spezialisten, die verschiedene Arten t\u00f6dlicher Kampfmittel einsetzen, von panzerbrechenden und hochexplosiven Sprengk\u00f6pfen bis hin zu Brand- und Kanisternutzlasten.<br \/>\nIm Verlauf einer Kampagne k\u00f6nnen neue Technologiegeb\u00e4ude eingesetzt werden, um das wahre Potenzial des Arsenals der F\u00f6deration mit E-Pulse-Gewehren, TAC Fighter-Luftangriffen, schwer bewaffneten Marauder-Zweibeinfahrzeugen und vielen weiteren Entwicklungen auszusch\u00f6pfen, die f\u00fcr das Verspr\u00fchen von Insektensekret \u00fcber das Schlachtfeld optimiert sind.<\/p>\n<h2 class=\"bb_tag\">Hauptmerkmale<\/h2>\n<ul class=\"bb_ul\">\n<li>Eine fesselnde Storyline-Kampagne mit einzigartigen Missionen, Charakteren und viel Starship Troopers-Flair.<\/li>\n<li>Dutzende einzigartige Einheitentypen, jeder mit seinen eigenen Spezialf\u00e4higkeiten.<\/li>\n<li>Gel\u00e4ndeh\u00f6he, True Line of Sight und True Line of Fire sorgen f\u00fcr tiefgreifendes taktisches Gameplay.<\/li>\n<li>Erobern und halten Sie wichtige Radiosender, errichten Sie Verteidigungsanlagen, um Angriffe von Spinnentieren abzuwehren, und errichten Sie Technologiegeb\u00e4ude, um neue Waffen freizuschalten.<\/li>\n<li>Heldentaten, Explosionen, Blut und K\u00e4fer. Viele Bugs.<\/li>\n<\/ul>\n<\/div>\n<\/div>\n<\/div>\n<div class=\"game_page_autocollapse_ctn\">\n<div class=\"game_page_autocollapse sys_req\">\n<h2><iframe title=\"YouTube-Videoplayer\" data-src=\"https:\/\/www.youtube.com\/embed\/sNCAZJw1AC0\" width=\"560\" height=\"315\" frameborder=\"0\" allowfullscreen=\"allowfullscreen\" src=\"data:image\/svg+xml;base64,PHN2ZyB3aWR0aD0iMSIgaGVpZ2h0PSIxIiB4bWxucz0iaHR0cDovL3d3dy53My5vcmcvMjAwMC9zdmciPjwvc3ZnPg==\" class=\"lazyload\" data-load-mode=\"1\"><\/iframe><\/h2>\n<h2>SYSTEM ANFORDERUNGEN<\/h2>\n<div class=\"sysreq_contents\">\n<div class=\"game_area_sys_req sysreq_content active\" data-os=\"win\">\n<div class=\"game_area_sys_req_leftCol\"><strong>MINIMUM:<\/strong><\/p>\n<ul>\n<li style=\"list-style-type: none;\">\n<ul class=\"bb_ul\">\n<li><strong>Betriebssystem:<\/strong>\u00a064-Bit-Windows 8\/10 (das Spiel l\u00e4uft unter Windows 7, es wird jedoch kein Support bereitgestellt)<\/li>\n<li><strong>Prozessor:<\/strong>\u00a0Intel Core i5 oder gleichwertig<\/li>\n<li><strong>Erinnerung:<\/strong>\u00a08 GB Arbeitsspeicher<\/li>\n<li><strong>Grafik:<\/strong>\u00a0GeForce GTX 1050\/ Radeon RX 560<\/li>\n<li><strong>DirectX:<\/strong>\u00a0Version 9.0<\/li>\n<li><strong>Lagerung:<\/strong>\u00a010 GB verf\u00fcgbarer Speicherplatz<\/li>\n<\/ul>\n<\/li>\n<\/ul>\n<\/div>\n<div class=\"game_area_sys_req_rightCol\"><strong>EMPFOHLEN:<\/strong><\/p>\n<ul>\n<li style=\"list-style-type: none;\">\n<ul class=\"bb_ul\">\n<li><strong>Betriebssystem:<\/strong>\u00a0Windows 10, Windows 11<\/li>\n<li><strong>Prozessor:<\/strong>\u00a0Intel Core i7 oder gleichwertig<\/li>\n<li><strong>Erinnerung:<\/strong>\u00a016 GB RAM<\/li>\n<li><strong>Grafik:<\/strong>\u00a0Geforce GTX 1070 oder gleichwertig<\/li>\n<li><strong>DirectX:<\/strong>\u00a0Version 9.0<\/li>\n<li><strong>Lagerung:<\/strong>\u00a010 GB verf\u00fcgbarer Speicherplatz<\/li>\n<\/ul>\n<\/li>\n<\/ul>\n<\/div>\n<\/div>\n<\/div>\n<\/div>\n<\/div>","protected":false},"excerpt":{"rendered":"<p>Starship Troopers: Terran Command\u00a0is a thrilling real-time strategy game set in the Starship Troopers movies universe. Take command of the Mobile Infantry and do your part in the war against the Arachnid threat. Build, develop and control your armies to strike an effective balance between tactical superiority and strength in numbers. Ensure that human civilization, [&hellip;]<\/p>\n","protected":false},"featured_media":1343,"comment_status":"closed","ping_status":"closed","template":"","meta":{"_crdt_document":"","jetpack_post_was_ever_published":true,"jetpack_publicize_message":"","jetpack_publicize_feature_enabled":true,"jetpack_social_post_already_shared":false,"jetpack_social_options":{"image_generator_settings":{"template":"highway","default_image_id":0,"font":"","enabled":false},"version":2},"_wpas_customize_per_network":false},"product_brand":[],"product_cat":[1375],"product_tag":[],"class_list":{"0":"post-670","1":"product","2":"type-product","3":"status-publish","4":"has-post-thumbnail","6":"product_cat-pc","8":"first","9":"outofstock","10":"sale","11":"taxable","12":"shipping-taxable","13":"purchasable","14":"product-type-variable","15":"has-default-attributes"},"yoast_head":"<!-- This site is optimized with the Yoast SEO Premium plugin v27.3 (Yoast SEO v27.3) - https:\/\/yoast.com\/product\/yoast-seo-premium-wordpress\/ -->\n<title>Starship Troopers: Terran Command - EnderG<\/title>\n<meta name=\"robots\" content=\"index, follow, max-snippet:-1, max-image-preview:large, max-video-preview:-1\" \/>\n<link rel=\"canonical\" href=\"https:\/\/enderg.com\/de\/product\/starship-troopers-terran-command\/\" \/>\n<meta property=\"og:locale\" content=\"de_DE\" \/>\n<meta property=\"og:type\" content=\"article\" \/>\n<meta property=\"og:title\" content=\"Starship Troopers: Terran Command\" \/>\n<meta property=\"og:description\" content=\"Starship Troopers: Terran Command\u00a0is a thrilling real-time strategy game set in the Starship Troopers movies universe. Take command of the Mobile Infantry and do your part in the war against the Arachnid threat. Build, develop and control your armies to strike an effective balance between tactical superiority and strength in numbers. Ensure that human civilization, [&hellip;]\" \/>\n<meta property=\"og:url\" content=\"https:\/\/enderg.com\/de\/product\/starship-troopers-terran-command\/\" \/>\n<meta property=\"og:site_name\" content=\"EnderG\" \/>\n<meta property=\"article:publisher\" content=\"https:\/\/www.facebook.com\/Endergg1\/\" \/>\n<meta property=\"article:modified_time\" content=\"2024-06-25T22:32:38+00:00\" \/>\n<meta property=\"og:image\" content=\"https:\/\/enderg.com\/wp-content\/uploads\/2022\/08\/Starship-Troopers-Terran-Command.jpg\" \/>\n\t<meta property=\"og:image:width\" content=\"1000\" \/>\n\t<meta property=\"og:image:height\" content=\"1000\" \/>\n\t<meta property=\"og:image:type\" content=\"image\/jpeg\" \/>\n<meta name=\"twitter:card\" content=\"summary_large_image\" \/>\n<meta name=\"twitter:label1\" content=\"Gesch\u00e4tzte Lesezeit\" \/>\n\t<meta name=\"twitter:data1\" content=\"2\u00a0Minuten\" \/>\n<script type=\"application\/ld+json\" class=\"yoast-schema-graph\">{\"@context\":\"https:\\\/\\\/schema.org\",\"@graph\":[{\"@type\":\"WebPage\",\"@id\":\"https:\\\/\\\/enderg.com\\\/product\\\/starship-troopers-terran-command\\\/\",\"url\":\"https:\\\/\\\/enderg.com\\\/product\\\/starship-troopers-terran-command\\\/\",\"name\":\"Starship Troopers: Terran Command - EnderG\",\"isPartOf\":{\"@id\":\"https:\\\/\\\/enderg.com\\\/#website\"},\"primaryImageOfPage\":{\"@id\":\"https:\\\/\\\/enderg.com\\\/product\\\/starship-troopers-terran-command\\\/#primaryimage\"},\"image\":{\"@id\":\"https:\\\/\\\/enderg.com\\\/product\\\/starship-troopers-terran-command\\\/#primaryimage\"},\"thumbnailUrl\":\"https:\\\/\\\/i0.wp.com\\\/enderg.com\\\/wp-content\\\/uploads\\\/2022\\\/08\\\/Starship-Troopers-Terran-Command.jpg?fit=1000%2C1000&ssl=1\",\"datePublished\":\"2023-09-08T14:08:53+00:00\",\"dateModified\":\"2024-06-25T22:32:38+00:00\",\"breadcrumb\":{\"@id\":\"https:\\\/\\\/enderg.com\\\/product\\\/starship-troopers-terran-command\\\/#breadcrumb\"},\"inLanguage\":\"de\",\"potentialAction\":[{\"@type\":\"ReadAction\",\"target\":[\"https:\\\/\\\/enderg.com\\\/product\\\/starship-troopers-terran-command\\\/\"]}]},{\"@type\":\"ImageObject\",\"inLanguage\":\"de\",\"@id\":\"https:\\\/\\\/enderg.com\\\/product\\\/starship-troopers-terran-command\\\/#primaryimage\",\"url\":\"https:\\\/\\\/i0.wp.com\\\/enderg.com\\\/wp-content\\\/uploads\\\/2022\\\/08\\\/Starship-Troopers-Terran-Command.jpg?fit=1000%2C1000&ssl=1\",\"contentUrl\":\"https:\\\/\\\/i0.wp.com\\\/enderg.com\\\/wp-content\\\/uploads\\\/2022\\\/08\\\/Starship-Troopers-Terran-Command.jpg?fit=1000%2C1000&ssl=1\",\"width\":1000,\"height\":1000},{\"@type\":\"BreadcrumbList\",\"@id\":\"https:\\\/\\\/enderg.com\\\/product\\\/starship-troopers-terran-command\\\/#breadcrumb\",\"itemListElement\":[{\"@type\":\"ListItem\",\"position\":1,\"name\":\"Home\",\"item\":\"https:\\\/\\\/enderg.com\\\/\"},{\"@type\":\"ListItem\",\"position\":2,\"name\":\"Shop\",\"item\":\"https:\\\/\\\/enderg.com\\\/shop\\\/\"},{\"@type\":\"ListItem\",\"position\":3,\"name\":\"Starship Troopers: Terran Command\"}]},{\"@type\":\"WebSite\",\"@id\":\"https:\\\/\\\/enderg.com\\\/#website\",\"url\":\"https:\\\/\\\/enderg.com\\\/\",\"name\":\"EnderG\",\"description\":\"Cheaper Is What We Do!\",\"publisher\":{\"@id\":\"https:\\\/\\\/enderg.com\\\/#organization\"},\"potentialAction\":[{\"@type\":\"SearchAction\",\"target\":{\"@type\":\"EntryPoint\",\"urlTemplate\":\"https:\\\/\\\/enderg.com\\\/?s={search_term_string}\"},\"query-input\":{\"@type\":\"PropertyValueSpecification\",\"valueRequired\":true,\"valueName\":\"search_term_string\"}}],\"inLanguage\":\"de\"},{\"@type\":\"Organization\",\"@id\":\"https:\\\/\\\/enderg.com\\\/#organization\",\"name\":\"EnderG\",\"url\":\"https:\\\/\\\/enderg.com\\\/\",\"logo\":{\"@type\":\"ImageObject\",\"inLanguage\":\"de\",\"@id\":\"https:\\\/\\\/enderg.com\\\/#\\\/schema\\\/logo\\\/image\\\/\",\"url\":\"https:\\\/\\\/enderg.com\\\/wp-content\\\/uploads\\\/2023\\\/03\\\/222222222221.png\",\"contentUrl\":\"https:\\\/\\\/enderg.com\\\/wp-content\\\/uploads\\\/2023\\\/03\\\/222222222221.png\",\"width\":512,\"height\":512,\"caption\":\"EnderG\"},\"image\":{\"@id\":\"https:\\\/\\\/enderg.com\\\/#\\\/schema\\\/logo\\\/image\\\/\"},\"sameAs\":[\"https:\\\/\\\/www.facebook.com\\\/Endergg1\\\/\",\"https:\\\/\\\/www.instagram.com\\\/enderg01\",\"https:\\\/\\\/www.youtube.com\\\/@enderg-com\"],\"description\":\"Cheaper Gaming is what we do!\",\"legalName\":\"Vandar Limited\",\"foundingDate\":\"2022-06-21\"}]}<\/script>\n<!-- \/ Yoast SEO Premium plugin. -->","yoast_head_json":{"title":"Starship Troopers: Terran Command - EnderG","robots":{"index":"index","follow":"follow","max-snippet":"max-snippet:-1","max-image-preview":"max-image-preview:large","max-video-preview":"max-video-preview:-1"},"canonical":"https:\/\/enderg.com\/de\/product\/starship-troopers-terran-command\/","og_locale":"de_DE","og_type":"article","og_title":"Starship Troopers: Terran Command","og_description":"Starship Troopers: Terran Command\u00a0is a thrilling real-time strategy game set in the Starship Troopers movies universe. Take command of the Mobile Infantry and do your part in the war against the Arachnid threat. Build, develop and control your armies to strike an effective balance between tactical superiority and strength in numbers. Ensure that human civilization, [&hellip;]","og_url":"https:\/\/enderg.com\/de\/product\/starship-troopers-terran-command\/","og_site_name":"EnderG","article_publisher":"https:\/\/www.facebook.com\/Endergg1\/","article_modified_time":"2024-06-25T22:32:38+00:00","og_image":[{"width":1000,"height":1000,"url":"https:\/\/enderg.com\/wp-content\/uploads\/2022\/08\/Starship-Troopers-Terran-Command.jpg","type":"image\/jpeg"}],"twitter_card":"summary_large_image","twitter_misc":{"Gesch\u00e4tzte Lesezeit":"2\u00a0Minuten"},"schema":{"@context":"https:\/\/schema.org","@graph":[{"@type":"WebPage","@id":"https:\/\/enderg.com\/product\/starship-troopers-terran-command\/","url":"https:\/\/enderg.com\/product\/starship-troopers-terran-command\/","name":"Starship Troopers: Terran Command - EnderG","isPartOf":{"@id":"https:\/\/enderg.com\/#website"},"primaryImageOfPage":{"@id":"https:\/\/enderg.com\/product\/starship-troopers-terran-command\/#primaryimage"},"image":{"@id":"https:\/\/enderg.com\/product\/starship-troopers-terran-command\/#primaryimage"},"thumbnailUrl":"https:\/\/i0.wp.com\/enderg.com\/wp-content\/uploads\/2022\/08\/Starship-Troopers-Terran-Command.jpg?fit=1000%2C1000&ssl=1","datePublished":"2023-09-08T14:08:53+00:00","dateModified":"2024-06-25T22:32:38+00:00","breadcrumb":{"@id":"https:\/\/enderg.com\/product\/starship-troopers-terran-command\/#breadcrumb"},"inLanguage":"de","potentialAction":[{"@type":"ReadAction","target":["https:\/\/enderg.com\/product\/starship-troopers-terran-command\/"]}]},{"@type":"ImageObject","inLanguage":"de","@id":"https:\/\/enderg.com\/product\/starship-troopers-terran-command\/#primaryimage","url":"https:\/\/i0.wp.com\/enderg.com\/wp-content\/uploads\/2022\/08\/Starship-Troopers-Terran-Command.jpg?fit=1000%2C1000&ssl=1","contentUrl":"https:\/\/i0.wp.com\/enderg.com\/wp-content\/uploads\/2022\/08\/Starship-Troopers-Terran-Command.jpg?fit=1000%2C1000&ssl=1","width":1000,"height":1000},{"@type":"BreadcrumbList","@id":"https:\/\/enderg.com\/product\/starship-troopers-terran-command\/#breadcrumb","itemListElement":[{"@type":"ListItem","position":1,"name":"Home","item":"https:\/\/enderg.com\/"},{"@type":"ListItem","position":2,"name":"Shop","item":"https:\/\/enderg.com\/shop\/"},{"@type":"ListItem","position":3,"name":"Starship Troopers: Terran Command"}]},{"@type":"WebSite","@id":"https:\/\/enderg.com\/#website","url":"https:\/\/enderg.com\/","name":"EnderG","description":"Billiger ist unser Ding!","publisher":{"@id":"https:\/\/enderg.com\/#organization"},"potentialAction":[{"@type":"SearchAction","target":{"@type":"EntryPoint","urlTemplate":"https:\/\/enderg.com\/?s={search_term_string}"},"query-input":{"@type":"PropertyValueSpecification","valueRequired":true,"valueName":"search_term_string"}}],"inLanguage":"de"},{"@type":"Organization","@id":"https:\/\/enderg.com\/#organization","name":"EnderG","url":"https:\/\/enderg.com\/","logo":{"@type":"ImageObject","inLanguage":"de","@id":"https:\/\/enderg.com\/#\/schema\/logo\/image\/","url":"https:\/\/enderg.com\/wp-content\/uploads\/2023\/03\/222222222221.png","contentUrl":"https:\/\/enderg.com\/wp-content\/uploads\/2023\/03\/222222222221.png","width":512,"height":512,"caption":"EnderG"},"image":{"@id":"https:\/\/enderg.com\/#\/schema\/logo\/image\/"},"sameAs":["https:\/\/www.facebook.com\/Endergg1\/","https:\/\/www.instagram.com\/enderg01","https:\/\/www.youtube.com\/@enderg-com"],"description":"G\u00fcnstiges Gaming ist unsere Spezialit\u00e4t!","legalName":"Vandar Limited","foundingDate":"2022-06-21"}]}},"jetpack_publicize_connections":[],"jetpack_likes_enabled":true,"jetpack_sharing_enabled":true,"jetpack-related-posts":[{"id":2135,"url":"https:\/\/enderg.com\/de\/product\/hell-let-loose\/","url_meta":{"origin":670,"position":0},"title":"Die H\u00f6lle loslassen","author":"H722","date":"08\/08\/2022","format":false,"excerpt":"Fast Delivery Delivery can take 5 to 20 minutes, according to your place in our queueYour Order will be \u2018Auto Refunded\u2019 in case it does not get delivered after 12 hours! How To Activate 1- Open up a VPN and connect to the server specified in your email after placing\u2026","rel":"","context":"\u00c4hnlicher Beitrag","block_context":{"text":"\u00c4hnlicher Beitrag","link":""},"img":{"alt_text":"","src":"https:\/\/i0.wp.com\/enderg.com\/wp-content\/uploads\/2022\/08\/hell-let-loose-pc-game-steam-cover.jpg?fit=863%2C1200&ssl=1&resize=350%2C200","width":350,"height":200,"srcset":"https:\/\/i0.wp.com\/enderg.com\/wp-content\/uploads\/2022\/08\/hell-let-loose-pc-game-steam-cover.jpg?fit=863%2C1200&ssl=1&resize=350%2C200 1x, https:\/\/i0.wp.com\/enderg.com\/wp-content\/uploads\/2022\/08\/hell-let-loose-pc-game-steam-cover.jpg?fit=863%2C1200&ssl=1&resize=525%2C300 1.5x, https:\/\/i0.wp.com\/enderg.com\/wp-content\/uploads\/2022\/08\/hell-let-loose-pc-game-steam-cover.jpg?fit=863%2C1200&ssl=1&resize=700%2C400 2x"},"classes":[]},{"id":71458,"url":"https:\/\/enderg.com\/de\/product\/battlefield-6\/","url_meta":{"origin":670,"position":1},"title":"Battlefield 6","author":"nazhad722","date":"04\/11\/2025","format":false,"excerpt":"Get Battlefield 6 at the Best and Cheapest Price on the market right now. How To Activate Upon Delivery you will receive the \u2018Subscription\u2019 or \u2018Game\u2019 you ordered, but needs to be activated by adding an account to your console\/PC and then play from your personal account or any other\u2026","rel":"","context":"\u00c4hnlicher Beitrag","block_context":{"text":"\u00c4hnlicher Beitrag","link":""},"img":{"alt_text":"Battlefield 6","src":"https:\/\/i0.wp.com\/enderg.com\/wp-content\/uploads\/2025\/11\/Buy-Battlefield-6-Best-price.webp?fit=666%2C1000&ssl=1&resize=350%2C200","width":350,"height":200,"srcset":"https:\/\/i0.wp.com\/enderg.com\/wp-content\/uploads\/2025\/11\/Buy-Battlefield-6-Best-price.webp?fit=666%2C1000&ssl=1&resize=350%2C200 1x, https:\/\/i0.wp.com\/enderg.com\/wp-content\/uploads\/2025\/11\/Buy-Battlefield-6-Best-price.webp?fit=666%2C1000&ssl=1&resize=525%2C300 1.5x"},"classes":[]},{"id":561,"url":"https:\/\/enderg.com\/de\/product\/no-mans-sky\/","url_meta":{"origin":670,"position":2},"title":"No Man&#039;s Sky","author":"H722","date":"07\/08\/2022","format":false,"excerpt":"Fast Delivery Delivery can take 5 to 20 minutes, according to your place in our queueYour Order will be \u2018Auto Refunded\u2019 in case it does not get delivered after 12 hours! How To Activate 1- Open up a VPN and connect to the server specified in your email after placing\u2026","rel":"","context":"\u00c4hnlicher Beitrag","block_context":{"text":"\u00c4hnlicher Beitrag","link":""},"img":{"alt_text":"","src":"https:\/\/i0.wp.com\/enderg.com\/wp-content\/uploads\/2022\/08\/eI2Tlow1kqE5KP5qBMdQprbb.jpg?fit=1024%2C1024&ssl=1&resize=350%2C200","width":350,"height":200,"srcset":"https:\/\/i0.wp.com\/enderg.com\/wp-content\/uploads\/2022\/08\/eI2Tlow1kqE5KP5qBMdQprbb.jpg?fit=1024%2C1024&ssl=1&resize=350%2C200 1x, https:\/\/i0.wp.com\/enderg.com\/wp-content\/uploads\/2022\/08\/eI2Tlow1kqE5KP5qBMdQprbb.jpg?fit=1024%2C1024&ssl=1&resize=525%2C300 1.5x, https:\/\/i0.wp.com\/enderg.com\/wp-content\/uploads\/2022\/08\/eI2Tlow1kqE5KP5qBMdQprbb.jpg?fit=1024%2C1024&ssl=1&resize=700%2C400 2x"},"classes":[]},{"id":660,"url":"https:\/\/enderg.com\/de\/product\/rust-console-edition-xbox\/","url_meta":{"origin":670,"position":3},"title":"Rust Console Edition \u201eXBOX\u201c","author":"H722","date":"07\/08\/2022","format":false,"excerpt":"Fast Delivery Delivery can take 5 to 20 minutes, according to your place in our queueYour Order will be \u2018Auto Refunded\u2019 in case it does not get delivered after 12 hours! How To Activate 1- Open up a VPN and connect to the server specified in your email after placing\u2026","rel":"","context":"\u00c4hnlicher Beitrag","block_context":{"text":"\u00c4hnlicher Beitrag","link":""},"img":{"alt_text":"","src":"https:\/\/i0.wp.com\/enderg.com\/wp-content\/uploads\/2022\/08\/263490_IGDB-272x380_f54b4b4f-b81c-4d9d-8445-1582cdf6bd4f.jpg?fit=272%2C380&ssl=1&resize=350%2C200","width":350,"height":200},"classes":[]},{"id":566,"url":"https:\/\/enderg.com\/de\/product\/outriders-worldslayer\/","url_meta":{"origin":670,"position":4},"title":"OUTRIDERS WORLDSLAYER","author":"H722","date":"07\/08\/2022","format":false,"excerpt":"Fast Delivery Delivery can take 5 to 20 minutes, according to your place in our queueYour Order will be \u2018Auto Refunded\u2019 in case it does not get delivered after 12 hours! How To Activate 1- Open up a VPN and connect to the server specified in your email after placing\u2026","rel":"","context":"\u00c4hnlicher Beitrag","block_context":{"text":"\u00c4hnlicher Beitrag","link":""},"img":{"alt_text":"","src":"https:\/\/i0.wp.com\/enderg.com\/wp-content\/uploads\/2022\/08\/outriders-worldslayer_xnqh.jpg?fit=1200%2C1200&ssl=1&resize=350%2C200","width":350,"height":200,"srcset":"https:\/\/i0.wp.com\/enderg.com\/wp-content\/uploads\/2022\/08\/outriders-worldslayer_xnqh.jpg?fit=1200%2C1200&ssl=1&resize=350%2C200 1x, https:\/\/i0.wp.com\/enderg.com\/wp-content\/uploads\/2022\/08\/outriders-worldslayer_xnqh.jpg?fit=1200%2C1200&ssl=1&resize=525%2C300 1.5x, https:\/\/i0.wp.com\/enderg.com\/wp-content\/uploads\/2022\/08\/outriders-worldslayer_xnqh.jpg?fit=1200%2C1200&ssl=1&resize=700%2C400 2x, https:\/\/i0.wp.com\/enderg.com\/wp-content\/uploads\/2022\/08\/outriders-worldslayer_xnqh.jpg?fit=1200%2C1200&ssl=1&resize=1050%2C600 3x"},"classes":[]},{"id":653,"url":"https:\/\/enderg.com\/de\/product\/risk-of-rain-2-xbox\/","url_meta":{"origin":670,"position":5},"title":"Regengefahr 2 &#039;XBOX&#039;","author":"H722","date":"07\/08\/2022","format":false,"excerpt":"Fast Delivery Delivery can take 5 to 20 minutes, according to your place in our queueYour Order will be \u2018Auto Refunded\u2019 in case it does not get delivered after 12 hours! How To Activate 1- Open up a VPN and connect to the server specified in your email after placing\u2026","rel":"","context":"\u00c4hnlicher Beitrag","block_context":{"text":"\u00c4hnlicher Beitrag","link":""},"img":{"alt_text":"","src":"https:\/\/i0.wp.com\/enderg.com\/wp-content\/uploads\/2022\/08\/new_project_11_57bca91d-32ad-4493-a790-18e374a43e20.jpg?fit=500%2C706&ssl=1&resize=350%2C200","width":350,"height":200},"classes":[]}],"_links":{"self":[{"href":"https:\/\/enderg.com\/de\/wp-json\/wp\/v2\/product\/670","targetHints":{"allow":["GET"]}}],"collection":[{"href":"https:\/\/enderg.com\/de\/wp-json\/wp\/v2\/product"}],"about":[{"href":"https:\/\/enderg.com\/de\/wp-json\/wp\/v2\/types\/product"}],"replies":[{"embeddable":true,"href":"https:\/\/enderg.com\/de\/wp-json\/wp\/v2\/comments?post=670"}],"version-history":[{"count":3,"href":"https:\/\/enderg.com\/de\/wp-json\/wp\/v2\/product\/670\/revisions"}],"predecessor-version":[{"id":1621,"href":"https:\/\/enderg.com\/de\/wp-json\/wp\/v2\/product\/670\/revisions\/1621"}],"wp:featuredmedia":[{"embeddable":true,"href":"https:\/\/enderg.com\/de\/wp-json\/wp\/v2\/media\/1343"}],"wp:attachment":[{"href":"https:\/\/enderg.com\/de\/wp-json\/wp\/v2\/media?parent=670"}],"wp:term":[{"taxonomy":"product_brand","embeddable":true,"href":"https:\/\/enderg.com\/de\/wp-json\/wp\/v2\/product_brand?post=670"},{"taxonomy":"product_cat","embeddable":true,"href":"https:\/\/enderg.com\/de\/wp-json\/wp\/v2\/product_cat?post=670"},{"taxonomy":"product_tag","embeddable":true,"href":"https:\/\/enderg.com\/de\/wp-json\/wp\/v2\/product_tag?post=670"}],"curies":[{"name":"wp","href":"https:\/\/api.w.org\/{rel}","templated":true}]}}