{"id":5910,"date":"2023-03-21T03:36:34","date_gmt":"2023-03-21T00:36:34","guid":{"rendered":"https:\/\/enderg.com\/?post_type=product&#038;p=5910"},"modified":"2024-06-26T01:35:09","modified_gmt":"2024-06-25T22:35:09","slug":"resident-evil-4-2","status":"publish","type":"product","link":"https:\/\/enderg.com\/de\/product\/resident-evil-4-2\/","title":{"rendered":"Resident Evil 4"},"content":{"rendered":"<div data-elementor-type=\"wp-post\" data-elementor-id=\"5910\" class=\"elementor elementor-5910\" data-elementor-post-type=\"product\">\n\t\t\t\t\t\t<section class=\"elementor-section elementor-top-section elementor-element elementor-element-4ddfe55a elementor-section-boxed elementor-section-height-default elementor-section-height-default\" data-id=\"4ddfe55a\" data-element_type=\"section\" data-e-type=\"section\">\n\t\t\t\t\t\t<div class=\"elementor-container elementor-column-gap-default\">\n\t\t\t\t\t<div class=\"elementor-column elementor-col-100 elementor-top-column elementor-element elementor-element-5848db61\" data-id=\"5848db61\" data-element_type=\"column\" data-e-type=\"column\">\n\t\t\t<div class=\"elementor-widget-wrap elementor-element-populated\">\n\t\t\t\t\t\t<div class=\"elementor-element elementor-element-5754bf95 elementor-widget elementor-widget-accordion\" data-id=\"5754bf95\" data-element_type=\"widget\" data-e-type=\"widget\" data-widget_type=\"accordion.default\">\n\t\t\t\t<div class=\"elementor-widget-container\">\n\t\t\t\t\t\t\t<div class=\"elementor-accordion\">\n\t\t\t\t\t\t\t<div class=\"elementor-accordion-item\">\n\t\t\t\t\t<h4 id=\"elementor-tab-title-1461\" class=\"elementor-tab-title\" data-tab=\"1\" role=\"button\" aria-controls=\"elementor-tab-content-1461\" aria-expanded=\"false\">\n\t\t\t\t\t\t\t\t\t\t\t\t\t<span class=\"elementor-accordion-icon elementor-accordion-icon-left\" aria-hidden=\"true\">\n\t\t\t\t\t\t\t\t\t\t\t\t\t\t\t<span class=\"elementor-accordion-icon-closed\"><i class=\"fas fa-truck\"><\/i><\/span>\n\t\t\t\t\t\t\t\t<span class=\"elementor-accordion-icon-opened\"><i class=\"fas fa-truck\"><\/i><\/span>\n\t\t\t\t\t\t\t\t\t\t\t\t\t\t<\/span>\n\t\t\t\t\t\t\t\t\t\t\t\t<a class=\"elementor-accordion-title\" tabindex=\"0\">Schnelle Lieferung<\/a>\n\t\t\t\t\t<\/h4>\n\t\t\t\t\t<div id=\"elementor-tab-content-1461\" class=\"elementor-tab-content elementor-clearfix\" data-tab=\"1\" role=\"region\" aria-labelledby=\"elementor-tab-title-1461\"><p>Die Lieferung kann je nach Platz in unserer Warteschlange 5 bis 20 Minuten dauern<\/p><p>Ihre Bestellung wird automatisch erstattet, falls sie nicht nach 12 Stunden geliefert wird!<\/p><\/div>\n\t\t\t\t<\/div>\n\t\t\t\t\t\t\t\t<\/div>\n\t\t\t\t\t\t<\/div>\n\t\t\t\t<\/div>\n\t\t\t\t<div class=\"elementor-element elementor-element-165f5add elementor-widget elementor-widget-text-editor\" data-id=\"165f5add\" data-element_type=\"widget\" data-e-type=\"widget\" data-widget_type=\"text-editor.default\">\n\t\t\t\t<div class=\"elementor-widget-container\">\n\t\t\t\t\t\t\t\t\t<div class=\"game_page_autocollapse_ctn\"><div id=\"aboutThisGame\" class=\"game_page_autocollapse\" data-panel=\"{&quot;type&quot;:&quot;PanelGroup&quot;}\"><div id=\"game_area_description\" class=\"game_area_description\"><h3>\u00dcBER DIESES SPIEL<\/h3>\u00dcberleben ist nur der Anfang.<br \/><br \/>Sechs Jahre sind seit der biologischen Katastrophe in Raccoon City vergangen.<br \/>Agent Leon S. Kennedy, einer der \u00dcberlebenden des Vorfalls, wurde geschickt, um die entf\u00fchrte Tochter des Pr\u00e4sidenten zu retten.<br \/>Er verfolgt sie zu einem abgelegenen europ\u00e4ischen Dorf, in dem mit den Einheimischen etwas schrecklich nicht stimmt.<br \/>Und der Vorhang hebt sich f\u00fcr diese Geschichte von mutiger Rettung und zerm\u00fcrbendem Horror, in der sich Leben und Tod, Terror und Katharsis \u00fcberschneiden.<br \/><br \/>Mit modernisiertem Gameplay, einer neu gestalteten Handlung und lebendigen, detaillierten Grafiken.<br \/>Resident Evil 4 markiert die Wiedergeburt eines Branchenriesen.<br \/><br \/>Erleben Sie den Albtraum noch einmal, der den Survival-Horror revolutionierte.<\/div><\/div><\/div><div class=\"game_page_autocollapse_ctn\"><div class=\"game_page_autocollapse\"><div id=\"game_area_content_descriptors\" class=\"game_area_description\"><h3>\u00a0<\/h3><h3>BESCHREIBUNG DES AUSGEW\u00c4LTIGEN INHALTS<\/h3><p>Die Entwickler beschreiben den Inhalt so:<\/p><p><i>Dieses Spiel enth\u00e4lt m\u00f6glicherweise Inhalte, die nicht f\u00fcr alle Altersgruppen geeignet sind oder nicht zum Ansehen am Arbeitsplatz geeignet sind: H\u00e4ufige Gewalt oder Gore, allgemeine nicht jugendfreie Inhalte<\/i><\/p><\/div><\/div><\/div><div class=\"game_page_autocollapse_ctn\"><div class=\"game_page_autocollapse sys_req\"><h4><strong>SYSTEM ANFORDERUNGEN<\/strong><\/h4><div class=\"sysreq_contents\"><div class=\"game_area_sys_req sysreq_content active\" data-os=\"win\"><div class=\"game_area_sys_req_leftCol\"><strong>MINIMUM:<\/strong><br \/><ul><li style=\"list-style-type: none;\"><ul class=\"bb_ul\"><li>Erfordert einen 64-Bit-Prozessor und ein Betriebssystem<\/li><li><strong>Betriebssystem:<\/strong>\u00a0Windows 10 (64 Bit)<\/li><li><strong>Prozessor:<\/strong>\u00a0AMD Ryzen 3 1200 \/ Intel Core i5-7500<\/li><li><strong>Erinnerung:<\/strong>\u00a08 GB Arbeitsspeicher<\/li><li><strong>Grafik:<\/strong>\u00a0AMD Radeon RX 560 mit 4 GB VRAM \/ NVIDIA GeForce GTX 1050 Ti mit 4 GB VRAM<\/li><li><strong>DirectX:<\/strong>\u00a0Ausgabe 12<\/li><li><strong>Netzwerk:<\/strong>\u00a0Breitbandinternetverbindung<\/li><li><strong>Zus\u00e4tzliche Bemerkungen:<\/strong>\u00a0Gesch\u00e4tzte Leistung (bei Einstellung \u201eLeistung priorisieren\u201c): 1080p\/45fps.\u30fbDie Framerate kann in grafikintensiven Szenen sinken.\u30fbAMD Radeon RX 6700 XT oder NVIDIA GeForce RTX 2060 zur Unterst\u00fctzung von Raytracing erforderlich.<\/li><\/ul><\/li><\/ul><\/div><div class=\"game_area_sys_req_rightCol\"><strong>EMPFOHLEN:<\/strong><br \/><ul><li style=\"list-style-type: none;\"><ul class=\"bb_ul\"><li>Erfordert einen 64-Bit-Prozessor und ein Betriebssystem<\/li><li><strong>Betriebssystem:<\/strong>\u00a0Windows 10 (64 Bit)\/Windows 11 (64 Bit)<\/li><li><strong>Prozessor:<\/strong>\u00a0AMD Ryzen 5 3600 \/ Intel Core i7 8700<\/li><li><strong>Erinnerung:<\/strong>\u00a016 GB RAM<\/li><li><strong>Grafik:<\/strong>\u00a0AMD Radeon RX 5700 \/ NVIDIA GeForce GTX 1070<\/li><li><strong>DirectX:<\/strong>\u00a0Ausgabe 12<\/li><li><strong>Netzwerk:<\/strong>\u00a0Breitbandinternetverbindung<\/li><li><strong>Zus\u00e4tzliche Bemerkungen:<\/strong>\u00a0Gesch\u00e4tzte Leistung: 1080p\/60fps \u30fbDie Bildrate kann in grafikintensiven Szenen sinken.\u30fbAMD Radeon RX 6700 XT oder NVIDIA GeForce RTX 2070 zur Unterst\u00fctzung von Raytracing erforderlich.<\/li><\/ul><\/li><\/ul><\/div><\/div><\/div><\/div><\/div>\t\t\t\t\t\t\t\t<\/div>\n\t\t\t\t<\/div>\n\t\t\t\t\t<\/div>\n\t\t<\/div>\n\t\t\t\t\t<\/div>\n\t\t<\/section>\n\t\t\t\t<\/div>","protected":false},"excerpt":{"rendered":"<p>Fast Delivery Delivery can take 5 to 20 minutes, according to your place in our queue Your Order will be \u2018Auto Refunded\u2019 in case it does not get delivered after 12 hours! ABOUT THIS GAME Survival is just the beginning. Six years have passed since the biological disaster in Raccoon City.Agent Leon S. Kennedy, one [&hellip;]<\/p>\n","protected":false},"featured_media":5988,"comment_status":"open","ping_status":"closed","template":"","meta":{"_crdt_document":"","jetpack_publicize_message":"","jetpack_publicize_feature_enabled":true,"jetpack_social_post_already_shared":true,"jetpack_social_options":{"image_generator_settings":{"template":"highway","default_image_id":0,"font":"","enabled":false},"version":2},"_wpas_customize_per_network":false},"product_brand":[],"product_cat":[1375,1377,1374],"product_tag":[],"class_list":{"0":"post-5910","1":"product","2":"type-product","3":"status-publish","4":"has-post-thumbnail","6":"product_cat-pc","7":"product_cat-playstation","8":"product_cat-xbox","10":"first","11":"outofstock","12":"sale","13":"taxable","14":"shipping-taxable","15":"purchasable","16":"product-type-variable","17":"has-default-attributes"},"yoast_head":"<!-- This site is optimized with the Yoast SEO Premium plugin v27.4 (Yoast SEO v27.4) - https:\/\/yoast.com\/product\/yoast-seo-premium-wordpress\/ -->\n<title>Resident Evil 4 - EnderG<\/title>\n<meta name=\"robots\" content=\"index, follow, max-snippet:-1, max-image-preview:large, max-video-preview:-1\" \/>\n<link rel=\"canonical\" href=\"https:\/\/enderg.com\/de\/product\/resident-evil-4-2\/\" \/>\n<meta property=\"og:locale\" content=\"de_DE\" \/>\n<meta property=\"og:type\" content=\"article\" \/>\n<meta property=\"og:title\" content=\"Resident Evil 4\" \/>\n<meta property=\"og:description\" content=\"Fast Delivery Delivery can take 5 to 20 minutes, according to your place in our queue Your Order will be \u2018Auto Refunded\u2019 in case it does not get delivered after 12 hours! ABOUT THIS GAME Survival is just the beginning. Six years have passed since the biological disaster in Raccoon City.Agent Leon S. Kennedy, one [&hellip;]\" \/>\n<meta property=\"og:url\" content=\"https:\/\/enderg.com\/de\/product\/resident-evil-4-2\/\" \/>\n<meta property=\"og:site_name\" content=\"EnderG\" \/>\n<meta property=\"article:publisher\" content=\"https:\/\/www.facebook.com\/Endergg1\/\" \/>\n<meta property=\"article:modified_time\" content=\"2024-06-25T22:35:09+00:00\" \/>\n<meta property=\"og:image\" content=\"https:\/\/i0.wp.com\/enderg.com\/wp-content\/uploads\/2023\/03\/6524186_sd-e1679361015301.jpg?fit=760%2C837&ssl=1\" \/>\n\t<meta property=\"og:image:width\" content=\"760\" \/>\n\t<meta property=\"og:image:height\" content=\"837\" \/>\n\t<meta property=\"og:image:type\" content=\"image\/jpeg\" \/>\n<meta name=\"twitter:card\" content=\"summary_large_image\" \/>\n<meta name=\"twitter:label1\" content=\"Gesch\u00e4tzte Lesezeit\" \/>\n\t<meta name=\"twitter:data1\" content=\"1\u00a0Minute\" \/>\n<script type=\"application\/ld+json\" class=\"yoast-schema-graph\">{\"@context\":\"https:\\\/\\\/schema.org\",\"@graph\":[{\"@type\":\"WebPage\",\"@id\":\"https:\\\/\\\/enderg.com\\\/product\\\/resident-evil-4-2\\\/\",\"url\":\"https:\\\/\\\/enderg.com\\\/product\\\/resident-evil-4-2\\\/\",\"name\":\"Resident Evil 4 - EnderG\",\"isPartOf\":{\"@id\":\"https:\\\/\\\/enderg.com\\\/#website\"},\"primaryImageOfPage\":{\"@id\":\"https:\\\/\\\/enderg.com\\\/product\\\/resident-evil-4-2\\\/#primaryimage\"},\"image\":{\"@id\":\"https:\\\/\\\/enderg.com\\\/product\\\/resident-evil-4-2\\\/#primaryimage\"},\"thumbnailUrl\":\"https:\\\/\\\/i0.wp.com\\\/enderg.com\\\/wp-content\\\/uploads\\\/2023\\\/03\\\/6524186_sd-e1679361015301.jpg?fit=760%2C837&ssl=1\",\"datePublished\":\"2023-03-21T00:36:34+00:00\",\"dateModified\":\"2024-06-25T22:35:09+00:00\",\"breadcrumb\":{\"@id\":\"https:\\\/\\\/enderg.com\\\/product\\\/resident-evil-4-2\\\/#breadcrumb\"},\"inLanguage\":\"de\",\"potentialAction\":[{\"@type\":\"ReadAction\",\"target\":[\"https:\\\/\\\/enderg.com\\\/product\\\/resident-evil-4-2\\\/\"]}]},{\"@type\":\"ImageObject\",\"inLanguage\":\"de\",\"@id\":\"https:\\\/\\\/enderg.com\\\/product\\\/resident-evil-4-2\\\/#primaryimage\",\"url\":\"https:\\\/\\\/i0.wp.com\\\/enderg.com\\\/wp-content\\\/uploads\\\/2023\\\/03\\\/6524186_sd-e1679361015301.jpg?fit=760%2C837&ssl=1\",\"contentUrl\":\"https:\\\/\\\/i0.wp.com\\\/enderg.com\\\/wp-content\\\/uploads\\\/2023\\\/03\\\/6524186_sd-e1679361015301.jpg?fit=760%2C837&ssl=1\",\"width\":760,\"height\":837},{\"@type\":\"BreadcrumbList\",\"@id\":\"https:\\\/\\\/enderg.com\\\/product\\\/resident-evil-4-2\\\/#breadcrumb\",\"itemListElement\":[{\"@type\":\"ListItem\",\"position\":1,\"name\":\"Home\",\"item\":\"https:\\\/\\\/enderg.com\\\/\"},{\"@type\":\"ListItem\",\"position\":2,\"name\":\"Shop\",\"item\":\"https:\\\/\\\/enderg.com\\\/shop\\\/\"},{\"@type\":\"ListItem\",\"position\":3,\"name\":\"Resident Evil 4\"}]},{\"@type\":\"WebSite\",\"@id\":\"https:\\\/\\\/enderg.com\\\/#website\",\"url\":\"https:\\\/\\\/enderg.com\\\/\",\"name\":\"EnderG\",\"description\":\"Cheaper Is What We Do!\",\"publisher\":{\"@id\":\"https:\\\/\\\/enderg.com\\\/#organization\"},\"potentialAction\":[{\"@type\":\"SearchAction\",\"target\":{\"@type\":\"EntryPoint\",\"urlTemplate\":\"https:\\\/\\\/enderg.com\\\/?s={search_term_string}\"},\"query-input\":{\"@type\":\"PropertyValueSpecification\",\"valueRequired\":true,\"valueName\":\"search_term_string\"}}],\"inLanguage\":\"de\"},{\"@type\":\"Organization\",\"@id\":\"https:\\\/\\\/enderg.com\\\/#organization\",\"name\":\"EnderG\",\"url\":\"https:\\\/\\\/enderg.com\\\/\",\"logo\":{\"@type\":\"ImageObject\",\"inLanguage\":\"de\",\"@id\":\"https:\\\/\\\/enderg.com\\\/#\\\/schema\\\/logo\\\/image\\\/\",\"url\":\"https:\\\/\\\/enderg.com\\\/wp-content\\\/uploads\\\/2023\\\/03\\\/222222222221.png\",\"contentUrl\":\"https:\\\/\\\/enderg.com\\\/wp-content\\\/uploads\\\/2023\\\/03\\\/222222222221.png\",\"width\":512,\"height\":512,\"caption\":\"EnderG\"},\"image\":{\"@id\":\"https:\\\/\\\/enderg.com\\\/#\\\/schema\\\/logo\\\/image\\\/\"},\"sameAs\":[\"https:\\\/\\\/www.facebook.com\\\/Endergg1\\\/\",\"https:\\\/\\\/www.instagram.com\\\/enderg01\",\"https:\\\/\\\/www.youtube.com\\\/@enderg-com\"],\"description\":\"Cheaper Gaming is what we do!\",\"legalName\":\"Vandar Limited\",\"foundingDate\":\"2022-06-21\"}]}<\/script>\n<!-- \/ Yoast SEO Premium plugin. -->","yoast_head_json":{"title":"Resident Evil 4 - EnderG","robots":{"index":"index","follow":"follow","max-snippet":"max-snippet:-1","max-image-preview":"max-image-preview:large","max-video-preview":"max-video-preview:-1"},"canonical":"https:\/\/enderg.com\/de\/product\/resident-evil-4-2\/","og_locale":"de_DE","og_type":"article","og_title":"Resident Evil 4","og_description":"Fast Delivery Delivery can take 5 to 20 minutes, according to your place in our queue Your Order will be \u2018Auto Refunded\u2019 in case it does not get delivered after 12 hours! ABOUT THIS GAME Survival is just the beginning. Six years have passed since the biological disaster in Raccoon City.Agent Leon S. Kennedy, one [&hellip;]","og_url":"https:\/\/enderg.com\/de\/product\/resident-evil-4-2\/","og_site_name":"EnderG","article_publisher":"https:\/\/www.facebook.com\/Endergg1\/","article_modified_time":"2024-06-25T22:35:09+00:00","og_image":[{"width":760,"height":837,"url":"https:\/\/i0.wp.com\/enderg.com\/wp-content\/uploads\/2023\/03\/6524186_sd-e1679361015301.jpg?fit=760%2C837&ssl=1","type":"image\/jpeg"}],"twitter_card":"summary_large_image","twitter_misc":{"Gesch\u00e4tzte Lesezeit":"1\u00a0Minute"},"schema":{"@context":"https:\/\/schema.org","@graph":[{"@type":"WebPage","@id":"https:\/\/enderg.com\/product\/resident-evil-4-2\/","url":"https:\/\/enderg.com\/product\/resident-evil-4-2\/","name":"Resident Evil 4 - EnderG","isPartOf":{"@id":"https:\/\/enderg.com\/#website"},"primaryImageOfPage":{"@id":"https:\/\/enderg.com\/product\/resident-evil-4-2\/#primaryimage"},"image":{"@id":"https:\/\/enderg.com\/product\/resident-evil-4-2\/#primaryimage"},"thumbnailUrl":"https:\/\/i0.wp.com\/enderg.com\/wp-content\/uploads\/2023\/03\/6524186_sd-e1679361015301.jpg?fit=760%2C837&ssl=1","datePublished":"2023-03-21T00:36:34+00:00","dateModified":"2024-06-25T22:35:09+00:00","breadcrumb":{"@id":"https:\/\/enderg.com\/product\/resident-evil-4-2\/#breadcrumb"},"inLanguage":"de","potentialAction":[{"@type":"ReadAction","target":["https:\/\/enderg.com\/product\/resident-evil-4-2\/"]}]},{"@type":"ImageObject","inLanguage":"de","@id":"https:\/\/enderg.com\/product\/resident-evil-4-2\/#primaryimage","url":"https:\/\/i0.wp.com\/enderg.com\/wp-content\/uploads\/2023\/03\/6524186_sd-e1679361015301.jpg?fit=760%2C837&ssl=1","contentUrl":"https:\/\/i0.wp.com\/enderg.com\/wp-content\/uploads\/2023\/03\/6524186_sd-e1679361015301.jpg?fit=760%2C837&ssl=1","width":760,"height":837},{"@type":"BreadcrumbList","@id":"https:\/\/enderg.com\/product\/resident-evil-4-2\/#breadcrumb","itemListElement":[{"@type":"ListItem","position":1,"name":"Home","item":"https:\/\/enderg.com\/"},{"@type":"ListItem","position":2,"name":"Shop","item":"https:\/\/enderg.com\/shop\/"},{"@type":"ListItem","position":3,"name":"Resident Evil 4"}]},{"@type":"WebSite","@id":"https:\/\/enderg.com\/#website","url":"https:\/\/enderg.com\/","name":"EnderG","description":"Billiger ist unser Ding!","publisher":{"@id":"https:\/\/enderg.com\/#organization"},"potentialAction":[{"@type":"SearchAction","target":{"@type":"EntryPoint","urlTemplate":"https:\/\/enderg.com\/?s={search_term_string}"},"query-input":{"@type":"PropertyValueSpecification","valueRequired":true,"valueName":"search_term_string"}}],"inLanguage":"de"},{"@type":"Organization","@id":"https:\/\/enderg.com\/#organization","name":"EnderG","url":"https:\/\/enderg.com\/","logo":{"@type":"ImageObject","inLanguage":"de","@id":"https:\/\/enderg.com\/#\/schema\/logo\/image\/","url":"https:\/\/enderg.com\/wp-content\/uploads\/2023\/03\/222222222221.png","contentUrl":"https:\/\/enderg.com\/wp-content\/uploads\/2023\/03\/222222222221.png","width":512,"height":512,"caption":"EnderG"},"image":{"@id":"https:\/\/enderg.com\/#\/schema\/logo\/image\/"},"sameAs":["https:\/\/www.facebook.com\/Endergg1\/","https:\/\/www.instagram.com\/enderg01","https:\/\/www.youtube.com\/@enderg-com"],"description":"G\u00fcnstiges Gaming ist unsere Spezialit\u00e4t!","legalName":"Vandar Limited","foundingDate":"2022-06-21"}]}},"jetpack_publicize_connections":[],"jetpack_likes_enabled":true,"jetpack_sharing_enabled":true,"jetpack-related-posts":[],"_links":{"self":[{"href":"https:\/\/enderg.com\/de\/wp-json\/wp\/v2\/product\/5910","targetHints":{"allow":["GET"]}}],"collection":[{"href":"https:\/\/enderg.com\/de\/wp-json\/wp\/v2\/product"}],"about":[{"href":"https:\/\/enderg.com\/de\/wp-json\/wp\/v2\/types\/product"}],"replies":[{"embeddable":true,"href":"https:\/\/enderg.com\/de\/wp-json\/wp\/v2\/comments?post=5910"}],"version-history":[{"count":30,"href":"https:\/\/enderg.com\/de\/wp-json\/wp\/v2\/product\/5910\/revisions"}],"predecessor-version":[{"id":9038,"href":"https:\/\/enderg.com\/de\/wp-json\/wp\/v2\/product\/5910\/revisions\/9038"}],"wp:featuredmedia":[{"embeddable":true,"href":"https:\/\/enderg.com\/de\/wp-json\/wp\/v2\/media\/5988"}],"wp:attachment":[{"href":"https:\/\/enderg.com\/de\/wp-json\/wp\/v2\/media?parent=5910"}],"wp:term":[{"taxonomy":"product_brand","embeddable":true,"href":"https:\/\/enderg.com\/de\/wp-json\/wp\/v2\/product_brand?post=5910"},{"taxonomy":"product_cat","embeddable":true,"href":"https:\/\/enderg.com\/de\/wp-json\/wp\/v2\/product_cat?post=5910"},{"taxonomy":"product_tag","embeddable":true,"href":"https:\/\/enderg.com\/de\/wp-json\/wp\/v2\/product_tag?post=5910"}],"curies":[{"name":"wp","href":"https:\/\/api.w.org\/{rel}","templated":true}]}}