{"id":591,"date":"2022-08-07T21:42:43","date_gmt":"2022-08-07T18:42:43","guid":{"rendered":"https:\/\/enderg.com\/?post_type=product&#038;p=591"},"modified":"2024-06-26T01:45:02","modified_gmt":"2024-06-25T22:45:02","slug":"resident-evil-0","status":"publish","type":"product","link":"https:\/\/enderg.com\/de\/product\/resident-evil-0\/","title":{"rendered":"Resident Evil 0"},"content":{"rendered":"<div data-elementor-type=\"wp-post\" data-elementor-id=\"591\" class=\"elementor elementor-591\" data-elementor-post-type=\"product\">\n\t\t\t\t\t\t<section class=\"elementor-section elementor-top-section elementor-element elementor-element-14906504 elementor-section-boxed elementor-section-height-default elementor-section-height-default\" data-id=\"14906504\" data-element_type=\"section\" data-e-type=\"section\">\n\t\t\t\t\t\t<div class=\"elementor-container elementor-column-gap-default\">\n\t\t\t\t\t<div class=\"elementor-column elementor-col-100 elementor-top-column elementor-element elementor-element-522593d\" data-id=\"522593d\" data-element_type=\"column\" data-e-type=\"column\">\n\t\t\t<div class=\"elementor-widget-wrap elementor-element-populated\">\n\t\t\t\t\t\t<div class=\"elementor-element elementor-element-7df36bf2 elementor-widget elementor-widget-accordion\" data-id=\"7df36bf2\" data-element_type=\"widget\" data-e-type=\"widget\" data-widget_type=\"accordion.default\">\n\t\t\t\t<div class=\"elementor-widget-container\">\n\t\t\t\t\t\t\t<div class=\"elementor-accordion\">\n\t\t\t\t\t\t\t<div class=\"elementor-accordion-item\">\n\t\t\t\t\t<h4 id=\"elementor-tab-title-2111\" class=\"elementor-tab-title\" data-tab=\"1\" role=\"button\" aria-controls=\"elementor-tab-content-2111\" aria-expanded=\"false\">\n\t\t\t\t\t\t\t\t\t\t\t\t\t<span class=\"elementor-accordion-icon elementor-accordion-icon-left\" aria-hidden=\"true\">\n\t\t\t\t\t\t\t\t\t\t\t\t\t\t\t<span class=\"elementor-accordion-icon-closed\"><i class=\"fas fa-truck\"><\/i><\/span>\n\t\t\t\t\t\t\t\t<span class=\"elementor-accordion-icon-opened\"><i class=\"fas fa-truck\"><\/i><\/span>\n\t\t\t\t\t\t\t\t\t\t\t\t\t\t<\/span>\n\t\t\t\t\t\t\t\t\t\t\t\t<a class=\"elementor-accordion-title\" tabindex=\"0\">Schnelle Lieferung<\/a>\n\t\t\t\t\t<\/h4>\n\t\t\t\t\t<div id=\"elementor-tab-content-2111\" class=\"elementor-tab-content elementor-clearfix\" data-tab=\"1\" role=\"region\" aria-labelledby=\"elementor-tab-title-2111\"><p>Die Lieferung kann je nach Platz in unserer Warteschlange 5 bis 20 Minuten dauern<\/p><p>Ihre Bestellung wird automatisch erstattet, falls sie nicht nach 12 Stunden geliefert wird!<\/p><\/div>\n\t\t\t\t<\/div>\n\t\t\t\t\t\t\t\t<\/div>\n\t\t\t\t\t\t<\/div>\n\t\t\t\t<\/div>\n\t\t\t\t<div class=\"elementor-element elementor-element-154309b5 elementor-widget elementor-widget-accordion\" data-id=\"154309b5\" data-element_type=\"widget\" data-e-type=\"widget\" data-widget_type=\"accordion.default\">\n\t\t\t\t<div class=\"elementor-widget-container\">\n\t\t\t\t\t\t\t<div class=\"elementor-accordion\">\n\t\t\t\t\t\t\t<div class=\"elementor-accordion-item\">\n\t\t\t\t\t<h4 id=\"elementor-tab-title-3561\" class=\"elementor-tab-title\" data-tab=\"1\" role=\"button\" aria-controls=\"elementor-tab-content-3561\" aria-expanded=\"false\">\n\t\t\t\t\t\t\t\t\t\t\t\t\t<span class=\"elementor-accordion-icon elementor-accordion-icon-left\" aria-hidden=\"true\">\n\t\t\t\t\t\t\t\t\t\t\t\t\t\t\t<span class=\"elementor-accordion-icon-closed\"><i class=\"fab fa-xbox\"><\/i><\/span>\n\t\t\t\t\t\t\t\t<span class=\"elementor-accordion-icon-opened\"><i class=\"fab fa-xbox\"><\/i><\/span>\n\t\t\t\t\t\t\t\t\t\t\t\t\t\t<\/span>\n\t\t\t\t\t\t\t\t\t\t\t\t<a class=\"elementor-accordion-title\" tabindex=\"0\">So aktivieren Sie<\/a>\n\t\t\t\t\t<\/h4>\n\t\t\t\t\t<div id=\"elementor-tab-content-3561\" class=\"elementor-tab-content elementor-clearfix\" data-tab=\"1\" role=\"region\" aria-labelledby=\"elementor-tab-title-3561\"><p>1- \u00d6ffnen Sie ein VPN und verbinden Sie sich mit dem in Ihrer E-Mail angegebenen Server, nachdem Sie Ihre Bestellung aufgegeben haben.<\/p>\n<p>2- Klicken Sie darauf&nbsp;<a title=\"https:\/\/account.microsoft.com\/billing\/redeem?refd=login.live.com\" href=\"https:\/\/account.microsoft.com\/billing\/redeem?refd=login.live.com\"><strong>Verkn\u00fcpfung<\/strong><\/a>&nbsp;&amp; Melden Sie sich bei Ihrem Konto an und l\u00f6sen Sie dann den erhaltenen Schl\u00fcssel ein!<\/p>\n<p>3- Viel Spa\u00df!<\/p><\/div>\n\t\t\t\t<\/div>\n\t\t\t\t\t\t\t\t<\/div>\n\t\t\t\t\t\t<\/div>\n\t\t\t\t<\/div>\n\t\t\t\t\t<\/div>\n\t\t<\/div>\n\t\t\t\t\t<\/div>\n\t\t<\/section>\n\t\t\t\t<section class=\"elementor-section elementor-top-section elementor-element elementor-element-541150cb elementor-section-boxed elementor-section-height-default elementor-section-height-default\" data-id=\"541150cb\" data-element_type=\"section\" data-e-type=\"section\">\n\t\t\t\t\t\t<div class=\"elementor-container elementor-column-gap-default\">\n\t\t\t\t\t<div class=\"elementor-column elementor-col-100 elementor-top-column elementor-element elementor-element-7da0ce25\" data-id=\"7da0ce25\" data-element_type=\"column\" data-e-type=\"column\">\n\t\t\t<div class=\"elementor-widget-wrap elementor-element-populated\">\n\t\t\t\t\t\t<div class=\"elementor-element elementor-element-1f90a4cb elementor-widget elementor-widget-text-editor\" data-id=\"1f90a4cb\" data-element_type=\"widget\" data-e-type=\"widget\" data-widget_type=\"text-editor.default\">\n\t\t\t\t<div class=\"elementor-widget-container\">\n\t\t\t\t\t\t\t\t\t<div class=\"game_page_autocollapse_ctn\"><div id=\"aboutThisGame\" class=\"game_page_autocollapse\" data-panel=\"{&quot;type&quot;:&quot;PanelGroup&quot;}\"><div id=\"game_area_description\" class=\"game_area_description\"><h4 style=\"text-align: center;\"><strong style=\"font-size: 1.41575em;\">\u00dcBER DIESES SPIEL<\/strong><\/h4><p>Bereiten Sie sich darauf vor, den ersten Albtraum in Resident Evil 0 erneut zu erleben \u2013 einer \u00fcberarbeiteten Version des beliebten Prequels zum Original-Resident-Evil-Spiel. Diese Neuauflage f\u00e4ngt die furchteinfl\u00f6\u00dfende Atmosph\u00e4re des Originals von 2002 ein und verwandelt sie mit atemberaubender HD-Grafik, verbessertem Sound, Breitbildunterst\u00fctzung, einer optionalen, modernisierten Steuerung und vielem mehr. Erleben Sie die Geschichte dessen, was wirklich vor dem legend\u00e4ren Vorfall in der Villa geschah, der den Ansto\u00df f\u00fcr die gesamte Resident-Evil-Saga gab.<\/p><p>Die Geschichte von Resident Evil 0 entf\u00fchrt die Spieler ins Jahr 1998. Berichte \u00fcber ungew\u00f6hnliche Morde am Stadtrand von Raccoon City h\u00e4ufen sich. Die Spezialeinheit der Stadt, S.T.A.R.S., entsendet ihr Bravo-Team \u2013 darunter die junge Polizistin Rebecca Chambers \u2013 zur Untersuchung. Auf dem Weg dorthin erleidet der Hubschrauber des Teams einen Motorschaden und muss notlanden. Dort entdecken sie einen umgest\u00fcrzten Gefangenentransporter. Rebecca teilt sich auf, um die Gegend zu durchsuchen, und st\u00f6\u00dft dabei auf den Ecliptic Express, einen Zug, der auf den Gleisen zum Stehen gekommen ist. Im Inneren trifft sie auf den zum Tode verurteilten Ex-Marineleutnant Billy Coen. Im Laufe des Spiels steuern Sie abwechselnd Rebecca und Billy und wechseln zwischen den beiden Charakteren, um voranzukommen. Die St\u00e4rken beider Charaktere zu kennen, ist der Schl\u00fcssel zum L\u00f6sen der R\u00e4tsel und zum \u00dcberleben der bevorstehenden Albtr\u00e4ume.<\/p><h2 class=\"bb_tag\">Merkmale<\/h2><ul class=\"bb_ul\"><li><strong>R\u00fcckkehr zu den Urspr\u00fcngen der Serie<\/strong>\u00a0\u2013 Entdecken Sie die Wahrheit hinter den Schrecken, die in der Villa in Resident Evil stattfanden, in diesem bei den Fans beliebten Prequel-Titel der Serie.<\/li><li><strong>Vollst\u00e4ndig verbesserte Grafik<\/strong>\u00a0\u2013 Es wurden komplett neue hochaufl\u00f6sende Texturen erstellt, einschlie\u00dflich 1080p-Unterst\u00fctzung auf Next-Gen-Konsolen, wobei das klassische Erscheinungsbild der Originalversion erhalten blieb.<\/li><li><strong>Vollst\u00e4ndig \u00fcberarbeitete Soundeffekte<\/strong>\u00a0\u2013 Die 5.1-Surround-Unterst\u00fctzung sorgt f\u00fcr eine intensivere Spielatmosph\u00e4re, die optimal auf die H\u00f6rumgebung der Spieler abgestimmt ist.<\/li><li>Erleben Sie den Horror im klassischen 4:3-Format oder im neu hinzugef\u00fcgten 16:9-Breitbildmodus.<\/li><li>Spiele mit dem klassischen Steuerungsschema oder probiere ein neues alternatives Schema aus, bei dem sich die Spielfigur in Richtung eines Analogsticks bewegt.<\/li><li><strong>Bei den Fans beliebte Resident Evil-Charaktere<\/strong>\u00a0\u2013 Rookie S.T.A.R.S. member Rebecca Chambers and wanted criminal Billy Coen combine skills and buddy up to survive the undead and infected nightmares that await them.<\/li><li><strong>Wesker-Modus<\/strong>\u00a0Nach Abschluss der Hauptgeschichte k\u00f6nnen Sie die Kontrolle \u00fcber den Serienantagonisten Albert Wesker \u00fcbernehmen und seine \u00fcbermenschlichen F\u00e4higkeiten nutzen, um die Missionen zu bew\u00e4ltigen.<\/li><\/ul><\/div><\/div><\/div><div class=\"game_page_autocollapse_ctn\"><div class=\"game_page_autocollapse sys_req\"><h2><iframe title=\"YouTube-Videoplayer\" data-src=\"https:\/\/www.youtube.com\/embed\/QbjC_WZy_jo\" width=\"560\" height=\"315\" frameborder=\"0\" allowfullscreen=\"allowfullscreen\" src=\"data:image\/svg+xml;base64,PHN2ZyB3aWR0aD0iMSIgaGVpZ2h0PSIxIiB4bWxucz0iaHR0cDovL3d3dy53My5vcmcvMjAwMC9zdmciPjwvc3ZnPg==\" class=\"lazyload\" data-load-mode=\"1\"><\/iframe><\/h2><h2>SYSTEM ANFORDERUNGEN<\/h2><div class=\"sysreq_contents\"><div class=\"game_area_sys_req sysreq_content active\" data-os=\"win\"><div class=\"game_area_sys_req_leftCol\"><p><strong>MINIMUM:<\/strong><\/p><ul><li style=\"list-style-type: none;\"><ul class=\"bb_ul\"><li><strong>Betriebssystem:<\/strong>\u00a0Windows\u00ae 8.1 \/ Windows\u00ae10<\/li><li><strong>Prozessor:<\/strong>\u00a0Intel\u00ae Core\u2122 2 Duo 2,4 GHz oder besser<\/li><li><strong>Erinnerung:<\/strong>\u00a02 GB RAM<\/li><li><strong>Grafik:<\/strong>\u00a0NVIDIA\u00ae GeForce\u00ae GTX260 oder besser<\/li><li><strong>DirectX:<\/strong>\u00a0Version 9.0c<\/li><li><strong>Netzwerk:<\/strong>\u00a0Breitbandinternetverbindung<\/li><li><strong>Lagerung:<\/strong>\u00a013 GB verf\u00fcgbarer Speicherplatz<\/li><li><strong>Soundkarte:<\/strong>\u00a0DirectSound-kompatibel (muss DirectX 9.0c oder h\u00f6her unterst\u00fctzen)<\/li><li><strong>Zus\u00e4tzliche Bemerkungen:<\/strong>\u00a0Unterst\u00fctzt Tastatur und Maus. Ein originaler Xbox 360-Controller, kompatibel mit PCs, wird empfohlen.<\/li><\/ul><\/li><\/ul><\/div><div class=\"game_area_sys_req_rightCol\"><p><strong>EMPFOHLEN:<\/strong><\/p><ul><li style=\"list-style-type: none;\"><ul class=\"bb_ul\"><li><strong>Betriebssystem:<\/strong>\u00a0Windows\u00ae 8.1 \/ Windows\u00ae10<\/li><li><strong>Prozessor:<\/strong>\u00a0Intel\u00ae Core\u2122 2 Quad 2,7 GHz oder besser<\/li><li><strong>Erinnerung:<\/strong>\u00a04 GB RAM<\/li><li><strong>Grafik:<\/strong>\u00a0NVIDIA\u00ae GeForce\u00ae GTX 560 oder besser<\/li><li><strong>DirectX:<\/strong>\u00a0Version 9.0c<\/li><li><strong>Netzwerk:<\/strong>\u00a0Breitbandinternetverbindung<\/li><li><strong>Lagerung:<\/strong>\u00a013 GB verf\u00fcgbarer Speicherplatz<\/li><li><strong>Soundkarte:<\/strong>\u00a0DirectSound-kompatibel (muss DirectX 9.0c oder h\u00f6her unterst\u00fctzen)<\/li><li><strong>Zus\u00e4tzliche Bemerkungen:<\/strong>\u00a0Unterst\u00fctzt Tastatur und Maus. Ein originaler Xbox 360-Controller, kompatibel mit PCs, wird empfohlen.<\/li><\/ul><\/li><\/ul><\/div><\/div><\/div><\/div><\/div>\t\t\t\t\t\t\t\t<\/div>\n\t\t\t\t<\/div>\n\t\t\t\t\t<\/div>\n\t\t<\/div>\n\t\t\t\t\t<\/div>\n\t\t<\/section>\n\t\t\t\t<\/div>","protected":false},"excerpt":{"rendered":"<p>Fast Delivery Delivery can take 5 to 20 minutes, according to your place in our queue Your Order will be \u2018Auto Refunded\u2019 in case it does not get delivered after 12 hours! How To Activate 1- Open up a VPN and connect to the server specified in your email after placing your order. 2- Click [&hellip;]<\/p>\n","protected":false},"featured_media":1154,"comment_status":"closed","ping_status":"closed","template":"","meta":{"_crdt_document":"","jetpack_publicize_message":"","jetpack_publicize_feature_enabled":true,"jetpack_social_post_already_shared":true,"jetpack_social_options":{"image_generator_settings":{"template":"highway","default_image_id":0,"font":"","enabled":false},"version":2},"_wpas_customize_per_network":false},"product_brand":[],"product_cat":[1375,1374],"product_tag":[],"class_list":{"0":"post-591","1":"product","2":"type-product","3":"status-publish","4":"has-post-thumbnail","6":"product_cat-pc","7":"product_cat-xbox","9":"first","10":"outofstock","11":"sale","12":"taxable","13":"shipping-taxable","14":"purchasable","15":"product-type-variable","16":"has-default-attributes"},"yoast_head":"<!-- This site is optimized with the Yoast SEO Premium plugin v27.4 (Yoast SEO v27.4) - https:\/\/yoast.com\/product\/yoast-seo-premium-wordpress\/ -->\n<title>Resident Evil 0 - EnderG<\/title>\n<meta name=\"robots\" content=\"index, follow, max-snippet:-1, max-image-preview:large, max-video-preview:-1\" \/>\n<link rel=\"canonical\" href=\"https:\/\/enderg.com\/de\/product\/resident-evil-0\/\" \/>\n<meta property=\"og:locale\" content=\"de_DE\" \/>\n<meta property=\"og:type\" content=\"article\" \/>\n<meta property=\"og:title\" content=\"Resident Evil 0\" \/>\n<meta property=\"og:description\" content=\"Fast Delivery Delivery can take 5 to 20 minutes, according to your place in our queue Your Order will be \u2018Auto Refunded\u2019 in case it does not get delivered after 12 hours! How To Activate 1- Open up a VPN and connect to the server specified in your email after placing your order. 2- Click [&hellip;]\" \/>\n<meta property=\"og:url\" content=\"https:\/\/enderg.com\/de\/product\/resident-evil-0\/\" \/>\n<meta property=\"og:site_name\" content=\"EnderG\" \/>\n<meta property=\"article:publisher\" content=\"https:\/\/www.facebook.com\/Endergg1\/\" \/>\n<meta property=\"article:modified_time\" content=\"2024-06-25T22:45:02+00:00\" \/>\n<meta property=\"og:image\" content=\"https:\/\/enderg.com\/wp-content\/uploads\/2022\/08\/resident-evil-0-hd-remaster-pc-game-steam-europe-cover.jpg\" \/>\n\t<meta property=\"og:image:width\" content=\"2000\" \/>\n\t<meta property=\"og:image:height\" content=\"2830\" \/>\n\t<meta property=\"og:image:type\" content=\"image\/jpeg\" \/>\n<meta name=\"twitter:card\" content=\"summary_large_image\" \/>\n<meta name=\"twitter:label1\" content=\"Gesch\u00e4tzte Lesezeit\" \/>\n\t<meta name=\"twitter:data1\" content=\"3\u00a0Minuten\" \/>\n<script type=\"application\/ld+json\" class=\"yoast-schema-graph\">{\"@context\":\"https:\\\/\\\/schema.org\",\"@graph\":[{\"@type\":\"WebPage\",\"@id\":\"https:\\\/\\\/enderg.com\\\/product\\\/resident-evil-0\\\/\",\"url\":\"https:\\\/\\\/enderg.com\\\/product\\\/resident-evil-0\\\/\",\"name\":\"Resident Evil 0 - EnderG\",\"isPartOf\":{\"@id\":\"https:\\\/\\\/enderg.com\\\/#website\"},\"primaryImageOfPage\":{\"@id\":\"https:\\\/\\\/enderg.com\\\/product\\\/resident-evil-0\\\/#primaryimage\"},\"image\":{\"@id\":\"https:\\\/\\\/enderg.com\\\/product\\\/resident-evil-0\\\/#primaryimage\"},\"thumbnailUrl\":\"https:\\\/\\\/i0.wp.com\\\/enderg.com\\\/wp-content\\\/uploads\\\/2022\\\/08\\\/resident-evil-0-hd-remaster-pc-game-steam-europe-cover.jpg?fit=2000%2C2830&ssl=1\",\"datePublished\":\"2022-08-07T18:42:43+00:00\",\"dateModified\":\"2024-06-25T22:45:02+00:00\",\"breadcrumb\":{\"@id\":\"https:\\\/\\\/enderg.com\\\/product\\\/resident-evil-0\\\/#breadcrumb\"},\"inLanguage\":\"de\",\"potentialAction\":[{\"@type\":\"ReadAction\",\"target\":[\"https:\\\/\\\/enderg.com\\\/product\\\/resident-evil-0\\\/\"]}]},{\"@type\":\"ImageObject\",\"inLanguage\":\"de\",\"@id\":\"https:\\\/\\\/enderg.com\\\/product\\\/resident-evil-0\\\/#primaryimage\",\"url\":\"https:\\\/\\\/i0.wp.com\\\/enderg.com\\\/wp-content\\\/uploads\\\/2022\\\/08\\\/resident-evil-0-hd-remaster-pc-game-steam-europe-cover.jpg?fit=2000%2C2830&ssl=1\",\"contentUrl\":\"https:\\\/\\\/i0.wp.com\\\/enderg.com\\\/wp-content\\\/uploads\\\/2022\\\/08\\\/resident-evil-0-hd-remaster-pc-game-steam-europe-cover.jpg?fit=2000%2C2830&ssl=1\",\"width\":2000,\"height\":2830},{\"@type\":\"BreadcrumbList\",\"@id\":\"https:\\\/\\\/enderg.com\\\/product\\\/resident-evil-0\\\/#breadcrumb\",\"itemListElement\":[{\"@type\":\"ListItem\",\"position\":1,\"name\":\"Home\",\"item\":\"https:\\\/\\\/enderg.com\\\/\"},{\"@type\":\"ListItem\",\"position\":2,\"name\":\"Shop\",\"item\":\"https:\\\/\\\/enderg.com\\\/shop\\\/\"},{\"@type\":\"ListItem\",\"position\":3,\"name\":\"Resident Evil 0\"}]},{\"@type\":\"WebSite\",\"@id\":\"https:\\\/\\\/enderg.com\\\/#website\",\"url\":\"https:\\\/\\\/enderg.com\\\/\",\"name\":\"EnderG\",\"description\":\"Cheaper Is What We Do!\",\"publisher\":{\"@id\":\"https:\\\/\\\/enderg.com\\\/#organization\"},\"potentialAction\":[{\"@type\":\"SearchAction\",\"target\":{\"@type\":\"EntryPoint\",\"urlTemplate\":\"https:\\\/\\\/enderg.com\\\/?s={search_term_string}\"},\"query-input\":{\"@type\":\"PropertyValueSpecification\",\"valueRequired\":true,\"valueName\":\"search_term_string\"}}],\"inLanguage\":\"de\"},{\"@type\":\"Organization\",\"@id\":\"https:\\\/\\\/enderg.com\\\/#organization\",\"name\":\"EnderG\",\"url\":\"https:\\\/\\\/enderg.com\\\/\",\"logo\":{\"@type\":\"ImageObject\",\"inLanguage\":\"de\",\"@id\":\"https:\\\/\\\/enderg.com\\\/#\\\/schema\\\/logo\\\/image\\\/\",\"url\":\"https:\\\/\\\/enderg.com\\\/wp-content\\\/uploads\\\/2023\\\/03\\\/222222222221.png\",\"contentUrl\":\"https:\\\/\\\/enderg.com\\\/wp-content\\\/uploads\\\/2023\\\/03\\\/222222222221.png\",\"width\":512,\"height\":512,\"caption\":\"EnderG\"},\"image\":{\"@id\":\"https:\\\/\\\/enderg.com\\\/#\\\/schema\\\/logo\\\/image\\\/\"},\"sameAs\":[\"https:\\\/\\\/www.facebook.com\\\/Endergg1\\\/\",\"https:\\\/\\\/www.instagram.com\\\/enderg01\",\"https:\\\/\\\/www.youtube.com\\\/@enderg-com\"],\"description\":\"Cheaper Gaming is what we do!\",\"legalName\":\"Vandar Limited\",\"foundingDate\":\"2022-06-21\"}]}<\/script>\n<!-- \/ Yoast SEO Premium plugin. -->","yoast_head_json":{"title":"Resident Evil 0 - EnderG","robots":{"index":"index","follow":"follow","max-snippet":"max-snippet:-1","max-image-preview":"max-image-preview:large","max-video-preview":"max-video-preview:-1"},"canonical":"https:\/\/enderg.com\/de\/product\/resident-evil-0\/","og_locale":"de_DE","og_type":"article","og_title":"Resident Evil 0","og_description":"Fast Delivery Delivery can take 5 to 20 minutes, according to your place in our queue Your Order will be \u2018Auto Refunded\u2019 in case it does not get delivered after 12 hours! How To Activate 1- Open up a VPN and connect to the server specified in your email after placing your order. 2- Click [&hellip;]","og_url":"https:\/\/enderg.com\/de\/product\/resident-evil-0\/","og_site_name":"EnderG","article_publisher":"https:\/\/www.facebook.com\/Endergg1\/","article_modified_time":"2024-06-25T22:45:02+00:00","og_image":[{"width":2000,"height":2830,"url":"https:\/\/enderg.com\/wp-content\/uploads\/2022\/08\/resident-evil-0-hd-remaster-pc-game-steam-europe-cover.jpg","type":"image\/jpeg"}],"twitter_card":"summary_large_image","twitter_misc":{"Gesch\u00e4tzte Lesezeit":"3\u00a0Minuten"},"schema":{"@context":"https:\/\/schema.org","@graph":[{"@type":"WebPage","@id":"https:\/\/enderg.com\/product\/resident-evil-0\/","url":"https:\/\/enderg.com\/product\/resident-evil-0\/","name":"Resident Evil 0 - EnderG","isPartOf":{"@id":"https:\/\/enderg.com\/#website"},"primaryImageOfPage":{"@id":"https:\/\/enderg.com\/product\/resident-evil-0\/#primaryimage"},"image":{"@id":"https:\/\/enderg.com\/product\/resident-evil-0\/#primaryimage"},"thumbnailUrl":"https:\/\/i0.wp.com\/enderg.com\/wp-content\/uploads\/2022\/08\/resident-evil-0-hd-remaster-pc-game-steam-europe-cover.jpg?fit=2000%2C2830&ssl=1","datePublished":"2022-08-07T18:42:43+00:00","dateModified":"2024-06-25T22:45:02+00:00","breadcrumb":{"@id":"https:\/\/enderg.com\/product\/resident-evil-0\/#breadcrumb"},"inLanguage":"de","potentialAction":[{"@type":"ReadAction","target":["https:\/\/enderg.com\/product\/resident-evil-0\/"]}]},{"@type":"ImageObject","inLanguage":"de","@id":"https:\/\/enderg.com\/product\/resident-evil-0\/#primaryimage","url":"https:\/\/i0.wp.com\/enderg.com\/wp-content\/uploads\/2022\/08\/resident-evil-0-hd-remaster-pc-game-steam-europe-cover.jpg?fit=2000%2C2830&ssl=1","contentUrl":"https:\/\/i0.wp.com\/enderg.com\/wp-content\/uploads\/2022\/08\/resident-evil-0-hd-remaster-pc-game-steam-europe-cover.jpg?fit=2000%2C2830&ssl=1","width":2000,"height":2830},{"@type":"BreadcrumbList","@id":"https:\/\/enderg.com\/product\/resident-evil-0\/#breadcrumb","itemListElement":[{"@type":"ListItem","position":1,"name":"Home","item":"https:\/\/enderg.com\/"},{"@type":"ListItem","position":2,"name":"Shop","item":"https:\/\/enderg.com\/shop\/"},{"@type":"ListItem","position":3,"name":"Resident Evil 0"}]},{"@type":"WebSite","@id":"https:\/\/enderg.com\/#website","url":"https:\/\/enderg.com\/","name":"EnderG","description":"Billiger ist unser Ding!","publisher":{"@id":"https:\/\/enderg.com\/#organization"},"potentialAction":[{"@type":"SearchAction","target":{"@type":"EntryPoint","urlTemplate":"https:\/\/enderg.com\/?s={search_term_string}"},"query-input":{"@type":"PropertyValueSpecification","valueRequired":true,"valueName":"search_term_string"}}],"inLanguage":"de"},{"@type":"Organization","@id":"https:\/\/enderg.com\/#organization","name":"EnderG","url":"https:\/\/enderg.com\/","logo":{"@type":"ImageObject","inLanguage":"de","@id":"https:\/\/enderg.com\/#\/schema\/logo\/image\/","url":"https:\/\/enderg.com\/wp-content\/uploads\/2023\/03\/222222222221.png","contentUrl":"https:\/\/enderg.com\/wp-content\/uploads\/2023\/03\/222222222221.png","width":512,"height":512,"caption":"EnderG"},"image":{"@id":"https:\/\/enderg.com\/#\/schema\/logo\/image\/"},"sameAs":["https:\/\/www.facebook.com\/Endergg1\/","https:\/\/www.instagram.com\/enderg01","https:\/\/www.youtube.com\/@enderg-com"],"description":"G\u00fcnstiges Gaming ist unsere Spezialit\u00e4t!","legalName":"Vandar Limited","foundingDate":"2022-06-21"}]}},"jetpack_publicize_connections":[],"jetpack_likes_enabled":true,"jetpack_sharing_enabled":true,"jetpack-related-posts":[],"_links":{"self":[{"href":"https:\/\/enderg.com\/de\/wp-json\/wp\/v2\/product\/591","targetHints":{"allow":["GET"]}}],"collection":[{"href":"https:\/\/enderg.com\/de\/wp-json\/wp\/v2\/product"}],"about":[{"href":"https:\/\/enderg.com\/de\/wp-json\/wp\/v2\/types\/product"}],"replies":[{"embeddable":true,"href":"https:\/\/enderg.com\/de\/wp-json\/wp\/v2\/comments?post=591"}],"version-history":[{"count":9,"href":"https:\/\/enderg.com\/de\/wp-json\/wp\/v2\/product\/591\/revisions"}],"predecessor-version":[{"id":8736,"href":"https:\/\/enderg.com\/de\/wp-json\/wp\/v2\/product\/591\/revisions\/8736"}],"wp:featuredmedia":[{"embeddable":true,"href":"https:\/\/enderg.com\/de\/wp-json\/wp\/v2\/media\/1154"}],"wp:attachment":[{"href":"https:\/\/enderg.com\/de\/wp-json\/wp\/v2\/media?parent=591"}],"wp:term":[{"taxonomy":"product_brand","embeddable":true,"href":"https:\/\/enderg.com\/de\/wp-json\/wp\/v2\/product_brand?post=591"},{"taxonomy":"product_cat","embeddable":true,"href":"https:\/\/enderg.com\/de\/wp-json\/wp\/v2\/product_cat?post=591"},{"taxonomy":"product_tag","embeddable":true,"href":"https:\/\/enderg.com\/de\/wp-json\/wp\/v2\/product_tag?post=591"}],"curies":[{"name":"wp","href":"https:\/\/api.w.org\/{rel}","templated":true}]}}