{"id":518,"date":"2022-08-07T21:29:12","date_gmt":"2022-08-07T18:29:12","guid":{"rendered":"https:\/\/enderg.com\/?post_type=product&#038;p=518"},"modified":"2024-06-26T01:45:01","modified_gmt":"2024-06-25T22:45:01","slug":"grand-theft-auto-v-premium-edition-xbox","status":"publish","type":"product","link":"https:\/\/enderg.com\/de\/product\/grand-theft-auto-v-premium-edition-xbox\/","title":{"rendered":"Grand Theft Auto V: Premium Edition \u201eXBOX\u201c"},"content":{"rendered":"<div data-elementor-type=\"wp-post\" data-elementor-id=\"518\" class=\"elementor elementor-518\" data-elementor-post-type=\"product\">\n\t\t\t\t\t\t<section class=\"elementor-section elementor-top-section elementor-element elementor-element-83eba7b elementor-section-boxed elementor-section-height-default elementor-section-height-default\" data-id=\"83eba7b\" data-element_type=\"section\" data-e-type=\"section\">\n\t\t\t\t\t\t<div class=\"elementor-container elementor-column-gap-default\">\n\t\t\t\t\t<div class=\"elementor-column elementor-col-100 elementor-top-column elementor-element elementor-element-7711a007\" data-id=\"7711a007\" data-element_type=\"column\" data-e-type=\"column\">\n\t\t\t<div class=\"elementor-widget-wrap elementor-element-populated\">\n\t\t\t\t\t\t<div class=\"elementor-element elementor-element-6205ca13 elementor-widget elementor-widget-accordion\" data-id=\"6205ca13\" data-element_type=\"widget\" data-e-type=\"widget\" data-widget_type=\"accordion.default\">\n\t\t\t\t<div class=\"elementor-widget-container\">\n\t\t\t\t\t\t\t<div class=\"elementor-accordion\">\n\t\t\t\t\t\t\t<div class=\"elementor-accordion-item\">\n\t\t\t\t\t<h4 id=\"elementor-tab-title-1641\" class=\"elementor-tab-title\" data-tab=\"1\" role=\"button\" aria-controls=\"elementor-tab-content-1641\" aria-expanded=\"false\">\n\t\t\t\t\t\t\t\t\t\t\t\t\t<span class=\"elementor-accordion-icon elementor-accordion-icon-left\" aria-hidden=\"true\">\n\t\t\t\t\t\t\t\t\t\t\t\t\t\t\t<span class=\"elementor-accordion-icon-closed\"><i class=\"fas fa-truck\"><\/i><\/span>\n\t\t\t\t\t\t\t\t<span class=\"elementor-accordion-icon-opened\"><i class=\"fas fa-truck\"><\/i><\/span>\n\t\t\t\t\t\t\t\t\t\t\t\t\t\t<\/span>\n\t\t\t\t\t\t\t\t\t\t\t\t<a class=\"elementor-accordion-title\" tabindex=\"0\">Schnelle Lieferung<\/a>\n\t\t\t\t\t<\/h4>\n\t\t\t\t\t<div id=\"elementor-tab-content-1641\" class=\"elementor-tab-content elementor-clearfix\" data-tab=\"1\" role=\"region\" aria-labelledby=\"elementor-tab-title-1641\"><p>Die Lieferung kann je nach Platz in unserer Warteschlange 5 bis 20 Minuten dauern<\/p><p>Ihre Bestellung wird automatisch erstattet, falls sie nicht nach 12 Stunden geliefert wird!<\/p><\/div>\n\t\t\t\t<\/div>\n\t\t\t\t\t\t\t\t<\/div>\n\t\t\t\t\t\t<\/div>\n\t\t\t\t<\/div>\n\t\t\t\t<div class=\"elementor-element elementor-element-4768016b elementor-widget elementor-widget-accordion\" data-id=\"4768016b\" data-element_type=\"widget\" data-e-type=\"widget\" data-widget_type=\"accordion.default\">\n\t\t\t\t<div class=\"elementor-widget-container\">\n\t\t\t\t\t\t\t<div class=\"elementor-accordion\">\n\t\t\t\t\t\t\t<div class=\"elementor-accordion-item\">\n\t\t\t\t\t<h4 id=\"elementor-tab-title-1191\" class=\"elementor-tab-title\" data-tab=\"1\" role=\"button\" aria-controls=\"elementor-tab-content-1191\" aria-expanded=\"false\">\n\t\t\t\t\t\t\t\t\t\t\t\t\t<span class=\"elementor-accordion-icon elementor-accordion-icon-left\" aria-hidden=\"true\">\n\t\t\t\t\t\t\t\t\t\t\t\t\t\t\t<span class=\"elementor-accordion-icon-closed\"><i class=\"fab fa-xbox\"><\/i><\/span>\n\t\t\t\t\t\t\t\t<span class=\"elementor-accordion-icon-opened\"><i class=\"fab fa-xbox\"><\/i><\/span>\n\t\t\t\t\t\t\t\t\t\t\t\t\t\t<\/span>\n\t\t\t\t\t\t\t\t\t\t\t\t<a class=\"elementor-accordion-title\" tabindex=\"0\">So aktivieren Sie<\/a>\n\t\t\t\t\t<\/h4>\n\t\t\t\t\t<div id=\"elementor-tab-content-1191\" class=\"elementor-tab-content elementor-clearfix\" data-tab=\"1\" role=\"region\" aria-labelledby=\"elementor-tab-title-1191\"><p>1- \u00d6ffnen Sie ein VPN und verbinden Sie sich mit dem in Ihrer E-Mail angegebenen Server, nachdem Sie Ihre Bestellung aufgegeben haben.<\/p><p>2- Klicken Sie darauf\u00a0<a title=\"https:\/\/account.microsoft.com\/billing\/redeem?refd=login.live.com\" href=\"https:\/\/account.microsoft.com\/billing\/redeem?refd=login.live.com\"><strong>Verkn\u00fcpfung<\/strong><\/a>\u00a0&amp; Melden Sie sich bei Ihrem Konto an und l\u00f6sen Sie dann den erhaltenen Schl\u00fcssel ein!<\/p><p>3- Viel Spa\u00df!<\/p><\/div>\n\t\t\t\t<\/div>\n\t\t\t\t\t\t\t\t<\/div>\n\t\t\t\t\t\t<\/div>\n\t\t\t\t<\/div>\n\t\t\t\t\t<\/div>\n\t\t<\/div>\n\t\t\t\t\t<\/div>\n\t\t<\/section>\n\t\t\t\t<section class=\"elementor-section elementor-top-section elementor-element elementor-element-9f8849a elementor-section-boxed elementor-section-height-default elementor-section-height-default\" data-id=\"9f8849a\" data-element_type=\"section\" data-e-type=\"section\">\n\t\t\t\t\t\t<div class=\"elementor-container elementor-column-gap-default\">\n\t\t\t\t\t<div class=\"elementor-column elementor-col-100 elementor-top-column elementor-element elementor-element-5592adc0\" data-id=\"5592adc0\" data-element_type=\"column\" data-e-type=\"column\">\n\t\t\t<div class=\"elementor-widget-wrap elementor-element-populated\">\n\t\t\t\t\t\t<div class=\"elementor-element elementor-element-77994ba3 elementor-widget elementor-widget-text-editor\" data-id=\"77994ba3\" data-element_type=\"widget\" data-e-type=\"widget\" data-widget_type=\"text-editor.default\">\n\t\t\t\t<div class=\"elementor-widget-container\">\n\t\t\t\t\t\t\t\t\t<h4 style=\"text-align: center;\"><strong style=\"font-size: 1.41575em;\">\u00dcBER DIESES SPIEL<\/strong><\/h4><p>Die Grand Theft Auto V: Premium Edition beinhaltet das komplette Grand Theft Auto V-Story-Erlebnis, kostenlosen Zugang zum sich st\u00e4ndig weiterentwickelnden Grand Theft Auto Online und alle vorhandenen Gameplay-Upgrades und Inhalte, einschlie\u00dflich The Cayo Perico Heist, The Diamond Casino &amp; Resort und The Diamond Casino Heist, Gunrunning und vieles mehr. Sie erhalten au\u00dferdem das Criminal Enterprise Starter Pack, den schnellsten Weg, Ihr kriminelles Imperium in Grand Theft Auto Online anzukurbeln.<br \/><br \/><strong>GRAND THEFT AUTO V<\/strong><br \/>Als ein junger Stra\u00dfenh\u00e4ndler, ein pensionierter Bankr\u00e4uber und ein furchteinfl\u00f6\u00dfender Psychopath in Schwierigkeiten geraten, m\u00fcssen sie eine Reihe gef\u00e4hrlicher Raub\u00fcberf\u00e4lle begehen, um in einer Stadt zu \u00fcberleben, in der sie niemandem trauen k\u00f6nnen, schon gar nicht einander.<br \/><br \/><strong>Grand Theft Auto online<\/strong><br \/>Entdecken Sie eine sich st\u00e4ndig weiterentwickelnde Welt voller Auswahlm\u00f6glichkeiten und Spielm\u00f6glichkeiten, w\u00e4hrend Sie im ultimativen gemeinsamen Online-Erlebnis die kriminellen R\u00e4nge von Los Santos und Blaine County erklimmen.<br \/><br \/><strong>DAS CRIMINAL ENTERPRISE STARTERPAKET<\/strong><br \/>Das Criminal Enterprise Starter Pack ist der schnellste Weg f\u00fcr neue GTA Online-Spieler, ihre kriminellen Imperien mit den aufregendsten und beliebtesten Inhalten sowie $1.000.000 Bonusgeld zum Ausgeben in GTA Online anzukurbeln \u2013 alle Inhalte haben einen Wert von \u00fcber GTA$10.000.000, wenn sie separat erworben werden.<br \/><br \/><strong>ER\u00d6FFNEN SIE IHR KRIMINELLES REICH<\/strong><br \/>Starten Sie Gesch\u00e4ftsvorhaben von Ihrem Maze Bank West Executive Office aus, erforschen Sie leistungsstarke Waffentechnologie in Ihrem unterirdischen Gunrunning Bunker und nutzen Sie Ihre Falschgeldfabrik, um eine lukrative F\u00e4lschungsoperation zu starten.<br \/><br \/><strong>EINE FLOTTE LEISTUNGSSTARKER FAHRZEUGE<\/strong><br \/>Rasen Sie mit einer Reihe von 10 Hochleistungsfahrzeugen durch die Stra\u00dfen, darunter ein Supersportwagen, Motorr\u00e4der, das bewaffnete Dune FAV, ein Hubschrauber, ein Rallye-Auto und mehr. Sie erhalten au\u00dferdem Immobilien, darunter eine Garage f\u00fcr 10 Autos, in der Sie Ihren wachsenden Fuhrpark unterbringen k\u00f6nnen.<br \/><br \/><strong>WEAPONS, CLOTHING &amp; TATTOOS<\/strong><br \/>Sie erhalten au\u00dferdem Zugriff auf den Kompaktgranatenwerfer, das Marksman-Gewehr und das Kompaktgewehr sowie auf Stunt-Renn-Outfits, Biker-Tattoos und mehr.<\/p>\t\t\t\t\t\t\t\t<\/div>\n\t\t\t\t<\/div>\n\t\t\t\t\t<\/div>\n\t\t<\/div>\n\t\t\t\t\t<\/div>\n\t\t<\/section>\n\t\t\t\t<\/div>","protected":false},"excerpt":{"rendered":"<p>Fast Delivery Delivery can take 5 to 20 minutes, according to your place in our queue Your Order will be \u2018Auto Refunded\u2019 in case it does not get delivered after 12 hours! How To Activate 1- Open up a VPN and connect to the server specified in your email after placing your order. 2- Click [&hellip;]<\/p>\n","protected":false},"featured_media":1026,"comment_status":"closed","ping_status":"closed","template":"","meta":{"_crdt_document":"","jetpack_publicize_message":"","jetpack_publicize_feature_enabled":true,"jetpack_social_post_already_shared":true,"jetpack_social_options":{"image_generator_settings":{"template":"highway","default_image_id":0,"font":"","enabled":false},"version":2},"_wpas_customize_per_network":false},"product_brand":[],"product_cat":[1374],"product_tag":[],"class_list":{"0":"post-518","1":"product","2":"type-product","3":"status-publish","4":"has-post-thumbnail","6":"product_cat-xbox","8":"first","9":"outofstock","10":"sale","11":"virtual","12":"taxable","13":"purchasable","14":"product-type-simple"},"yoast_head":"<!-- This site is optimized with the Yoast SEO Premium plugin v27.4 (Yoast SEO v27.4) - https:\/\/yoast.com\/product\/yoast-seo-premium-wordpress\/ -->\n<title>Grand Theft Auto V: Premium Edition &#039;XBOX&#039; - EnderG<\/title>\n<meta name=\"robots\" content=\"index, follow, max-snippet:-1, max-image-preview:large, max-video-preview:-1\" \/>\n<link rel=\"canonical\" href=\"https:\/\/enderg.com\/de\/product\/grand-theft-auto-v-premium-edition-xbox\/\" \/>\n<meta property=\"og:locale\" content=\"de_DE\" \/>\n<meta property=\"og:type\" content=\"article\" \/>\n<meta property=\"og:title\" content=\"Grand Theft Auto V: Premium Edition &#039;XBOX&#039;\" \/>\n<meta property=\"og:description\" content=\"Fast Delivery Delivery can take 5 to 20 minutes, according to your place in our queue Your Order will be \u2018Auto Refunded\u2019 in case it does not get delivered after 12 hours! How To Activate 1- Open up a VPN and connect to the server specified in your email after placing your order. 2- Click [&hellip;]\" \/>\n<meta property=\"og:url\" content=\"https:\/\/enderg.com\/de\/product\/grand-theft-auto-v-premium-edition-xbox\/\" \/>\n<meta property=\"og:site_name\" content=\"EnderG\" \/>\n<meta property=\"article:publisher\" content=\"https:\/\/www.facebook.com\/Endergg1\/\" \/>\n<meta property=\"article:modified_time\" content=\"2024-06-25T22:45:01+00:00\" \/>\n<meta property=\"og:image\" content=\"https:\/\/enderg.com\/wp-content\/uploads\/2022\/08\/GTAV_Gen9_CollectionsPageFOB_1212x1497_DELIV__1_42e2e7ab-ef2a-4c48-8364-36351105c4a9.jpg\" \/>\n\t<meta property=\"og:image:width\" content=\"1212\" \/>\n\t<meta property=\"og:image:height\" content=\"1497\" \/>\n\t<meta property=\"og:image:type\" content=\"image\/jpeg\" \/>\n<meta name=\"twitter:card\" content=\"summary_large_image\" \/>\n<meta name=\"twitter:label1\" content=\"Gesch\u00e4tzte Lesezeit\" \/>\n\t<meta name=\"twitter:data1\" content=\"2\u00a0Minuten\" \/>\n<script type=\"application\/ld+json\" class=\"yoast-schema-graph\">{\"@context\":\"https:\\\/\\\/schema.org\",\"@graph\":[{\"@type\":\"WebPage\",\"@id\":\"https:\\\/\\\/enderg.com\\\/product\\\/grand-theft-auto-v-premium-edition-xbox\\\/\",\"url\":\"https:\\\/\\\/enderg.com\\\/product\\\/grand-theft-auto-v-premium-edition-xbox\\\/\",\"name\":\"Grand Theft Auto V: Premium Edition 'XBOX' - EnderG\",\"isPartOf\":{\"@id\":\"https:\\\/\\\/enderg.com\\\/#website\"},\"primaryImageOfPage\":{\"@id\":\"https:\\\/\\\/enderg.com\\\/product\\\/grand-theft-auto-v-premium-edition-xbox\\\/#primaryimage\"},\"image\":{\"@id\":\"https:\\\/\\\/enderg.com\\\/product\\\/grand-theft-auto-v-premium-edition-xbox\\\/#primaryimage\"},\"thumbnailUrl\":\"https:\\\/\\\/i0.wp.com\\\/enderg.com\\\/wp-content\\\/uploads\\\/2022\\\/08\\\/GTAV_Gen9_CollectionsPageFOB_1212x1497_DELIV__1_42e2e7ab-ef2a-4c48-8364-36351105c4a9.jpg?fit=1212%2C1497&ssl=1\",\"datePublished\":\"2022-08-07T18:29:12+00:00\",\"dateModified\":\"2024-06-25T22:45:01+00:00\",\"breadcrumb\":{\"@id\":\"https:\\\/\\\/enderg.com\\\/product\\\/grand-theft-auto-v-premium-edition-xbox\\\/#breadcrumb\"},\"inLanguage\":\"de\",\"potentialAction\":[{\"@type\":\"ReadAction\",\"target\":[\"https:\\\/\\\/enderg.com\\\/product\\\/grand-theft-auto-v-premium-edition-xbox\\\/\"]}]},{\"@type\":\"ImageObject\",\"inLanguage\":\"de\",\"@id\":\"https:\\\/\\\/enderg.com\\\/product\\\/grand-theft-auto-v-premium-edition-xbox\\\/#primaryimage\",\"url\":\"https:\\\/\\\/i0.wp.com\\\/enderg.com\\\/wp-content\\\/uploads\\\/2022\\\/08\\\/GTAV_Gen9_CollectionsPageFOB_1212x1497_DELIV__1_42e2e7ab-ef2a-4c48-8364-36351105c4a9.jpg?fit=1212%2C1497&ssl=1\",\"contentUrl\":\"https:\\\/\\\/i0.wp.com\\\/enderg.com\\\/wp-content\\\/uploads\\\/2022\\\/08\\\/GTAV_Gen9_CollectionsPageFOB_1212x1497_DELIV__1_42e2e7ab-ef2a-4c48-8364-36351105c4a9.jpg?fit=1212%2C1497&ssl=1\",\"width\":1212,\"height\":1497,\"caption\":\"Buy cheap Grand theft auto v 5\"},{\"@type\":\"BreadcrumbList\",\"@id\":\"https:\\\/\\\/enderg.com\\\/product\\\/grand-theft-auto-v-premium-edition-xbox\\\/#breadcrumb\",\"itemListElement\":[{\"@type\":\"ListItem\",\"position\":1,\"name\":\"Home\",\"item\":\"https:\\\/\\\/enderg.com\\\/\"},{\"@type\":\"ListItem\",\"position\":2,\"name\":\"Shop\",\"item\":\"https:\\\/\\\/enderg.com\\\/shop\\\/\"},{\"@type\":\"ListItem\",\"position\":3,\"name\":\"Grand Theft Auto V: Premium Edition &#8216;XBOX&#8217;\"}]},{\"@type\":\"WebSite\",\"@id\":\"https:\\\/\\\/enderg.com\\\/#website\",\"url\":\"https:\\\/\\\/enderg.com\\\/\",\"name\":\"EnderG\",\"description\":\"Cheaper Is What We Do!\",\"publisher\":{\"@id\":\"https:\\\/\\\/enderg.com\\\/#organization\"},\"potentialAction\":[{\"@type\":\"SearchAction\",\"target\":{\"@type\":\"EntryPoint\",\"urlTemplate\":\"https:\\\/\\\/enderg.com\\\/?s={search_term_string}\"},\"query-input\":{\"@type\":\"PropertyValueSpecification\",\"valueRequired\":true,\"valueName\":\"search_term_string\"}}],\"inLanguage\":\"de\"},{\"@type\":\"Organization\",\"@id\":\"https:\\\/\\\/enderg.com\\\/#organization\",\"name\":\"EnderG\",\"url\":\"https:\\\/\\\/enderg.com\\\/\",\"logo\":{\"@type\":\"ImageObject\",\"inLanguage\":\"de\",\"@id\":\"https:\\\/\\\/enderg.com\\\/#\\\/schema\\\/logo\\\/image\\\/\",\"url\":\"https:\\\/\\\/enderg.com\\\/wp-content\\\/uploads\\\/2023\\\/03\\\/222222222221.png\",\"contentUrl\":\"https:\\\/\\\/enderg.com\\\/wp-content\\\/uploads\\\/2023\\\/03\\\/222222222221.png\",\"width\":512,\"height\":512,\"caption\":\"EnderG\"},\"image\":{\"@id\":\"https:\\\/\\\/enderg.com\\\/#\\\/schema\\\/logo\\\/image\\\/\"},\"sameAs\":[\"https:\\\/\\\/www.facebook.com\\\/Endergg1\\\/\",\"https:\\\/\\\/www.instagram.com\\\/enderg01\",\"https:\\\/\\\/www.youtube.com\\\/@enderg-com\"],\"description\":\"Cheaper Gaming is what we do!\",\"legalName\":\"Vandar Limited\",\"foundingDate\":\"2022-06-21\"}]}<\/script>\n<!-- \/ Yoast SEO Premium plugin. -->","yoast_head_json":{"title":"Grand Theft Auto V: Premium Edition 'XBOX' - EnderG","robots":{"index":"index","follow":"follow","max-snippet":"max-snippet:-1","max-image-preview":"max-image-preview:large","max-video-preview":"max-video-preview:-1"},"canonical":"https:\/\/enderg.com\/de\/product\/grand-theft-auto-v-premium-edition-xbox\/","og_locale":"de_DE","og_type":"article","og_title":"Grand Theft Auto V: Premium Edition 'XBOX'","og_description":"Fast Delivery Delivery can take 5 to 20 minutes, according to your place in our queue Your Order will be \u2018Auto Refunded\u2019 in case it does not get delivered after 12 hours! How To Activate 1- Open up a VPN and connect to the server specified in your email after placing your order. 2- Click [&hellip;]","og_url":"https:\/\/enderg.com\/de\/product\/grand-theft-auto-v-premium-edition-xbox\/","og_site_name":"EnderG","article_publisher":"https:\/\/www.facebook.com\/Endergg1\/","article_modified_time":"2024-06-25T22:45:01+00:00","og_image":[{"width":1212,"height":1497,"url":"https:\/\/enderg.com\/wp-content\/uploads\/2022\/08\/GTAV_Gen9_CollectionsPageFOB_1212x1497_DELIV__1_42e2e7ab-ef2a-4c48-8364-36351105c4a9.jpg","type":"image\/jpeg"}],"twitter_card":"summary_large_image","twitter_misc":{"Gesch\u00e4tzte Lesezeit":"2\u00a0Minuten"},"schema":{"@context":"https:\/\/schema.org","@graph":[{"@type":"WebPage","@id":"https:\/\/enderg.com\/product\/grand-theft-auto-v-premium-edition-xbox\/","url":"https:\/\/enderg.com\/product\/grand-theft-auto-v-premium-edition-xbox\/","name":"Grand Theft Auto V: Premium Edition 'XBOX' - EnderG","isPartOf":{"@id":"https:\/\/enderg.com\/#website"},"primaryImageOfPage":{"@id":"https:\/\/enderg.com\/product\/grand-theft-auto-v-premium-edition-xbox\/#primaryimage"},"image":{"@id":"https:\/\/enderg.com\/product\/grand-theft-auto-v-premium-edition-xbox\/#primaryimage"},"thumbnailUrl":"https:\/\/i0.wp.com\/enderg.com\/wp-content\/uploads\/2022\/08\/GTAV_Gen9_CollectionsPageFOB_1212x1497_DELIV__1_42e2e7ab-ef2a-4c48-8364-36351105c4a9.jpg?fit=1212%2C1497&ssl=1","datePublished":"2022-08-07T18:29:12+00:00","dateModified":"2024-06-25T22:45:01+00:00","breadcrumb":{"@id":"https:\/\/enderg.com\/product\/grand-theft-auto-v-premium-edition-xbox\/#breadcrumb"},"inLanguage":"de","potentialAction":[{"@type":"ReadAction","target":["https:\/\/enderg.com\/product\/grand-theft-auto-v-premium-edition-xbox\/"]}]},{"@type":"ImageObject","inLanguage":"de","@id":"https:\/\/enderg.com\/product\/grand-theft-auto-v-premium-edition-xbox\/#primaryimage","url":"https:\/\/i0.wp.com\/enderg.com\/wp-content\/uploads\/2022\/08\/GTAV_Gen9_CollectionsPageFOB_1212x1497_DELIV__1_42e2e7ab-ef2a-4c48-8364-36351105c4a9.jpg?fit=1212%2C1497&ssl=1","contentUrl":"https:\/\/i0.wp.com\/enderg.com\/wp-content\/uploads\/2022\/08\/GTAV_Gen9_CollectionsPageFOB_1212x1497_DELIV__1_42e2e7ab-ef2a-4c48-8364-36351105c4a9.jpg?fit=1212%2C1497&ssl=1","width":1212,"height":1497,"caption":"Buy cheap Grand theft auto v 5"},{"@type":"BreadcrumbList","@id":"https:\/\/enderg.com\/product\/grand-theft-auto-v-premium-edition-xbox\/#breadcrumb","itemListElement":[{"@type":"ListItem","position":1,"name":"Home","item":"https:\/\/enderg.com\/"},{"@type":"ListItem","position":2,"name":"Shop","item":"https:\/\/enderg.com\/shop\/"},{"@type":"ListItem","position":3,"name":"Grand Theft Auto V: Premium Edition &#8216;XBOX&#8217;"}]},{"@type":"WebSite","@id":"https:\/\/enderg.com\/#website","url":"https:\/\/enderg.com\/","name":"EnderG","description":"Billiger ist unser Ding!","publisher":{"@id":"https:\/\/enderg.com\/#organization"},"potentialAction":[{"@type":"SearchAction","target":{"@type":"EntryPoint","urlTemplate":"https:\/\/enderg.com\/?s={search_term_string}"},"query-input":{"@type":"PropertyValueSpecification","valueRequired":true,"valueName":"search_term_string"}}],"inLanguage":"de"},{"@type":"Organization","@id":"https:\/\/enderg.com\/#organization","name":"EnderG","url":"https:\/\/enderg.com\/","logo":{"@type":"ImageObject","inLanguage":"de","@id":"https:\/\/enderg.com\/#\/schema\/logo\/image\/","url":"https:\/\/enderg.com\/wp-content\/uploads\/2023\/03\/222222222221.png","contentUrl":"https:\/\/enderg.com\/wp-content\/uploads\/2023\/03\/222222222221.png","width":512,"height":512,"caption":"EnderG"},"image":{"@id":"https:\/\/enderg.com\/#\/schema\/logo\/image\/"},"sameAs":["https:\/\/www.facebook.com\/Endergg1\/","https:\/\/www.instagram.com\/enderg01","https:\/\/www.youtube.com\/@enderg-com"],"description":"G\u00fcnstiges Gaming ist unsere Spezialit\u00e4t!","legalName":"Vandar Limited","foundingDate":"2022-06-21"}]}},"jetpack_publicize_connections":[],"jetpack_likes_enabled":true,"jetpack_sharing_enabled":true,"jetpack-related-posts":[],"_links":{"self":[{"href":"https:\/\/enderg.com\/de\/wp-json\/wp\/v2\/product\/518","targetHints":{"allow":["GET"]}}],"collection":[{"href":"https:\/\/enderg.com\/de\/wp-json\/wp\/v2\/product"}],"about":[{"href":"https:\/\/enderg.com\/de\/wp-json\/wp\/v2\/types\/product"}],"replies":[{"embeddable":true,"href":"https:\/\/enderg.com\/de\/wp-json\/wp\/v2\/comments?post=518"}],"version-history":[{"count":7,"href":"https:\/\/enderg.com\/de\/wp-json\/wp\/v2\/product\/518\/revisions"}],"predecessor-version":[{"id":8864,"href":"https:\/\/enderg.com\/de\/wp-json\/wp\/v2\/product\/518\/revisions\/8864"}],"wp:featuredmedia":[{"embeddable":true,"href":"https:\/\/enderg.com\/de\/wp-json\/wp\/v2\/media\/1026"}],"wp:attachment":[{"href":"https:\/\/enderg.com\/de\/wp-json\/wp\/v2\/media?parent=518"}],"wp:term":[{"taxonomy":"product_brand","embeddable":true,"href":"https:\/\/enderg.com\/de\/wp-json\/wp\/v2\/product_brand?post=518"},{"taxonomy":"product_cat","embeddable":true,"href":"https:\/\/enderg.com\/de\/wp-json\/wp\/v2\/product_cat?post=518"},{"taxonomy":"product_tag","embeddable":true,"href":"https:\/\/enderg.com\/de\/wp-json\/wp\/v2\/product_tag?post=518"}],"curies":[{"name":"wp","href":"https:\/\/api.w.org\/{rel}","templated":true}]}}