{"id":492,"date":"2022-08-07T15:00:08","date_gmt":"2022-08-07T12:00:08","guid":{"rendered":"https:\/\/enderg.com\/?post_type=product&#038;p=492"},"modified":"2024-06-26T01:45:02","modified_gmt":"2024-06-25T22:45:02","slug":"football-manager-2022","status":"publish","type":"product","link":"https:\/\/enderg.com\/de\/product\/football-manager-2022\/","title":{"rendered":"Fu\u00dfballmanager 2022"},"content":{"rendered":"<div data-elementor-type=\"wp-post\" data-elementor-id=\"492\" class=\"elementor elementor-492\" data-elementor-post-type=\"product\">\n\t\t\t\t\t\t<section class=\"elementor-section elementor-top-section elementor-element elementor-element-255217c0 elementor-section-boxed elementor-section-height-default elementor-section-height-default\" data-id=\"255217c0\" data-element_type=\"section\" data-e-type=\"section\">\n\t\t\t\t\t\t<div class=\"elementor-container elementor-column-gap-default\">\n\t\t\t\t\t<div class=\"elementor-column elementor-col-100 elementor-top-column elementor-element elementor-element-374b760c\" data-id=\"374b760c\" data-element_type=\"column\" data-e-type=\"column\">\n\t\t\t<div class=\"elementor-widget-wrap elementor-element-populated\">\n\t\t\t\t\t\t<div class=\"elementor-element elementor-element-148108bc elementor-widget elementor-widget-accordion\" data-id=\"148108bc\" data-element_type=\"widget\" data-e-type=\"widget\" data-widget_type=\"accordion.default\">\n\t\t\t\t<div class=\"elementor-widget-container\">\n\t\t\t\t\t\t\t<div class=\"elementor-accordion\">\n\t\t\t\t\t\t\t<div class=\"elementor-accordion-item\">\n\t\t\t\t\t<h4 id=\"elementor-tab-title-3441\" class=\"elementor-tab-title\" data-tab=\"1\" role=\"button\" aria-controls=\"elementor-tab-content-3441\" aria-expanded=\"false\">\n\t\t\t\t\t\t\t\t\t\t\t\t\t<span class=\"elementor-accordion-icon elementor-accordion-icon-left\" aria-hidden=\"true\">\n\t\t\t\t\t\t\t\t\t\t\t\t\t\t\t<span class=\"elementor-accordion-icon-closed\"><i class=\"fas fa-truck\"><\/i><\/span>\n\t\t\t\t\t\t\t\t<span class=\"elementor-accordion-icon-opened\"><i class=\"fas fa-truck\"><\/i><\/span>\n\t\t\t\t\t\t\t\t\t\t\t\t\t\t<\/span>\n\t\t\t\t\t\t\t\t\t\t\t\t<a class=\"elementor-accordion-title\" tabindex=\"0\">Schnelle Lieferung<\/a>\n\t\t\t\t\t<\/h4>\n\t\t\t\t\t<div id=\"elementor-tab-content-3441\" class=\"elementor-tab-content elementor-clearfix\" data-tab=\"1\" role=\"region\" aria-labelledby=\"elementor-tab-title-3441\"><p>Die Lieferung kann je nach Platz in unserer Warteschlange 5 bis 20 Minuten dauern<\/p><p>Ihre Bestellung wird automatisch erstattet, falls sie nicht nach 12 Stunden geliefert wird!<\/p><\/div>\n\t\t\t\t<\/div>\n\t\t\t\t\t\t\t\t<\/div>\n\t\t\t\t\t\t<\/div>\n\t\t\t\t<\/div>\n\t\t\t\t<div class=\"elementor-element elementor-element-240b67c1 elementor-widget elementor-widget-accordion\" data-id=\"240b67c1\" data-element_type=\"widget\" data-e-type=\"widget\" data-widget_type=\"accordion.default\">\n\t\t\t\t<div class=\"elementor-widget-container\">\n\t\t\t\t\t\t\t<div class=\"elementor-accordion\">\n\t\t\t\t\t\t\t<div class=\"elementor-accordion-item\">\n\t\t\t\t\t<h4 id=\"elementor-tab-title-6041\" class=\"elementor-tab-title\" data-tab=\"1\" role=\"button\" aria-controls=\"elementor-tab-content-6041\" aria-expanded=\"false\">\n\t\t\t\t\t\t\t\t\t\t\t\t\t<span class=\"elementor-accordion-icon elementor-accordion-icon-left\" aria-hidden=\"true\">\n\t\t\t\t\t\t\t\t\t\t\t\t\t\t\t<span class=\"elementor-accordion-icon-closed\"><i class=\"fab fa-xbox\"><\/i><\/span>\n\t\t\t\t\t\t\t\t<span class=\"elementor-accordion-icon-opened\"><i class=\"fab fa-xbox\"><\/i><\/span>\n\t\t\t\t\t\t\t\t\t\t\t\t\t\t<\/span>\n\t\t\t\t\t\t\t\t\t\t\t\t<a class=\"elementor-accordion-title\" tabindex=\"0\">So aktivieren Sie<\/a>\n\t\t\t\t\t<\/h4>\n\t\t\t\t\t<div id=\"elementor-tab-content-6041\" class=\"elementor-tab-content elementor-clearfix\" data-tab=\"1\" role=\"region\" aria-labelledby=\"elementor-tab-title-6041\"><p>1- \u00d6ffnen Sie ein VPN und verbinden Sie sich mit dem in Ihrer E-Mail angegebenen Server, nachdem Sie Ihre Bestellung aufgegeben haben.<\/p><p>2- Klicken Sie darauf\u00a0<a title=\"https:\/\/account.microsoft.com\/billing\/redeem?refd=login.live.com\" href=\"https:\/\/account.microsoft.com\/billing\/redeem?refd=login.live.com\"><strong>Verkn\u00fcpfung<\/strong><\/a>\u00a0&amp; Melden Sie sich bei Ihrem Konto an und l\u00f6sen Sie dann den erhaltenen Schl\u00fcssel ein!<\/p><p>3- Viel Spa\u00df!<\/p><\/div>\n\t\t\t\t<\/div>\n\t\t\t\t\t\t\t\t<\/div>\n\t\t\t\t\t\t<\/div>\n\t\t\t\t<\/div>\n\t\t\t\t\t<\/div>\n\t\t<\/div>\n\t\t\t\t\t<\/div>\n\t\t<\/section>\n\t\t\t\t<section class=\"elementor-section elementor-top-section elementor-element elementor-element-fd170d elementor-section-boxed elementor-section-height-default elementor-section-height-default\" data-id=\"fd170d\" data-element_type=\"section\" data-e-type=\"section\">\n\t\t\t\t\t\t<div class=\"elementor-container elementor-column-gap-default\">\n\t\t\t\t\t<div class=\"elementor-column elementor-col-100 elementor-top-column elementor-element elementor-element-223cf96f\" data-id=\"223cf96f\" data-element_type=\"column\" data-e-type=\"column\">\n\t\t\t<div class=\"elementor-widget-wrap elementor-element-populated\">\n\t\t\t\t\t\t<div class=\"elementor-element elementor-element-127f9acd elementor-widget elementor-widget-text-editor\" data-id=\"127f9acd\" data-element_type=\"widget\" data-e-type=\"widget\" data-widget_type=\"text-editor.default\">\n\t\t\t\t<div class=\"elementor-widget-container\">\n\t\t\t\t\t\t\t\t\t<div class=\"game_page_autocollapse_ctn expanded\" data-mce-fragment=\"1\"><div id=\"aboutThisGame\" class=\"game_page_autocollapse\" data-panel=\"{&quot;type&quot;:&quot;PanelGroup&quot;}\" data-mce-fragment=\"1\"><div id=\"game_area_description\" class=\"game_area_description\" data-mce-fragment=\"1\"><h4 class=\"bb_tag\" style=\"text-align: center;\" data-mce-fragment=\"1\"><strong data-mce-fragment=\"1\">Spielbeschreibung<\/strong><\/h4><ul class=\"bb_ul\" data-mce-fragment=\"1\"><li data-mce-fragment=\"1\">Ihnen stehen 123 f\u00fchrende Fu\u00dfballligen zur Verf\u00fcgung. Haben Sie das Zeug dazu, gro\u00dfe (oder kleine) Budgets sinnvoll auszugeben und Ihren Verein an die Spitze zu f\u00fchren?<\/li><li data-mce-fragment=\"1\">Bauen Sie ein erstklassiges Hinterzimmerteam auf, das Sie bei allem unterst\u00fctzen kann, von der Rekrutierung bis zur Spielerentwicklung. Verlassen Sie sich bei der Bew\u00e4ltigung der allt\u00e4glichen Herausforderungen im Fu\u00dfballmanagement auf ihr Fachwissen.<\/li><li data-mce-fragment=\"1\">Durchsuchen Sie die weltweit f\u00fchrende Datenbank von Football Manager mit mehr als 500.000 echten Spielern nach unentdeckten Talenten oder bauen Sie Ihren Kader von innen heraus auf und trainieren Sie Ihre Talente, damit sie ihr ultimatives Potenzial aussch\u00f6pfen k\u00f6nnen.<\/li><li data-mce-fragment=\"1\">Spielen Sie das sch\u00f6ne Spiel auf Ihre Art und Weise und schaffen Sie auf der Taktiktafel eine fu\u00dfballerische Identit\u00e4t, die Ihre Spieler akzeptieren k\u00f6nnen. Es liegt an Ihnen, ein System zu entwickeln, das immer wieder zum Erfolg f\u00fchrt.<\/li><li data-mce-fragment=\"1\">Tauchen Sie ein in unser bisher sch\u00f6nstes Matchday-Erlebnis und erleben Sie, wie Ihre Fu\u00dfballvision auf dem Spielfeld zum Leben erweckt wird. Treffen Sie alle wichtigen Entscheidungen, w\u00e4hrend Sie Ihr Team zum Ruhm f\u00fchren.<\/li><\/ul><h2 class=\"bb_tag\" data-mce-fragment=\"1\"><strong data-mce-fragment=\"1\">Neu f\u00fcr diese Saison<\/strong><\/h2><h2 class=\"bb_tag\" data-mce-fragment=\"1\">FINDEN SIE IHREN VORTEIL<\/h2><p>Erstellen Sie im brandneuen Data Hub Ihr eigenes benutzerdefiniertes Dashboard voller leistungsstarker Statistiken. Nutzen Sie dieselben Kennzahlen und Berichtsmethoden wie echte Vereine, um intelligentere taktische Entscheidungen und Spielerentwicklungsentscheidungen zu treffen und so den Erfolg Ihres Vereins voranzutreiben.<br data-mce-fragment=\"1\" \/><br data-mce-fragment=\"1\" \/><img decoding=\"async\" data-recalc-dims=\"1\" data-src=\"https:\/\/i0.wp.com\/cdn.cloudflare.steamstatic.com\/steam\/apps\/1569040\/extras\/Data-Hub.gif?w=980&#038;ssl=1\" data-mce-fragment=\"1\" src=\"data:image\/svg+xml;base64,PHN2ZyB3aWR0aD0iMSIgaGVpZ2h0PSIxIiB4bWxucz0iaHR0cDovL3d3dy53My5vcmcvMjAwMC9zdmciPjwvc3ZnPg==\" class=\"lazyload\" \/><\/p><h2 class=\"bb_tag\" data-mce-fragment=\"1\">Authentizit\u00e4t auf dem Spielfeld<\/h2><p>Erleben Sie dank unserer verbesserten Animations-Engine, wie Ihre Stars ihre F\u00e4higkeiten detaillierter als je zuvor unter Beweis stellen. Ein \u00fcberarbeitetes Pressing-System und \u00c4nderungen an der Spielersch\u00e4rfe sorgen daf\u00fcr, dass Sie den Gegner vom ersten Pfiff an angreifen k\u00f6nnen und von einem authentischeren Spielfluss profitieren.<\/p><h2 class=\"bb_tag\" data-mce-fragment=\"1\">VERWANDELN SIE VERTEIDIGUNG IN ANGRIFF<\/h2><p>Setzen Sie mit der neuen Rolle des breiten Innenverteidigers einen der wichtigsten taktischen Trends der letzten Saison um. Ganz gleich, ob Sie schon immer die Dreierkette favorisiert haben oder sich selbst als nat\u00fcrlichen Innovator betrachten, Sie verf\u00fcgen jetzt \u00fcber noch mehr Werkzeuge, um den Gegner auf der Jagd nach den entscheidenden Siegen zu \u00fcberw\u00e4ltigen.<br data-mce-fragment=\"1\" \/><br data-mce-fragment=\"1\" \/><img decoding=\"async\" data-recalc-dims=\"1\" data-src=\"https:\/\/i0.wp.com\/cdn.cloudflare.steamstatic.com\/steam\/apps\/1569040\/extras\/Wide-CB-Animated.gif?w=980&#038;ssl=1\" data-mce-fragment=\"1\" src=\"data:image\/svg+xml;base64,PHN2ZyB3aWR0aD0iMSIgaGVpZ2h0PSIxIiB4bWxucz0iaHR0cDovL3d3dy53My5vcmcvMjAwMC9zdmciPjwvc3ZnPg==\" class=\"lazyload\" \/><\/p><h2 class=\"bb_tag\" data-mce-fragment=\"1\">DEADLINE DAY DRAMA<\/h2><p>Erleben Sie die H\u00f6hen und Tiefen eines der dramatischsten Spiele im Fu\u00dfballkalender. \u00dcberholen Sie Ihre Rivalen, sichern Sie sich Last-Minute-Angebote und arbeiten Sie in unserem neu gestalteten Erlebnis, das die Unvorhersehbarkeit des H\u00f6hepunkts des Transferfensters nachbildet, enger mit Agenten zusammen.<br data-mce-fragment=\"1\" \/><br data-mce-fragment=\"1\" \/><img decoding=\"async\" data-recalc-dims=\"1\" data-src=\"https:\/\/i0.wp.com\/cdn.cloudflare.steamstatic.com\/steam\/apps\/1569040\/extras\/Deadline-Day.gif?w=980&#038;ssl=1\" data-mce-fragment=\"1\" src=\"data:image\/svg+xml;base64,PHN2ZyB3aWR0aD0iMSIgaGVpZ2h0PSIxIiB4bWxucz0iaHR0cDovL3d3dy53My5vcmcvMjAwMC9zdmciPjwvc3ZnPg==\" class=\"lazyload\" \/><\/p><h2 class=\"bb_tag\" data-mce-fragment=\"1\">ZUSAMMENARBEIT WIE CHAMPIONS<\/h2><p>Neue, realit\u00e4tsnahe Mitarbeiterbesprechungen erm\u00f6glichen es Ihnen, mit Ihrem Hinterzimmerteam eine gut eingespielte Maschine zu bilden. Durch die Kombination w\u00f6chentlicher Berichte zu Coaching, Rekrutierung, Spielerentwicklung und Personalbesetzung erhalten Sie ein Ma\u00df an verbesserter Unterst\u00fctzung, das Ihren Spielern dabei hilft, neue H\u00f6hen zu erreichen.<br data-mce-fragment=\"1\" \/><br data-mce-fragment=\"1\" \/><img decoding=\"async\" data-recalc-dims=\"1\" data-src=\"https:\/\/i0.wp.com\/cdn.cloudflare.steamstatic.com\/steam\/apps\/1569040\/extras\/Staff-Meeting.gif?w=980&#038;ssl=1\" data-mce-fragment=\"1\" src=\"data:image\/svg+xml;base64,PHN2ZyB3aWR0aD0iMSIgaGVpZ2h0PSIxIiB4bWxucz0iaHR0cDovL3d3dy53My5vcmcvMjAwMC9zdmciPjwvc3ZnPg==\" class=\"lazyload\" \/><\/p><h2 class=\"bb_tag\" data-mce-fragment=\"1\">WEITERE ERG\u00c4NZUNGEN<\/h2><p>Kreieren Sie Ihren idealen Manager-Look mit einem neu gestalteten Manager-Ersteller, steigern Sie Ihre Leistung auf dem Transfermarkt mit einer Reihe neuer Scouting-Verbesserungen und verdienen Sie sich im verbesserten Fantasy-Draft-Modus die Ehre, mit Ihren Freunden zu prahlen.<\/p><\/div><\/div><\/div><div class=\"game_page_autocollapse_ctn\" data-mce-fragment=\"1\"><div class=\"game_page_autocollapse sys_req\" data-mce-fragment=\"1\"><h2 data-mce-fragment=\"1\">\u00a0<\/h2><h2 data-mce-fragment=\"1\"><iframe title=\"YouTube-Videoplayer\" data-src=\"https:\/\/www.youtube.com\/embed\/_q9Js7h_I5w\" width=\"560\" height=\"315\" frameborder=\"0\" allowfullscreen=\"allowfullscreen\" data-mce-fragment=\"1\" data-mce-data-src=\"https:\/\/www.youtube.com\/embed\/_q9Js7h_I5w\" src=\"data:image\/svg+xml;base64,PHN2ZyB3aWR0aD0iMSIgaGVpZ2h0PSIxIiB4bWxucz0iaHR0cDovL3d3dy53My5vcmcvMjAwMC9zdmciPjwvc3ZnPg==\" class=\"lazyload\" data-load-mode=\"1\"><\/iframe><\/h2><h2 data-mce-fragment=\"1\">SYSTEM ANFORDERUNGEN<\/h2><h2 data-mce-fragment=\"1\"><strong data-mce-fragment=\"1\">MINIMUM:<\/strong><\/h2><div class=\"sysreq_contents\" data-mce-fragment=\"1\"><div class=\"game_area_sys_req sysreq_content active\" data-os=\"win\" data-mce-fragment=\"1\"><div class=\"game_area_sys_req_leftCol\" data-mce-fragment=\"1\"><ul data-mce-fragment=\"1\"><li style=\"list-style-type: none;\"><ul class=\"bb_ul\" data-mce-fragment=\"1\"><li data-mce-fragment=\"1\">Erfordert einen 64-Bit-Prozessor und ein Betriebssystem<\/li><li data-mce-fragment=\"1\"><strong data-mce-fragment=\"1\">Betriebssystem:<\/strong><span data-mce-fragment=\"1\">\u00a0<\/span>Windows 7 64-Bit, 8\/8.1, 10<\/li><li data-mce-fragment=\"1\"><strong data-mce-fragment=\"1\">Prozessor:<\/strong><span data-mce-fragment=\"1\">\u00a0<\/span>Intel Core 2 oder AMD Athlon 64 1,8 GHz+<\/li><li data-mce-fragment=\"1\"><strong data-mce-fragment=\"1\">Erinnerung:<\/strong><span data-mce-fragment=\"1\">\u00a0<\/span>4 GB RAM<\/li><li data-mce-fragment=\"1\"><strong data-mce-fragment=\"1\">Grafik:<\/strong><span data-mce-fragment=\"1\">\u00a0<\/span>Intel GMA X4500, NVIDIA GeForece 9600M GT, AMD\/ATI Mobility Raedon HD 3650 \u2013 256 MB VRAM<\/li><li data-mce-fragment=\"1\"><strong data-mce-fragment=\"1\">DirectX:<\/strong><span data-mce-fragment=\"1\">\u00a0<\/span>Fassung 11<\/li><li data-mce-fragment=\"1\"><strong data-mce-fragment=\"1\">Lagerung:<\/strong><span data-mce-fragment=\"1\">\u00a0<\/span>7 GB verf\u00fcgbarer Speicherplatz<\/li><\/ul><\/li><\/ul><\/div><div class=\"game_area_sys_req_rightCol\" data-mce-fragment=\"1\"><p><strong data-mce-fragment=\"1\">EMPFOHLEN:<\/strong><\/p><ul data-mce-fragment=\"1\"><li style=\"list-style-type: none;\"><ul class=\"bb_ul\" data-mce-fragment=\"1\"><li data-mce-fragment=\"1\">Erfordert einen 64-Bit-Prozessor und ein Betriebssystem<\/li><\/ul><\/li><\/ul><\/div><div data-mce-fragment=\"1\">\u00a0<\/div><\/div><\/div><\/div><\/div><div class=\"game_page_autocollapse_ctn\" data-mce-fragment=\"1\"><div class=\"game_page_autocollapse\" data-mce-fragment=\"1\"><div id=\"game_area_legal\" data-mce-fragment=\"1\">\u00a0<\/div><\/div><\/div>\t\t\t\t\t\t\t\t<\/div>\n\t\t\t\t<\/div>\n\t\t\t\t\t<\/div>\n\t\t<\/div>\n\t\t\t\t\t<\/div>\n\t\t<\/section>\n\t\t\t\t<\/div>","protected":false},"excerpt":{"rendered":"<p>Fast Delivery Delivery can take 5 to 20 minutes, according to your place in our queue Your Order will be \u2018Auto Refunded\u2019 in case it does not get delivered after 12 hours! How To Activate 1- Open up a VPN and connect to the server specified in your email after placing your order. 2- Click [&hellip;]<\/p>\n","protected":false},"featured_media":972,"comment_status":"open","ping_status":"closed","template":"","meta":{"_crdt_document":"","jetpack_post_was_ever_published":false,"jetpack_publicize_message":"","jetpack_publicize_feature_enabled":true,"jetpack_social_post_already_shared":true,"jetpack_social_options":{"image_generator_settings":{"template":"highway","default_image_id":0,"font":"","enabled":false},"version":2},"_wpas_customize_per_network":false},"product_brand":[],"product_cat":[1375,1374],"product_tag":[],"class_list":{"0":"post-492","1":"product","2":"type-product","3":"status-publish","4":"has-post-thumbnail","6":"product_cat-pc","7":"product_cat-xbox","9":"first","10":"outofstock","11":"sale","12":"taxable","13":"shipping-taxable","14":"purchasable","15":"product-type-variable","16":"has-default-attributes"},"yoast_head":"<!-- This site is optimized with the Yoast SEO Premium plugin v27.3 (Yoast SEO v27.3) - https:\/\/yoast.com\/product\/yoast-seo-premium-wordpress\/ -->\n<title>Football Manager 2022 - EnderG<\/title>\n<meta name=\"robots\" content=\"index, follow, max-snippet:-1, max-image-preview:large, max-video-preview:-1\" \/>\n<link rel=\"canonical\" href=\"https:\/\/enderg.com\/de\/product\/football-manager-2022\/\" \/>\n<meta property=\"og:locale\" content=\"de_DE\" \/>\n<meta property=\"og:type\" content=\"article\" \/>\n<meta property=\"og:title\" content=\"Football Manager 2022\" \/>\n<meta property=\"og:description\" content=\"Fast Delivery Delivery can take 5 to 20 minutes, according to your place in our queue Your Order will be \u2018Auto Refunded\u2019 in case it does not get delivered after 12 hours! How To Activate 1- Open up a VPN and connect to the server specified in your email after placing your order. 2- Click [&hellip;]\" \/>\n<meta property=\"og:url\" content=\"https:\/\/enderg.com\/de\/product\/football-manager-2022\/\" \/>\n<meta property=\"og:site_name\" content=\"EnderG\" \/>\n<meta property=\"article:publisher\" content=\"https:\/\/www.facebook.com\/Endergg1\/\" \/>\n<meta property=\"article:modified_time\" content=\"2024-06-25T22:45:02+00:00\" \/>\n<meta property=\"og:image\" content=\"https:\/\/enderg.com\/wp-content\/uploads\/2022\/08\/EGS_FootballManager2022_SportsInteractive_S2_1200x1600-5377adfa5fd611bd6726995ece5b04ef-e1659873597210.jpg\" \/>\n\t<meta property=\"og:image:width\" content=\"1200\" \/>\n\t<meta property=\"og:image:height\" content=\"1152\" \/>\n\t<meta property=\"og:image:type\" content=\"image\/jpeg\" \/>\n<meta name=\"twitter:card\" content=\"summary_large_image\" \/>\n<meta name=\"twitter:label1\" content=\"Gesch\u00e4tzte Lesezeit\" \/>\n\t<meta name=\"twitter:data1\" content=\"4\u00a0Minuten\" \/>\n<script type=\"application\/ld+json\" class=\"yoast-schema-graph\">{\"@context\":\"https:\\\/\\\/schema.org\",\"@graph\":[{\"@type\":\"WebPage\",\"@id\":\"https:\\\/\\\/enderg.com\\\/product\\\/football-manager-2022\\\/\",\"url\":\"https:\\\/\\\/enderg.com\\\/product\\\/football-manager-2022\\\/\",\"name\":\"Football Manager 2022 - EnderG\",\"isPartOf\":{\"@id\":\"https:\\\/\\\/enderg.com\\\/#website\"},\"primaryImageOfPage\":{\"@id\":\"https:\\\/\\\/enderg.com\\\/product\\\/football-manager-2022\\\/#primaryimage\"},\"image\":{\"@id\":\"https:\\\/\\\/enderg.com\\\/product\\\/football-manager-2022\\\/#primaryimage\"},\"thumbnailUrl\":\"https:\\\/\\\/i0.wp.com\\\/enderg.com\\\/wp-content\\\/uploads\\\/2022\\\/08\\\/EGS_FootballManager2022_SportsInteractive_S2_1200x1600-5377adfa5fd611bd6726995ece5b04ef-e1659873597210.jpg?fit=1200%2C1152&ssl=1\",\"datePublished\":\"2022-08-07T12:00:08+00:00\",\"dateModified\":\"2024-06-25T22:45:02+00:00\",\"breadcrumb\":{\"@id\":\"https:\\\/\\\/enderg.com\\\/product\\\/football-manager-2022\\\/#breadcrumb\"},\"inLanguage\":\"de\",\"potentialAction\":[{\"@type\":\"ReadAction\",\"target\":[\"https:\\\/\\\/enderg.com\\\/product\\\/football-manager-2022\\\/\"]}]},{\"@type\":\"ImageObject\",\"inLanguage\":\"de\",\"@id\":\"https:\\\/\\\/enderg.com\\\/product\\\/football-manager-2022\\\/#primaryimage\",\"url\":\"https:\\\/\\\/i0.wp.com\\\/enderg.com\\\/wp-content\\\/uploads\\\/2022\\\/08\\\/EGS_FootballManager2022_SportsInteractive_S2_1200x1600-5377adfa5fd611bd6726995ece5b04ef-e1659873597210.jpg?fit=1200%2C1152&ssl=1\",\"contentUrl\":\"https:\\\/\\\/i0.wp.com\\\/enderg.com\\\/wp-content\\\/uploads\\\/2022\\\/08\\\/EGS_FootballManager2022_SportsInteractive_S2_1200x1600-5377adfa5fd611bd6726995ece5b04ef-e1659873597210.jpg?fit=1200%2C1152&ssl=1\",\"width\":1200,\"height\":1152},{\"@type\":\"BreadcrumbList\",\"@id\":\"https:\\\/\\\/enderg.com\\\/product\\\/football-manager-2022\\\/#breadcrumb\",\"itemListElement\":[{\"@type\":\"ListItem\",\"position\":1,\"name\":\"Home\",\"item\":\"https:\\\/\\\/enderg.com\\\/\"},{\"@type\":\"ListItem\",\"position\":2,\"name\":\"Shop\",\"item\":\"https:\\\/\\\/enderg.com\\\/shop\\\/\"},{\"@type\":\"ListItem\",\"position\":3,\"name\":\"Football Manager 2022\"}]},{\"@type\":\"WebSite\",\"@id\":\"https:\\\/\\\/enderg.com\\\/#website\",\"url\":\"https:\\\/\\\/enderg.com\\\/\",\"name\":\"EnderG\",\"description\":\"Cheaper Is What We Do!\",\"publisher\":{\"@id\":\"https:\\\/\\\/enderg.com\\\/#organization\"},\"potentialAction\":[{\"@type\":\"SearchAction\",\"target\":{\"@type\":\"EntryPoint\",\"urlTemplate\":\"https:\\\/\\\/enderg.com\\\/?s={search_term_string}\"},\"query-input\":{\"@type\":\"PropertyValueSpecification\",\"valueRequired\":true,\"valueName\":\"search_term_string\"}}],\"inLanguage\":\"de\"},{\"@type\":\"Organization\",\"@id\":\"https:\\\/\\\/enderg.com\\\/#organization\",\"name\":\"EnderG\",\"url\":\"https:\\\/\\\/enderg.com\\\/\",\"logo\":{\"@type\":\"ImageObject\",\"inLanguage\":\"de\",\"@id\":\"https:\\\/\\\/enderg.com\\\/#\\\/schema\\\/logo\\\/image\\\/\",\"url\":\"https:\\\/\\\/enderg.com\\\/wp-content\\\/uploads\\\/2023\\\/03\\\/222222222221.png\",\"contentUrl\":\"https:\\\/\\\/enderg.com\\\/wp-content\\\/uploads\\\/2023\\\/03\\\/222222222221.png\",\"width\":512,\"height\":512,\"caption\":\"EnderG\"},\"image\":{\"@id\":\"https:\\\/\\\/enderg.com\\\/#\\\/schema\\\/logo\\\/image\\\/\"},\"sameAs\":[\"https:\\\/\\\/www.facebook.com\\\/Endergg1\\\/\",\"https:\\\/\\\/www.instagram.com\\\/enderg01\",\"https:\\\/\\\/www.youtube.com\\\/@enderg-com\"],\"description\":\"Cheaper Gaming is what we do!\",\"legalName\":\"Vandar Limited\",\"foundingDate\":\"2022-06-21\"}]}<\/script>\n<!-- \/ Yoast SEO Premium plugin. -->","yoast_head_json":{"title":"Football Manager 2022 - EnderG","robots":{"index":"index","follow":"follow","max-snippet":"max-snippet:-1","max-image-preview":"max-image-preview:large","max-video-preview":"max-video-preview:-1"},"canonical":"https:\/\/enderg.com\/de\/product\/football-manager-2022\/","og_locale":"de_DE","og_type":"article","og_title":"Football Manager 2022","og_description":"Fast Delivery Delivery can take 5 to 20 minutes, according to your place in our queue Your Order will be \u2018Auto Refunded\u2019 in case it does not get delivered after 12 hours! How To Activate 1- Open up a VPN and connect to the server specified in your email after placing your order. 2- Click [&hellip;]","og_url":"https:\/\/enderg.com\/de\/product\/football-manager-2022\/","og_site_name":"EnderG","article_publisher":"https:\/\/www.facebook.com\/Endergg1\/","article_modified_time":"2024-06-25T22:45:02+00:00","og_image":[{"width":1200,"height":1152,"url":"https:\/\/enderg.com\/wp-content\/uploads\/2022\/08\/EGS_FootballManager2022_SportsInteractive_S2_1200x1600-5377adfa5fd611bd6726995ece5b04ef-e1659873597210.jpg","type":"image\/jpeg"}],"twitter_card":"summary_large_image","twitter_misc":{"Gesch\u00e4tzte Lesezeit":"4\u00a0Minuten"},"schema":{"@context":"https:\/\/schema.org","@graph":[{"@type":"WebPage","@id":"https:\/\/enderg.com\/product\/football-manager-2022\/","url":"https:\/\/enderg.com\/product\/football-manager-2022\/","name":"Football Manager 2022 - EnderG","isPartOf":{"@id":"https:\/\/enderg.com\/#website"},"primaryImageOfPage":{"@id":"https:\/\/enderg.com\/product\/football-manager-2022\/#primaryimage"},"image":{"@id":"https:\/\/enderg.com\/product\/football-manager-2022\/#primaryimage"},"thumbnailUrl":"https:\/\/i0.wp.com\/enderg.com\/wp-content\/uploads\/2022\/08\/EGS_FootballManager2022_SportsInteractive_S2_1200x1600-5377adfa5fd611bd6726995ece5b04ef-e1659873597210.jpg?fit=1200%2C1152&ssl=1","datePublished":"2022-08-07T12:00:08+00:00","dateModified":"2024-06-25T22:45:02+00:00","breadcrumb":{"@id":"https:\/\/enderg.com\/product\/football-manager-2022\/#breadcrumb"},"inLanguage":"de","potentialAction":[{"@type":"ReadAction","target":["https:\/\/enderg.com\/product\/football-manager-2022\/"]}]},{"@type":"ImageObject","inLanguage":"de","@id":"https:\/\/enderg.com\/product\/football-manager-2022\/#primaryimage","url":"https:\/\/i0.wp.com\/enderg.com\/wp-content\/uploads\/2022\/08\/EGS_FootballManager2022_SportsInteractive_S2_1200x1600-5377adfa5fd611bd6726995ece5b04ef-e1659873597210.jpg?fit=1200%2C1152&ssl=1","contentUrl":"https:\/\/i0.wp.com\/enderg.com\/wp-content\/uploads\/2022\/08\/EGS_FootballManager2022_SportsInteractive_S2_1200x1600-5377adfa5fd611bd6726995ece5b04ef-e1659873597210.jpg?fit=1200%2C1152&ssl=1","width":1200,"height":1152},{"@type":"BreadcrumbList","@id":"https:\/\/enderg.com\/product\/football-manager-2022\/#breadcrumb","itemListElement":[{"@type":"ListItem","position":1,"name":"Home","item":"https:\/\/enderg.com\/"},{"@type":"ListItem","position":2,"name":"Shop","item":"https:\/\/enderg.com\/shop\/"},{"@type":"ListItem","position":3,"name":"Football Manager 2022"}]},{"@type":"WebSite","@id":"https:\/\/enderg.com\/#website","url":"https:\/\/enderg.com\/","name":"EnderG","description":"Billiger ist unser Ding!","publisher":{"@id":"https:\/\/enderg.com\/#organization"},"potentialAction":[{"@type":"SearchAction","target":{"@type":"EntryPoint","urlTemplate":"https:\/\/enderg.com\/?s={search_term_string}"},"query-input":{"@type":"PropertyValueSpecification","valueRequired":true,"valueName":"search_term_string"}}],"inLanguage":"de"},{"@type":"Organization","@id":"https:\/\/enderg.com\/#organization","name":"EnderG","url":"https:\/\/enderg.com\/","logo":{"@type":"ImageObject","inLanguage":"de","@id":"https:\/\/enderg.com\/#\/schema\/logo\/image\/","url":"https:\/\/enderg.com\/wp-content\/uploads\/2023\/03\/222222222221.png","contentUrl":"https:\/\/enderg.com\/wp-content\/uploads\/2023\/03\/222222222221.png","width":512,"height":512,"caption":"EnderG"},"image":{"@id":"https:\/\/enderg.com\/#\/schema\/logo\/image\/"},"sameAs":["https:\/\/www.facebook.com\/Endergg1\/","https:\/\/www.instagram.com\/enderg01","https:\/\/www.youtube.com\/@enderg-com"],"description":"G\u00fcnstiges Gaming ist unsere Spezialit\u00e4t!","legalName":"Vandar Limited","foundingDate":"2022-06-21"}]}},"jetpack_publicize_connections":[],"jetpack_likes_enabled":true,"jetpack_sharing_enabled":true,"jetpack-related-posts":[],"_links":{"self":[{"href":"https:\/\/enderg.com\/de\/wp-json\/wp\/v2\/product\/492","targetHints":{"allow":["GET"]}}],"collection":[{"href":"https:\/\/enderg.com\/de\/wp-json\/wp\/v2\/product"}],"about":[{"href":"https:\/\/enderg.com\/de\/wp-json\/wp\/v2\/types\/product"}],"replies":[{"embeddable":true,"href":"https:\/\/enderg.com\/de\/wp-json\/wp\/v2\/comments?post=492"}],"version-history":[{"count":9,"href":"https:\/\/enderg.com\/de\/wp-json\/wp\/v2\/product\/492\/revisions"}],"predecessor-version":[{"id":8764,"href":"https:\/\/enderg.com\/de\/wp-json\/wp\/v2\/product\/492\/revisions\/8764"}],"wp:featuredmedia":[{"embeddable":true,"href":"https:\/\/enderg.com\/de\/wp-json\/wp\/v2\/media\/972"}],"wp:attachment":[{"href":"https:\/\/enderg.com\/de\/wp-json\/wp\/v2\/media?parent=492"}],"wp:term":[{"taxonomy":"product_brand","embeddable":true,"href":"https:\/\/enderg.com\/de\/wp-json\/wp\/v2\/product_brand?post=492"},{"taxonomy":"product_cat","embeddable":true,"href":"https:\/\/enderg.com\/de\/wp-json\/wp\/v2\/product_cat?post=492"},{"taxonomy":"product_tag","embeddable":true,"href":"https:\/\/enderg.com\/de\/wp-json\/wp\/v2\/product_tag?post=492"}],"curies":[{"name":"wp","href":"https:\/\/api.w.org\/{rel}","templated":true}]}}