{"id":444,"date":"2022-08-07T03:00:03","date_gmt":"2022-08-07T00:00:03","guid":{"rendered":"https:\/\/enderg.com\/?post_type=product&#038;p=444"},"modified":"2024-06-26T01:45:58","modified_gmt":"2024-06-25T22:45:58","slug":"dynasty-warriors-9","status":"publish","type":"product","link":"https:\/\/enderg.com\/de\/product\/dynasty-warriors-9\/","title":{"rendered":"DYNASTIE-KRIEGER 9"},"content":{"rendered":"<div data-elementor-type=\"wp-post\" data-elementor-id=\"444\" class=\"elementor elementor-444\" data-elementor-post-type=\"product\">\n\t\t\t\t\t\t<section class=\"elementor-section elementor-top-section elementor-element elementor-element-63dc1776 elementor-section-boxed elementor-section-height-default elementor-section-height-default\" data-id=\"63dc1776\" data-element_type=\"section\" data-e-type=\"section\">\n\t\t\t\t\t\t<div class=\"elementor-container elementor-column-gap-default\">\n\t\t\t\t\t<div class=\"elementor-column elementor-col-100 elementor-top-column elementor-element elementor-element-49e59826\" data-id=\"49e59826\" data-element_type=\"column\" data-e-type=\"column\">\n\t\t\t<div class=\"elementor-widget-wrap elementor-element-populated\">\n\t\t\t\t\t\t<div class=\"elementor-element elementor-element-18255d2e elementor-widget elementor-widget-accordion\" data-id=\"18255d2e\" data-element_type=\"widget\" data-e-type=\"widget\" data-widget_type=\"accordion.default\">\n\t\t\t\t<div class=\"elementor-widget-container\">\n\t\t\t\t\t\t\t<div class=\"elementor-accordion\">\n\t\t\t\t\t\t\t<div class=\"elementor-accordion-item\">\n\t\t\t\t\t<h4 id=\"elementor-tab-title-4051\" class=\"elementor-tab-title\" data-tab=\"1\" role=\"button\" aria-controls=\"elementor-tab-content-4051\" aria-expanded=\"false\">\n\t\t\t\t\t\t\t\t\t\t\t\t\t<span class=\"elementor-accordion-icon elementor-accordion-icon-left\" aria-hidden=\"true\">\n\t\t\t\t\t\t\t\t\t\t\t\t\t\t\t<span class=\"elementor-accordion-icon-closed\"><i class=\"fas fa-truck\"><\/i><\/span>\n\t\t\t\t\t\t\t\t<span class=\"elementor-accordion-icon-opened\"><i class=\"fas fa-truck\"><\/i><\/span>\n\t\t\t\t\t\t\t\t\t\t\t\t\t\t<\/span>\n\t\t\t\t\t\t\t\t\t\t\t\t<a class=\"elementor-accordion-title\" tabindex=\"0\">Schnelle Lieferung<\/a>\n\t\t\t\t\t<\/h4>\n\t\t\t\t\t<div id=\"elementor-tab-content-4051\" class=\"elementor-tab-content elementor-clearfix\" data-tab=\"1\" role=\"region\" aria-labelledby=\"elementor-tab-title-4051\"><p>Die Lieferung kann je nach Platz in unserer Warteschlange 5 bis 20 Minuten dauern<\/p><p>Ihre Bestellung wird automatisch erstattet, falls sie nicht nach 12 Stunden geliefert wird!<\/p><\/div>\n\t\t\t\t<\/div>\n\t\t\t\t\t\t\t\t<\/div>\n\t\t\t\t\t\t<\/div>\n\t\t\t\t<\/div>\n\t\t\t\t<div class=\"elementor-element elementor-element-7a01f017 elementor-widget elementor-widget-accordion\" data-id=\"7a01f017\" data-element_type=\"widget\" data-e-type=\"widget\" data-widget_type=\"accordion.default\">\n\t\t\t\t<div class=\"elementor-widget-container\">\n\t\t\t\t\t\t\t<div class=\"elementor-accordion\">\n\t\t\t\t\t\t\t<div class=\"elementor-accordion-item\">\n\t\t\t\t\t<h4 id=\"elementor-tab-title-2041\" class=\"elementor-tab-title\" data-tab=\"1\" role=\"button\" aria-controls=\"elementor-tab-content-2041\" aria-expanded=\"false\">\n\t\t\t\t\t\t\t\t\t\t\t\t\t<span class=\"elementor-accordion-icon elementor-accordion-icon-left\" aria-hidden=\"true\">\n\t\t\t\t\t\t\t\t\t\t\t\t\t\t\t<span class=\"elementor-accordion-icon-closed\"><i class=\"fab fa-xbox\"><\/i><\/span>\n\t\t\t\t\t\t\t\t<span class=\"elementor-accordion-icon-opened\"><i class=\"fab fa-xbox\"><\/i><\/span>\n\t\t\t\t\t\t\t\t\t\t\t\t\t\t<\/span>\n\t\t\t\t\t\t\t\t\t\t\t\t<a class=\"elementor-accordion-title\" tabindex=\"0\">So aktivieren Sie<\/a>\n\t\t\t\t\t<\/h4>\n\t\t\t\t\t<div id=\"elementor-tab-content-2041\" class=\"elementor-tab-content elementor-clearfix\" data-tab=\"1\" role=\"region\" aria-labelledby=\"elementor-tab-title-2041\"><p>1- \u00d6ffnen Sie ein VPN und verbinden Sie sich mit dem in Ihrer E-Mail angegebenen Server, nachdem Sie Ihre Bestellung aufgegeben haben.<\/p><p>2- Klicken Sie darauf\u00a0<a title=\"https:\/\/account.microsoft.com\/billing\/redeem?refd=login.live.com\" href=\"https:\/\/account.microsoft.com\/billing\/redeem?refd=login.live.com\"><strong>Verkn\u00fcpfung<\/strong><\/a>\u00a0&amp; Melden Sie sich bei Ihrem Konto an und l\u00f6sen Sie dann den erhaltenen Schl\u00fcssel ein!<\/p><p>3- Viel Spa\u00df!<\/p><\/div>\n\t\t\t\t<\/div>\n\t\t\t\t\t\t\t\t<\/div>\n\t\t\t\t\t\t<\/div>\n\t\t\t\t<\/div>\n\t\t\t\t\t<\/div>\n\t\t<\/div>\n\t\t\t\t\t<\/div>\n\t\t<\/section>\n\t\t\t\t<section class=\"elementor-section elementor-top-section elementor-element elementor-element-430cca94 elementor-section-boxed elementor-section-height-default elementor-section-height-default\" data-id=\"430cca94\" data-element_type=\"section\" data-e-type=\"section\">\n\t\t\t\t\t\t<div class=\"elementor-container elementor-column-gap-default\">\n\t\t\t\t\t<div class=\"elementor-column elementor-col-100 elementor-top-column elementor-element elementor-element-ea24d59\" data-id=\"ea24d59\" data-element_type=\"column\" data-e-type=\"column\">\n\t\t\t<div class=\"elementor-widget-wrap elementor-element-populated\">\n\t\t\t\t\t\t<div class=\"elementor-element elementor-element-3a5162 elementor-widget elementor-widget-text-editor\" data-id=\"3a5162\" data-element_type=\"widget\" data-e-type=\"widget\" data-widget_type=\"text-editor.default\">\n\t\t\t\t<div class=\"elementor-widget-container\">\n\t\t\t\t\t\t\t\t\t<div class=\"game_page_autocollapse_ctn expanded\"><div id=\"aboutThisGame\" class=\"game_page_autocollapse\" data-panel=\"{&quot;type&quot;:&quot;PanelGroup&quot;}\"><div id=\"game_area_description\" class=\"game_area_description\"><h4 style=\"text-align: center;\"><strong style=\"font-size: 1.41575em;\">\u00dcBER DIESES SPIEL<\/strong><\/h4><p><strong>Erlebe mit DYNASTY WARRIORS 9, dem neuesten Teil der Serie, den Nervenkitzel \u201eEiner gegen Tausende\u201c in einer v\u00f6llig neuen offenen Welt!<\/strong><\/p><p><strong>\u30fbEin neues Open World Warriors-Spiel<\/strong><br \/>Zum ersten Mal in der Serie wird das weitl\u00e4ufige Land China auf einer einzigen Karte dargestellt und ein Open-World-Format f\u00fcr abwechslungsreichen Spielfortschritt eingef\u00fchrt. Die aufregende \u201eEiner gegen Tausende\u201c-Action der Warriors-Reihe und die beliebten Charaktere aus der Geschichte \u201eRomance of the Three Kingdoms\u201c werden \u00fcbernommen, aber die Freiheit durch eine offene Weltb\u00fchne bietet ein brandneues Warriors-Erlebnis.<br \/><img decoding=\"async\" data-recalc-dims=\"1\" data-src=\"https:\/\/i0.wp.com\/cdn.cloudflare.steamstatic.com\/steam\/apps\/730310\/extras\/%E3%82%B2%E3%83%BC%E3%83%A0%E3%81%AE%E6%B5%81%E3%82%8C5_%E6%B4%9B%E9%99%BD%E3%81%A7%E3%81%AE%E6%88%A6%E3%81%84.jpg?w=980&#038;ssl=1\" src=\"data:image\/svg+xml;base64,PHN2ZyB3aWR0aD0iMSIgaGVpZ2h0PSIxIiB4bWxucz0iaHR0cDovL3d3dy53My5vcmcvMjAwMC9zdmciPjwvc3ZnPg==\" class=\"lazyload\" \/><br \/>Schl\u00fcsselmissionen entfalten und treiben die Geschichte des Spielercharakters voran und werden durch zahlreiche Missionen aus verschiedenen Regionen erg\u00e4nzt, wie z. B. regul\u00e4re Missionen, die sich auf die Schl\u00fcsselmissionen und Anfragen anderer Charaktere auswirken. Die Situation wird sich st\u00e4ndig \u00e4ndern, je nachdem, welche Missionen ausgew\u00e4hlt werden. In den vielen Schlachten, die auf der Karte stattfinden, stehen den Spielern vielf\u00e4ltige Strategien und Taktiken zur Verf\u00fcgung, wie zum Beispiel \u201efrontal angreifen\u201c, \u201eeinen \u00dcberraschungsangriff aus einer erh\u00f6hten Position starten\u201c oder \u201enachts infiltrieren\u201c \u2013 und das auf vielf\u00e4ltige Weise um die weitl\u00e4ufige Welt der Drei K\u00f6nigreiche zu genie\u00dfen.<br \/><img decoding=\"async\" data-recalc-dims=\"1\" data-src=\"https:\/\/i0.wp.com\/cdn.cloudflare.steamstatic.com\/steam\/apps\/730310\/extras\/%E8%87%AA%E7%94%B1%E3%81%AA%E6%88%A6%E9%97%986_%E9%81%A0%E8%B7%9D%E9%9B%A2%E3%81%8B%E3%82%89%E3%81%AE%E6%94%BB%E6%92%8302_01_noUI.jpg?w=980&#038;ssl=1\" src=\"data:image\/svg+xml;base64,PHN2ZyB3aWR0aD0iMSIgaGVpZ2h0PSIxIiB4bWxucz0iaHR0cDovL3d3dy53My5vcmcvMjAwMC9zdmciPjwvc3ZnPg==\" class=\"lazyload\" \/><br \/>Die Karte wird mit wundersch\u00f6nen Grafiken dargestellt und zeigt viele verschiedene Regionen Chinas wie Schneeebenen, Dschungel und W\u00fcsten, die den Lauf der Zeit und den Klimawandel widerspiegeln. Wichtige St\u00e4dte und Kontrollpunkte wie Luoyang und Hulao Gate sowie Wahrzeichen wie der Gelbe Fluss und der Berg Song werden nachgebildet, was ein tieferes Eintauchen in die Spielwelt erm\u00f6glicht.<br \/><img decoding=\"async\" data-recalc-dims=\"1\" data-src=\"https:\/\/i0.wp.com\/cdn.cloudflare.steamstatic.com\/steam\/apps\/730310\/extras\/%E3%83%AA%E3%82%A2%E3%83%AB%E3%82%BF%E3%82%A4%E3%83%A0%E5%A4%89%E5%8C%963_%E5%A4%95%E6%96%B9.jpg?w=980&#038;ssl=1\" src=\"data:image\/svg+xml;base64,PHN2ZyB3aWR0aD0iMSIgaGVpZ2h0PSIxIiB4bWxucz0iaHR0cDovL3d3dy53My5vcmcvMjAwMC9zdmciPjwvc3ZnPg==\" class=\"lazyload\" \/><br \/><strong>\u30fbEin neu definiertes Aktionssystem<\/strong><br \/>Das neue State Combo System reagiert auf die Umgebungsbedingungen und baut auf dem Basis-Aktionssystem der Warriors auf. Die drei Kernelemente sind: \u201eFlussangriffe\u201c, die sich je nach Zustand eines Feindes \u00e4ndern; \u201eReaktive Angriffe\u201c, die sich optimal an Situationen anpassen; und \u201eTrigger-Angriffe\u201c, die den Zustand eines Feindes ver\u00e4ndern.<br \/><img decoding=\"async\" data-recalc-dims=\"1\" data-src=\"https:\/\/i0.wp.com\/cdn.cloudflare.steamstatic.com\/steam\/apps\/730310\/extras\/%E3%82%B9%E3%83%86%E3%83%BC%E3%83%88%E3%82%B3%E3%83%B3%E3%83%9C2-1_%E6%89%93%E4%B8%8A%E3%83%88%E3%83%AA%E3%82%AC%E3%83%BC00.jpg?w=980&#038;ssl=1\" src=\"data:image\/svg+xml;base64,PHN2ZyB3aWR0aD0iMSIgaGVpZ2h0PSIxIiB4bWxucz0iaHR0cDovL3d3dy53My5vcmcvMjAwMC9zdmciPjwvc3ZnPg==\" class=\"lazyload\" \/><br \/>Die Hinzuf\u00fcgung interaktiver Aktionen erm\u00f6glicht es den Spielern, das umliegende Gel\u00e4nde und die Umgebung zu nutzen. Zu den neuen Aktionen f\u00fcr ein umfassenderes strategisches Gameplay geh\u00f6ren neben dem Besteigen von Bergen und dem Schwimmen \u00fcber Fl\u00fcsse auch das Erklimmen von W\u00e4nden mit Enterhaken und das Abfeuern von Feuerpfeilen in \u00d6lf\u00e4ssern, um Explosionen auszul\u00f6sen.<br \/><img decoding=\"async\" data-recalc-dims=\"1\" data-src=\"https:\/\/i0.wp.com\/cdn.cloudflare.steamstatic.com\/steam\/apps\/730310\/extras\/%E9%89%A4%E7%B8%841_00_noUI.jpg?w=980&#038;ssl=1\" src=\"data:image\/svg+xml;base64,PHN2ZyB3aWR0aD0iMSIgaGVpZ2h0PSIxIiB4bWxucz0iaHR0cDovL3d3dy53My5vcmcvMjAwMC9zdmciPjwvc3ZnPg==\" class=\"lazyload\" \/><br \/><strong>\u30fbDie epischen Geschichten aus den Drei K\u00f6nigreichen aus der Sicht neuer und zur\u00fcckkehrender Offiziere<\/strong><br \/>Erleben Sie die Geschichte der Drei K\u00f6nigreiche, verwoben mit einer riesigen Auswahl an Charakteren. Sieben neue Offiziere (Cao Xiu, Man Chong, Xun You, Cheng Pu, Xu Sheng, Zhou Cang, Xin Xianying) wurden f\u00fcr insgesamt 90 spielbare Charaktere hinzugef\u00fcgt; Alle 83 Offiziere aus der Dynasty Warriors-Reihe kehren mit neuen Kost\u00fcmen zur\u00fcck.<br \/><img decoding=\"async\" data-recalc-dims=\"1\" data-src=\"https:\/\/i0.wp.com\/cdn.cloudflare.steamstatic.com\/steam\/apps\/730310\/extras\/%E7%A8%8B%E6%99%AE%E3%82%A2%E3%82%AF%E3%82%B7%E3%83%A7%E3%83%B3_01.jpg?w=980&#038;ssl=1\" src=\"data:image\/svg+xml;base64,PHN2ZyB3aWR0aD0iMSIgaGVpZ2h0PSIxIiB4bWxucz0iaHR0cDovL3d3dy53My5vcmcvMjAwMC9zdmciPjwvc3ZnPg==\" class=\"lazyload\" \/><\/p><\/div><\/div><\/div><div class=\"game_page_autocollapse_ctn\"><div class=\"game_page_autocollapse sys_req\"><h2><iframe title=\"Dynasty Warriors 9 \u2013 Open-World-Trailer\" data-src=\"https:\/\/www.youtube.com\/embed\/y_0IznfyIT4\" width=\"1904\" height=\"800\" frameborder=\"0\" allowfullscreen=\"allowfullscreen\" src=\"data:image\/svg+xml;base64,PHN2ZyB3aWR0aD0iMSIgaGVpZ2h0PSIxIiB4bWxucz0iaHR0cDovL3d3dy53My5vcmcvMjAwMC9zdmciPjwvc3ZnPg==\" class=\"lazyload\" data-load-mode=\"1\"><\/iframe><\/h2><h2>SYSTEM ANFORDERUNGEN<\/h2><div class=\"sysreq_contents\"><div class=\"game_area_sys_req sysreq_content active\" data-os=\"win\"><div class=\"game_area_sys_req_leftCol\"><p><strong>MINIMUM:<\/strong><\/p><ul><li style=\"list-style-type: none;\"><ul class=\"bb_ul\"><li>Erfordert einen 64-Bit-Prozessor und ein Betriebssystem<\/li><li><strong>Betriebssystem:<\/strong>\u00a0Windows 8.1\/10 64bit<\/li><li><strong>Prozessor:<\/strong>\u00a0Core i5 2400 oder h\u00f6her<\/li><li><strong>Erinnerung:<\/strong>\u00a06 GB Arbeitsspeicher<\/li><li><strong>Grafik:<\/strong>\u00a0NVIDIA GeForce GTX 660 oder h\u00f6her<\/li><li><strong>DirectX:<\/strong>\u00a0Fassung 11<\/li><li><strong>Netzwerk:<\/strong>\u00a0Breitbandinternetverbindung<\/li><li><strong>Lagerung:<\/strong>\u00a050 GB verf\u00fcgbarer Speicherplatz<\/li><li><strong>Soundkarte:<\/strong>\u00a0Es kann eine 16-Bit-Stereo-WAVE-Datei mit 48 kHz abgespielt werden<\/li><\/ul><\/li><\/ul><\/div><div class=\"game_area_sys_req_rightCol\"><p><strong>EMPFOHLEN:<\/strong><\/p><ul><li style=\"list-style-type: none;\"><ul class=\"bb_ul\"><li>Erfordert einen 64-Bit-Prozessor und ein Betriebssystem<\/li><li><strong>Betriebssystem:<\/strong>\u00a0Windows 8.1\/10 64bit<\/li><li><strong>Prozessor:<\/strong>\u00a0Core i7 3770 oder h\u00f6her<\/li><li><strong>Erinnerung:<\/strong>\u00a08 GB Arbeitsspeicher<\/li><li><strong>Grafik:<\/strong>\u00a0NVIDIA GeForce GTX 1060 oder h\u00f6her<\/li><li><strong>DirectX:<\/strong>\u00a0Fassung 11<\/li><li><strong>Netzwerk:<\/strong>\u00a0Breitbandinternetverbindung<\/li><li><strong>Lagerung:<\/strong>\u00a050 GB verf\u00fcgbarer Speicherplatz<\/li><li><strong>Soundkarte:<\/strong>\u00a0Es k\u00f6nnen 16-Bit-5.1-Kanal-Surround- und 48-kHz-WAVE-Dateien abgespielt werden<\/li><\/ul><\/li><\/ul><\/div><div>\u00a0<\/div><\/div><\/div><\/div><\/div><div class=\"game_page_autocollapse_ctn\"><div class=\"game_page_autocollapse\"><div id=\"game_area_legal\">\u00a0<\/div><\/div><\/div>\t\t\t\t\t\t\t\t<\/div>\n\t\t\t\t<\/div>\n\t\t\t\t\t<\/div>\n\t\t<\/div>\n\t\t\t\t\t<\/div>\n\t\t<\/section>\n\t\t\t\t<\/div>","protected":false},"excerpt":{"rendered":"<p>Fast Delivery Delivery can take 5 to 20 minutes, according to your place in our queue Your Order will be \u2018Auto Refunded\u2019 in case it does not get delivered after 12 hours! How To Activate 1- Open up a VPN and connect to the server specified in your email after placing your order. 2- Click [&hellip;]<\/p>\n","protected":false},"featured_media":896,"comment_status":"open","ping_status":"closed","template":"","meta":{"_crdt_document":"","jetpack_publicize_message":"","jetpack_publicize_feature_enabled":true,"jetpack_social_post_already_shared":true,"jetpack_social_options":{"image_generator_settings":{"template":"highway","default_image_id":0,"font":"","enabled":false},"version":2},"_wpas_customize_per_network":false},"product_brand":[],"product_cat":[1375,1374],"product_tag":[],"class_list":{"0":"post-444","1":"product","2":"type-product","3":"status-publish","4":"has-post-thumbnail","6":"product_cat-pc","7":"product_cat-xbox","9":"first","10":"outofstock","11":"sale","12":"taxable","13":"shipping-taxable","14":"purchasable","15":"product-type-variable","16":"has-default-attributes"},"yoast_head":"<!-- This site is optimized with the Yoast SEO Premium plugin v27.3 (Yoast SEO v27.3) - https:\/\/yoast.com\/product\/yoast-seo-premium-wordpress\/ -->\n<title>DYNASTY WARRIORS 9 - EnderG<\/title>\n<meta name=\"robots\" content=\"index, follow, max-snippet:-1, max-image-preview:large, max-video-preview:-1\" \/>\n<link rel=\"canonical\" href=\"https:\/\/enderg.com\/de\/product\/dynasty-warriors-9\/\" \/>\n<meta property=\"og:locale\" content=\"de_DE\" \/>\n<meta property=\"og:type\" content=\"article\" \/>\n<meta property=\"og:title\" content=\"DYNASTY WARRIORS 9\" \/>\n<meta property=\"og:description\" content=\"Fast Delivery Delivery can take 5 to 20 minutes, according to your place in our queue Your Order will be \u2018Auto Refunded\u2019 in case it does not get delivered after 12 hours! How To Activate 1- Open up a VPN and connect to the server specified in your email after placing your order. 2- Click [&hellip;]\" \/>\n<meta property=\"og:url\" content=\"https:\/\/enderg.com\/de\/product\/dynasty-warriors-9\/\" \/>\n<meta property=\"og:site_name\" content=\"EnderG\" \/>\n<meta property=\"article:publisher\" content=\"https:\/\/www.facebook.com\/Endergg1\/\" \/>\n<meta property=\"article:modified_time\" content=\"2024-06-25T22:45:58+00:00\" \/>\n<meta property=\"og:image\" content=\"https:\/\/enderg.com\/wp-content\/uploads\/2022\/08\/QdfK80RkPvOimdwJWHkoT9Dag2ro1YMk.jpg\" \/>\n\t<meta property=\"og:image:width\" content=\"1024\" \/>\n\t<meta property=\"og:image:height\" content=\"1024\" \/>\n\t<meta property=\"og:image:type\" content=\"image\/jpeg\" \/>\n<meta name=\"twitter:card\" content=\"summary_large_image\" \/>\n<meta name=\"twitter:label1\" content=\"Gesch\u00e4tzte Lesezeit\" \/>\n\t<meta name=\"twitter:data1\" content=\"5\u00a0Minuten\" \/>\n<script type=\"application\/ld+json\" class=\"yoast-schema-graph\">{\"@context\":\"https:\\\/\\\/schema.org\",\"@graph\":[{\"@type\":\"WebPage\",\"@id\":\"https:\\\/\\\/enderg.com\\\/product\\\/dynasty-warriors-9\\\/\",\"url\":\"https:\\\/\\\/enderg.com\\\/product\\\/dynasty-warriors-9\\\/\",\"name\":\"DYNASTY WARRIORS 9 - EnderG\",\"isPartOf\":{\"@id\":\"https:\\\/\\\/enderg.com\\\/#website\"},\"primaryImageOfPage\":{\"@id\":\"https:\\\/\\\/enderg.com\\\/product\\\/dynasty-warriors-9\\\/#primaryimage\"},\"image\":{\"@id\":\"https:\\\/\\\/enderg.com\\\/product\\\/dynasty-warriors-9\\\/#primaryimage\"},\"thumbnailUrl\":\"https:\\\/\\\/i0.wp.com\\\/enderg.com\\\/wp-content\\\/uploads\\\/2022\\\/08\\\/QdfK80RkPvOimdwJWHkoT9Dag2ro1YMk.jpg?fit=1024%2C1024&ssl=1\",\"datePublished\":\"2022-08-07T00:00:03+00:00\",\"dateModified\":\"2024-06-25T22:45:58+00:00\",\"breadcrumb\":{\"@id\":\"https:\\\/\\\/enderg.com\\\/product\\\/dynasty-warriors-9\\\/#breadcrumb\"},\"inLanguage\":\"de\",\"potentialAction\":[{\"@type\":\"ReadAction\",\"target\":[\"https:\\\/\\\/enderg.com\\\/product\\\/dynasty-warriors-9\\\/\"]}]},{\"@type\":\"ImageObject\",\"inLanguage\":\"de\",\"@id\":\"https:\\\/\\\/enderg.com\\\/product\\\/dynasty-warriors-9\\\/#primaryimage\",\"url\":\"https:\\\/\\\/i0.wp.com\\\/enderg.com\\\/wp-content\\\/uploads\\\/2022\\\/08\\\/QdfK80RkPvOimdwJWHkoT9Dag2ro1YMk.jpg?fit=1024%2C1024&ssl=1\",\"contentUrl\":\"https:\\\/\\\/i0.wp.com\\\/enderg.com\\\/wp-content\\\/uploads\\\/2022\\\/08\\\/QdfK80RkPvOimdwJWHkoT9Dag2ro1YMk.jpg?fit=1024%2C1024&ssl=1\",\"width\":1024,\"height\":1024},{\"@type\":\"BreadcrumbList\",\"@id\":\"https:\\\/\\\/enderg.com\\\/product\\\/dynasty-warriors-9\\\/#breadcrumb\",\"itemListElement\":[{\"@type\":\"ListItem\",\"position\":1,\"name\":\"Home\",\"item\":\"https:\\\/\\\/enderg.com\\\/\"},{\"@type\":\"ListItem\",\"position\":2,\"name\":\"Shop\",\"item\":\"https:\\\/\\\/enderg.com\\\/shop\\\/\"},{\"@type\":\"ListItem\",\"position\":3,\"name\":\"DYNASTY WARRIORS 9\"}]},{\"@type\":\"WebSite\",\"@id\":\"https:\\\/\\\/enderg.com\\\/#website\",\"url\":\"https:\\\/\\\/enderg.com\\\/\",\"name\":\"EnderG\",\"description\":\"Cheaper Is What We Do!\",\"publisher\":{\"@id\":\"https:\\\/\\\/enderg.com\\\/#organization\"},\"potentialAction\":[{\"@type\":\"SearchAction\",\"target\":{\"@type\":\"EntryPoint\",\"urlTemplate\":\"https:\\\/\\\/enderg.com\\\/?s={search_term_string}\"},\"query-input\":{\"@type\":\"PropertyValueSpecification\",\"valueRequired\":true,\"valueName\":\"search_term_string\"}}],\"inLanguage\":\"de\"},{\"@type\":\"Organization\",\"@id\":\"https:\\\/\\\/enderg.com\\\/#organization\",\"name\":\"EnderG\",\"url\":\"https:\\\/\\\/enderg.com\\\/\",\"logo\":{\"@type\":\"ImageObject\",\"inLanguage\":\"de\",\"@id\":\"https:\\\/\\\/enderg.com\\\/#\\\/schema\\\/logo\\\/image\\\/\",\"url\":\"https:\\\/\\\/enderg.com\\\/wp-content\\\/uploads\\\/2023\\\/03\\\/222222222221.png\",\"contentUrl\":\"https:\\\/\\\/enderg.com\\\/wp-content\\\/uploads\\\/2023\\\/03\\\/222222222221.png\",\"width\":512,\"height\":512,\"caption\":\"EnderG\"},\"image\":{\"@id\":\"https:\\\/\\\/enderg.com\\\/#\\\/schema\\\/logo\\\/image\\\/\"},\"sameAs\":[\"https:\\\/\\\/www.facebook.com\\\/Endergg1\\\/\",\"https:\\\/\\\/www.instagram.com\\\/enderg01\",\"https:\\\/\\\/www.youtube.com\\\/@enderg-com\"],\"description\":\"Cheaper Gaming is what we do!\",\"legalName\":\"Vandar Limited\",\"foundingDate\":\"2022-06-21\"}]}<\/script>\n<!-- \/ Yoast SEO Premium plugin. -->","yoast_head_json":{"title":"DYNASTY WARRIORS 9 - EnderG","robots":{"index":"index","follow":"follow","max-snippet":"max-snippet:-1","max-image-preview":"max-image-preview:large","max-video-preview":"max-video-preview:-1"},"canonical":"https:\/\/enderg.com\/de\/product\/dynasty-warriors-9\/","og_locale":"de_DE","og_type":"article","og_title":"DYNASTY WARRIORS 9","og_description":"Fast Delivery Delivery can take 5 to 20 minutes, according to your place in our queue Your Order will be \u2018Auto Refunded\u2019 in case it does not get delivered after 12 hours! How To Activate 1- Open up a VPN and connect to the server specified in your email after placing your order. 2- Click [&hellip;]","og_url":"https:\/\/enderg.com\/de\/product\/dynasty-warriors-9\/","og_site_name":"EnderG","article_publisher":"https:\/\/www.facebook.com\/Endergg1\/","article_modified_time":"2024-06-25T22:45:58+00:00","og_image":[{"width":1024,"height":1024,"url":"https:\/\/enderg.com\/wp-content\/uploads\/2022\/08\/QdfK80RkPvOimdwJWHkoT9Dag2ro1YMk.jpg","type":"image\/jpeg"}],"twitter_card":"summary_large_image","twitter_misc":{"Gesch\u00e4tzte Lesezeit":"5\u00a0Minuten"},"schema":{"@context":"https:\/\/schema.org","@graph":[{"@type":"WebPage","@id":"https:\/\/enderg.com\/product\/dynasty-warriors-9\/","url":"https:\/\/enderg.com\/product\/dynasty-warriors-9\/","name":"DYNASTY WARRIORS 9 - EnderG","isPartOf":{"@id":"https:\/\/enderg.com\/#website"},"primaryImageOfPage":{"@id":"https:\/\/enderg.com\/product\/dynasty-warriors-9\/#primaryimage"},"image":{"@id":"https:\/\/enderg.com\/product\/dynasty-warriors-9\/#primaryimage"},"thumbnailUrl":"https:\/\/i0.wp.com\/enderg.com\/wp-content\/uploads\/2022\/08\/QdfK80RkPvOimdwJWHkoT9Dag2ro1YMk.jpg?fit=1024%2C1024&ssl=1","datePublished":"2022-08-07T00:00:03+00:00","dateModified":"2024-06-25T22:45:58+00:00","breadcrumb":{"@id":"https:\/\/enderg.com\/product\/dynasty-warriors-9\/#breadcrumb"},"inLanguage":"de","potentialAction":[{"@type":"ReadAction","target":["https:\/\/enderg.com\/product\/dynasty-warriors-9\/"]}]},{"@type":"ImageObject","inLanguage":"de","@id":"https:\/\/enderg.com\/product\/dynasty-warriors-9\/#primaryimage","url":"https:\/\/i0.wp.com\/enderg.com\/wp-content\/uploads\/2022\/08\/QdfK80RkPvOimdwJWHkoT9Dag2ro1YMk.jpg?fit=1024%2C1024&ssl=1","contentUrl":"https:\/\/i0.wp.com\/enderg.com\/wp-content\/uploads\/2022\/08\/QdfK80RkPvOimdwJWHkoT9Dag2ro1YMk.jpg?fit=1024%2C1024&ssl=1","width":1024,"height":1024},{"@type":"BreadcrumbList","@id":"https:\/\/enderg.com\/product\/dynasty-warriors-9\/#breadcrumb","itemListElement":[{"@type":"ListItem","position":1,"name":"Home","item":"https:\/\/enderg.com\/"},{"@type":"ListItem","position":2,"name":"Shop","item":"https:\/\/enderg.com\/shop\/"},{"@type":"ListItem","position":3,"name":"DYNASTY WARRIORS 9"}]},{"@type":"WebSite","@id":"https:\/\/enderg.com\/#website","url":"https:\/\/enderg.com\/","name":"EnderG","description":"Billiger ist unser Ding!","publisher":{"@id":"https:\/\/enderg.com\/#organization"},"potentialAction":[{"@type":"SearchAction","target":{"@type":"EntryPoint","urlTemplate":"https:\/\/enderg.com\/?s={search_term_string}"},"query-input":{"@type":"PropertyValueSpecification","valueRequired":true,"valueName":"search_term_string"}}],"inLanguage":"de"},{"@type":"Organization","@id":"https:\/\/enderg.com\/#organization","name":"EnderG","url":"https:\/\/enderg.com\/","logo":{"@type":"ImageObject","inLanguage":"de","@id":"https:\/\/enderg.com\/#\/schema\/logo\/image\/","url":"https:\/\/enderg.com\/wp-content\/uploads\/2023\/03\/222222222221.png","contentUrl":"https:\/\/enderg.com\/wp-content\/uploads\/2023\/03\/222222222221.png","width":512,"height":512,"caption":"EnderG"},"image":{"@id":"https:\/\/enderg.com\/#\/schema\/logo\/image\/"},"sameAs":["https:\/\/www.facebook.com\/Endergg1\/","https:\/\/www.instagram.com\/enderg01","https:\/\/www.youtube.com\/@enderg-com"],"description":"G\u00fcnstiges Gaming ist unsere Spezialit\u00e4t!","legalName":"Vandar Limited","foundingDate":"2022-06-21"}]}},"jetpack_publicize_connections":[],"jetpack_likes_enabled":true,"jetpack_sharing_enabled":true,"jetpack-related-posts":[],"_links":{"self":[{"href":"https:\/\/enderg.com\/de\/wp-json\/wp\/v2\/product\/444","targetHints":{"allow":["GET"]}}],"collection":[{"href":"https:\/\/enderg.com\/de\/wp-json\/wp\/v2\/product"}],"about":[{"href":"https:\/\/enderg.com\/de\/wp-json\/wp\/v2\/types\/product"}],"replies":[{"embeddable":true,"href":"https:\/\/enderg.com\/de\/wp-json\/wp\/v2\/comments?post=444"}],"version-history":[{"count":8,"href":"https:\/\/enderg.com\/de\/wp-json\/wp\/v2\/product\/444\/revisions"}],"predecessor-version":[{"id":8811,"href":"https:\/\/enderg.com\/de\/wp-json\/wp\/v2\/product\/444\/revisions\/8811"}],"wp:featuredmedia":[{"embeddable":true,"href":"https:\/\/enderg.com\/de\/wp-json\/wp\/v2\/media\/896"}],"wp:attachment":[{"href":"https:\/\/enderg.com\/de\/wp-json\/wp\/v2\/media?parent=444"}],"wp:term":[{"taxonomy":"product_brand","embeddable":true,"href":"https:\/\/enderg.com\/de\/wp-json\/wp\/v2\/product_brand?post=444"},{"taxonomy":"product_cat","embeddable":true,"href":"https:\/\/enderg.com\/de\/wp-json\/wp\/v2\/product_cat?post=444"},{"taxonomy":"product_tag","embeddable":true,"href":"https:\/\/enderg.com\/de\/wp-json\/wp\/v2\/product_tag?post=444"}],"curies":[{"name":"wp","href":"https:\/\/api.w.org\/{rel}","templated":true}]}}