{"id":1834,"date":"2022-08-08T21:01:47","date_gmt":"2022-08-08T18:01:47","guid":{"rendered":"https:\/\/enderg.com\/product\/as-dusk-falls\/"},"modified":"2024-06-26T01:43:37","modified_gmt":"2024-06-25T22:43:37","slug":"mit-einbruch-der-dammerung","status":"publish","type":"product","link":"https:\/\/enderg.com\/de\/product\/as-dusk-falls\/","title":{"rendered":"Als die D\u00e4mmerung hereinbricht"},"content":{"rendered":"<div data-elementor-type=\"wp-post\" data-elementor-id=\"1834\" class=\"elementor elementor-1834\" data-elementor-post-type=\"product\">\n\t\t\t\t\t\t<section class=\"elementor-section elementor-top-section elementor-element elementor-element-797cb66f elementor-section-boxed elementor-section-height-default elementor-section-height-default\" data-id=\"797cb66f\" data-element_type=\"section\" data-e-type=\"section\">\n\t\t\t\t\t\t<div class=\"elementor-container elementor-column-gap-default\">\n\t\t\t\t\t<div class=\"elementor-column elementor-col-100 elementor-top-column elementor-element elementor-element-1e07934f\" data-id=\"1e07934f\" data-element_type=\"column\" data-e-type=\"column\">\n\t\t\t<div class=\"elementor-widget-wrap elementor-element-populated\">\n\t\t\t\t\t\t<div class=\"elementor-element elementor-element-278ce8e7 elementor-widget elementor-widget-accordion\" data-id=\"278ce8e7\" data-element_type=\"widget\" data-e-type=\"widget\" data-widget_type=\"accordion.default\">\n\t\t\t\t<div class=\"elementor-widget-container\">\n\t\t\t\t\t\t\t<div class=\"elementor-accordion\">\n\t\t\t\t\t\t\t<div class=\"elementor-accordion-item\">\n\t\t\t\t\t<h4 id=\"elementor-tab-title-6631\" class=\"elementor-tab-title\" data-tab=\"1\" role=\"button\" aria-controls=\"elementor-tab-content-6631\" aria-expanded=\"false\">\n\t\t\t\t\t\t\t\t\t\t\t\t\t<span class=\"elementor-accordion-icon elementor-accordion-icon-left\" aria-hidden=\"true\">\n\t\t\t\t\t\t\t\t\t\t\t\t\t\t\t<span class=\"elementor-accordion-icon-closed\"><i class=\"fas fa-truck\"><\/i><\/span>\n\t\t\t\t\t\t\t\t<span class=\"elementor-accordion-icon-opened\"><i class=\"fas fa-truck\"><\/i><\/span>\n\t\t\t\t\t\t\t\t\t\t\t\t\t\t<\/span>\n\t\t\t\t\t\t\t\t\t\t\t\t<a class=\"elementor-accordion-title\" tabindex=\"0\">Schnelle Lieferung<\/a>\n\t\t\t\t\t<\/h4>\n\t\t\t\t\t<div id=\"elementor-tab-content-6631\" class=\"elementor-tab-content elementor-clearfix\" data-tab=\"1\" role=\"region\" aria-labelledby=\"elementor-tab-title-6631\"><p>Die Lieferung kann je nach Platz in unserer Warteschlange 5 bis 20 Minuten dauern<\/p><p>Ihre Bestellung wird automatisch erstattet, falls sie nicht nach 12 Stunden geliefert wird!<\/p><\/div>\n\t\t\t\t<\/div>\n\t\t\t\t\t\t\t\t<\/div>\n\t\t\t\t\t\t<\/div>\n\t\t\t\t<\/div>\n\t\t\t\t<div class=\"elementor-element elementor-element-71890b36 elementor-widget elementor-widget-accordion\" data-id=\"71890b36\" data-element_type=\"widget\" data-e-type=\"widget\" data-widget_type=\"accordion.default\">\n\t\t\t\t<div class=\"elementor-widget-container\">\n\t\t\t\t\t\t\t<div class=\"elementor-accordion\">\n\t\t\t\t\t\t\t<div class=\"elementor-accordion-item\">\n\t\t\t\t\t<h4 id=\"elementor-tab-title-1901\" class=\"elementor-tab-title\" data-tab=\"1\" role=\"button\" aria-controls=\"elementor-tab-content-1901\" aria-expanded=\"false\">\n\t\t\t\t\t\t\t\t\t\t\t\t\t<span class=\"elementor-accordion-icon elementor-accordion-icon-left\" aria-hidden=\"true\">\n\t\t\t\t\t\t\t\t\t\t\t\t\t\t\t<span class=\"elementor-accordion-icon-closed\"><i class=\"fab fa-xbox\"><\/i><\/span>\n\t\t\t\t\t\t\t\t<span class=\"elementor-accordion-icon-opened\"><i class=\"fab fa-xbox\"><\/i><\/span>\n\t\t\t\t\t\t\t\t\t\t\t\t\t\t<\/span>\n\t\t\t\t\t\t\t\t\t\t\t\t<a class=\"elementor-accordion-title\" tabindex=\"0\">So aktivieren Sie<\/a>\n\t\t\t\t\t<\/h4>\n\t\t\t\t\t<div id=\"elementor-tab-content-1901\" class=\"elementor-tab-content elementor-clearfix\" data-tab=\"1\" role=\"region\" aria-labelledby=\"elementor-tab-title-1901\"><p>1- \u00d6ffnen Sie ein VPN und verbinden Sie sich mit dem in Ihrer E-Mail angegebenen Server, nachdem Sie Ihre Bestellung aufgegeben haben.<\/p>\n<p>2- Klicken Sie darauf&nbsp;<a title=\"https:\/\/account.microsoft.com\/billing\/redeem?refd=login.live.com\" href=\"https:\/\/account.microsoft.com\/billing\/redeem?refd=login.live.com\"><strong>Verkn\u00fcpfung<\/strong><\/a>&nbsp;&amp; Melden Sie sich bei Ihrem Konto an und l\u00f6sen Sie dann den erhaltenen Schl\u00fcssel ein!<\/p>\n<p>3- Viel Spa\u00df!<\/p><\/div>\n\t\t\t\t<\/div>\n\t\t\t\t\t\t\t\t<\/div>\n\t\t\t\t\t\t<\/div>\n\t\t\t\t<\/div>\n\t\t\t\t<div class=\"elementor-element elementor-element-5fd6ff7b elementor-widget elementor-widget-text-editor\" data-id=\"5fd6ff7b\" data-element_type=\"widget\" data-e-type=\"widget\" data-widget_type=\"text-editor.default\">\n\t\t\t\t<div class=\"elementor-widget-container\">\n\t\t\t\t\t\t\t\t\t<h3 style=\"text-align: center;\"><strong>\u00dcber dieses Spiel<\/strong><\/h3>\t\t\t\t\t\t\t\t<\/div>\n\t\t\t\t<\/div>\n\t\t\t\t\t<\/div>\n\t\t<\/div>\n\t\t\t\t\t<\/div>\n\t\t<\/section>\n\t\t\t\t<section class=\"elementor-section elementor-top-section elementor-element elementor-element-7976b5bc elementor-section-boxed elementor-section-height-default elementor-section-height-default\" data-id=\"7976b5bc\" data-element_type=\"section\" data-e-type=\"section\">\n\t\t\t\t\t\t<div class=\"elementor-container elementor-column-gap-default\">\n\t\t\t\t\t<div class=\"elementor-column elementor-col-100 elementor-top-column elementor-element elementor-element-4cb7bf26\" data-id=\"4cb7bf26\" data-element_type=\"column\" data-e-type=\"column\">\n\t\t\t<div class=\"elementor-widget-wrap elementor-element-populated\">\n\t\t\t\t\t\t<div class=\"elementor-element elementor-element-5fffa596 elementor-widget elementor-widget-text-editor\" data-id=\"5fffa596\" data-element_type=\"widget\" data-e-type=\"widget\" data-widget_type=\"text-editor.default\">\n\t\t\t\t<div class=\"elementor-widget-container\">\n\t\t\t\t\t\t\t\t\t<p style=\"text-align: center;\"><strong style=\"font-size: 1.41575em;\">\u00dcBER DIESES SPIEL<\/strong><\/p><div class=\"read-more\"><div class=\"game_page_autocollapse_ctn expanded\"><div id=\"aboutThisGame\" class=\"game_page_autocollapse\" data-panel=\"{&quot;type&quot;:&quot;PanelGroup&quot;}\"><div id=\"game_area_description\" class=\"game_area_description\"><p>\u201eAs Dusk Falls\u201c ist ein originelles interaktives Drama von INTERIOR\/NIGHT, das das verwickelte Leben zweier Familien \u00fcber drei\u00dfig Jahre hinweg erforscht. Diese kompromisslose Geschichte von Verrat, Aufopferung und Widerstandskraft beginnt im Jahr 1998 mit einem missgl\u00fcckten Raub\u00fcberfall in einer Kleinstadt in Arizona. Die Entscheidungen, die Sie treffen, haben einen starken Einfluss auf das Leben der Charaktere.<\/p><p><img decoding=\"async\" data-recalc-dims=\"1\" data-src=\"https:\/\/i0.wp.com\/cdn.akamai.steamstatic.com\/steam\/apps\/1341820\/extras\/header1.png?w=980&#038;ssl=1\" src=\"data:image\/svg+xml;base64,PHN2ZyB3aWR0aD0iMSIgaGVpZ2h0PSIxIiB4bWxucz0iaHR0cDovL3d3dy53My5vcmcvMjAwMC9zdmciPjwvc3ZnPg==\" class=\"lazyload\" \/><\/p><p><strong>Spielen Sie die Geschichte immer wieder ab<\/strong>\u00a0um v\u00f6llig unterschiedliche Ergebnisse f\u00fcr die Charaktere aufzudecken und verborgene Nuancen hinter jeder Entscheidung zu erforschen. Werden Ihre Charaktere unbeschadet \u00fcberleben? Was f\u00fcr Menschen werden sie letztendlich sein?<\/p><p><img decoding=\"async\" data-recalc-dims=\"1\" data-src=\"https:\/\/i0.wp.com\/cdn.akamai.steamstatic.com\/steam\/apps\/1341820\/extras\/header3-notext.png?w=980&#038;ssl=1\" src=\"data:image\/svg+xml;base64,PHN2ZyB3aWR0aD0iMSIgaGVpZ2h0PSIxIiB4bWxucz0iaHR0cDovL3d3dy53My5vcmcvMjAwMC9zdmciPjwvc3ZnPg==\" class=\"lazyload\" \/><\/p><p>Treiben Sie das Leben und die Beziehungen mehrerer Charaktere in einer jahrzehntelangen Geschichte voran, die in zwei spannenden B\u00fcchern erz\u00e4hlt wird.<\/p><p><img decoding=\"async\" data-recalc-dims=\"1\" data-src=\"https:\/\/i0.wp.com\/cdn.akamai.steamstatic.com\/steam\/apps\/1341820\/extras\/header6.png?w=980&#038;ssl=1\" src=\"data:image\/svg+xml;base64,PHN2ZyB3aWR0aD0iMSIgaGVpZ2h0PSIxIiB4bWxucz0iaHR0cDovL3d3dy53My5vcmcvMjAwMC9zdmciPjwvc3ZnPg==\" class=\"lazyload\" \/><\/p><p><strong>Kompromissloses Krimidrama.<\/strong>\u00a0Die filmische Geschichte wird durch die Darbietung von Schauspielern zum Leben erweckt, die digital in einem wundersch\u00f6nen Kunststil umgesetzt werden, wodurch ein einzigartiges Erlebnis entsteht, das sich wie ein Motion Graphic Novel anf\u00fchlt.<\/p><p><img decoding=\"async\" data-recalc-dims=\"1\" data-src=\"https:\/\/i0.wp.com\/cdn.akamai.steamstatic.com\/steam\/apps\/1341820\/extras\/header8.png?w=980&#038;ssl=1\" src=\"data:image\/svg+xml;base64,PHN2ZyB3aWR0aD0iMSIgaGVpZ2h0PSIxIiB4bWxucz0iaHR0cDovL3d3dy53My5vcmcvMjAwMC9zdmciPjwvc3ZnPg==\" class=\"lazyload\" \/><\/p><p><strong>Opfer vs. \u00dcberleben.<\/strong>\u00a0K\u00f6nnen Sie sich vom sch\u00e4dlichen Einfluss Ihrer Familie befreien? Was wirst du f\u00fcr die Menschen opfern, die du liebst? Kannst du deine Vergangenheit \u00fcberwinden? Ihre Entscheidungen werden das Schicksal der Charaktere beeinflussen.<\/p><p><img decoding=\"async\" data-recalc-dims=\"1\" data-src=\"https:\/\/i0.wp.com\/cdn.akamai.steamstatic.com\/steam\/apps\/1341820\/extras\/header7.png?w=980&#038;ssl=1\" src=\"data:image\/svg+xml;base64,PHN2ZyB3aWR0aD0iMSIgaGVpZ2h0PSIxIiB4bWxucz0iaHR0cDovL3d3dy53My5vcmcvMjAwMC9zdmciPjwvc3ZnPg==\" class=\"lazyload\" \/><\/p><p><strong>Verwobene Schicksale.<\/strong>\u00a0Begleiten Sie zwei Familien in ihrem Kampf ums \u00dcberleben, ihren Schutz und ihre Herausforderungen, die auf den Fehlern fr\u00fcherer Generationen beruhen.<\/p><p><img decoding=\"async\" data-recalc-dims=\"1\" data-src=\"https:\/\/i0.wp.com\/cdn.akamai.steamstatic.com\/steam\/apps\/1341820\/extras\/header2-notext.png?w=980&#038;ssl=1\" src=\"data:image\/svg+xml;base64,PHN2ZyB3aWR0aD0iMSIgaGVpZ2h0PSIxIiB4bWxucz0iaHR0cDovL3d3dy53My5vcmcvMjAwMC9zdmciPjwvc3ZnPg==\" class=\"lazyload\" \/><\/p><p><strong>Gemeinsam erleben.\u00a0<\/strong>Enth\u00fcllen Sie Erkenntnisse \u00fcber sich selbst und Ihre Mitspieler, w\u00e4hrend Sie die zugrunde liegenden Werte Ihrer Entscheidungen im kooperativen Gameplay mit bis zu 8 Spielern gleichzeitig, lokal oder online (oder eine Mischung), entdecken. Mit der Begleit-App \u201eAs Dusk Falls\u201c k\u00f6nnen Sie ganz einfach Entscheidungen im Spiel treffen. Verwenden Sie einfach Ihr Telefon oder Tablet, um mit oder gegen Ihre Freunde zu stimmen. (F\u00fcr den Online-Konsolen-Mehrspielermodus ist Xbox Game Pass Ultimate oder Xbox Live Gold erforderlich, Abonnements sind separat erh\u00e4ltlich.)<\/p><\/div><\/div><\/div><div class=\"game_page_autocollapse_ctn\"><div class=\"game_page_autocollapse\"><div id=\"game_area_content_descriptors\" class=\"game_area_description\"><h2>BESCHREIBUNG DES AUSGEW\u00c4LTIGEN INHALTS<\/h2><p>Die Entwickler beschreiben den Inhalt so:<\/p><p><i>As Dusk Falls beinhaltet spielbare Situationen im Zusammenhang mit intensiver Gewalt, famili\u00e4ren Konflikten, psychischer Gesundheit, Selbstmord und anderen Themen f\u00fcr Erwachsene. Die Diskretion des Spielers wird empfohlen.<\/i><\/p><\/div><\/div><\/div><div class=\"game_page_autocollapse_ctn\"><div class=\"game_page_autocollapse sys_req\"><h2>SYSTEM ANFORDERUNGEN<\/h2><div class=\"sysreq_contents\"><div class=\"game_area_sys_req sysreq_content active\" data-os=\"win\"><div class=\"game_area_sys_req_leftCol\"><p><strong>MINIMUM:<\/strong><\/p><ul><li style=\"list-style-type: none;\"><ul class=\"bb_ul\"><li>Erfordert einen 64-Bit-Prozessor und ein Betriebssystem<\/li><li><strong>Betriebssystem:<\/strong>\u00a0Windows 7 64-Bit-Version 1903 oder h\u00f6her<\/li><li><strong>Prozessor:<\/strong>\u00a0Core i3 2120 (3,30 GHz) oder gleichwertig GTX 750 TI (2 GB) oder gleichwertig<\/li><li><strong>Erinnerung:<\/strong>\u00a08 GB Arbeitsspeicher<\/li><\/ul><\/li><\/ul><\/div><div class=\"game_area_sys_req_rightCol\"><p><strong>EMPFOHLEN:<\/strong><\/p><ul><li style=\"list-style-type: none;\"><ul class=\"bb_ul\"><li>Erfordert einen 64-Bit-Prozessor und ein Betriebssystem<\/li><li><strong>Betriebssystem:<\/strong>\u00a0Windows 7 64-Bit-Version 1903 oder h\u00f6her<\/li><li><strong>Prozessor:<\/strong>\u00a0Core i5 7400 (3,00 GHz) oder gleichwertig GTX 980 (4 GB) oder gleichwertig<\/li><li><strong>Erinnerung:<\/strong>\u00a016 GB RAM<\/li><\/ul><\/li><\/ul><\/div><\/div><\/div><\/div><\/div><\/div><p><iframe title=\"As Dusk Falls \u2013 Offizieller Ank\u00fcndigungstrailer\" data-src=\"https:\/\/www.youtube.com\/embed\/CXzxEBfBrcQ\" width=\"375\" height=\"315\" frameborder=\"0\" allowfullscreen=\"allowfullscreen\" src=\"data:image\/svg+xml;base64,PHN2ZyB3aWR0aD0iMSIgaGVpZ2h0PSIxIiB4bWxucz0iaHR0cDovL3d3dy53My5vcmcvMjAwMC9zdmciPjwvc3ZnPg==\" class=\"lazyload\" data-load-mode=\"1\"><\/iframe><\/p>\t\t\t\t\t\t\t\t<\/div>\n\t\t\t\t<\/div>\n\t\t\t\t\t<\/div>\n\t\t<\/div>\n\t\t\t\t\t<\/div>\n\t\t<\/section>\n\t\t\t\t<\/div>","protected":false},"excerpt":{"rendered":"<p>Fast Delivery Delivery can take 5 to 20 minutes, according to your place in our queue Your Order will be \u2018Auto Refunded\u2019 in case it does not get delivered after 12 hours! How To Activate 1- Open up a VPN and connect to the server specified in your email after placing your order. 2- Click [&hellip;]<\/p>\n","protected":false},"featured_media":1930,"comment_status":"closed","ping_status":"closed","template":"","meta":{"_crdt_document":"","jetpack_publicize_message":"","jetpack_publicize_feature_enabled":true,"jetpack_social_post_already_shared":true,"jetpack_social_options":{"image_generator_settings":{"template":"highway","default_image_id":0,"font":"","enabled":false},"version":2},"_wpas_customize_per_network":false},"product_brand":[],"product_cat":[1375,1374],"product_tag":[1401,1400,1399],"class_list":{"0":"post-1834","1":"product","2":"type-product","3":"status-publish","4":"has-post-thumbnail","6":"product_cat-pc","7":"product_cat-xbox","8":"product_tag-fr","9":"product_tag-steam","10":"product_tag-xbox","12":"first","13":"outofstock","14":"sale","15":"taxable","16":"shipping-taxable","17":"purchasable","18":"product-type-variable","19":"has-default-attributes"},"yoast_head":"<!-- This site is optimized with the Yoast SEO Premium plugin v27.4 (Yoast SEO v27.4) - https:\/\/yoast.com\/product\/yoast-seo-premium-wordpress\/ -->\n<title>As Dusk Falls - EnderG<\/title>\n<meta name=\"robots\" content=\"index, follow, max-snippet:-1, max-image-preview:large, max-video-preview:-1\" \/>\n<link rel=\"canonical\" href=\"https:\/\/enderg.com\/de\/product\/mit-einbruch-der-dammerung\/\" \/>\n<meta property=\"og:locale\" content=\"de_DE\" \/>\n<meta property=\"og:type\" content=\"article\" \/>\n<meta property=\"og:title\" content=\"As Dusk Falls\" \/>\n<meta property=\"og:description\" content=\"Fast Delivery Delivery can take 5 to 20 minutes, according to your place in our queue Your Order will be \u2018Auto Refunded\u2019 in case it does not get delivered after 12 hours! How To Activate 1- Open up a VPN and connect to the server specified in your email after placing your order. 2- Click [&hellip;]\" \/>\n<meta property=\"og:url\" content=\"https:\/\/enderg.com\/de\/product\/mit-einbruch-der-dammerung\/\" \/>\n<meta property=\"og:site_name\" content=\"EnderG\" \/>\n<meta property=\"article:publisher\" content=\"https:\/\/www.facebook.com\/Endergg1\/\" \/>\n<meta property=\"article:modified_time\" content=\"2024-06-25T22:43:37+00:00\" \/>\n<meta property=\"og:image\" content=\"https:\/\/enderg.com\/wp-content\/uploads\/2022\/08\/as-dusk-falls-button-02-1655063428830.jpg\" \/>\n\t<meta property=\"og:image:width\" content=\"2000\" \/>\n\t<meta property=\"og:image:height\" content=\"2000\" \/>\n\t<meta property=\"og:image:type\" content=\"image\/jpeg\" \/>\n<meta name=\"twitter:card\" content=\"summary_large_image\" \/>\n<meta name=\"twitter:label1\" content=\"Gesch\u00e4tzte Lesezeit\" \/>\n\t<meta name=\"twitter:data1\" content=\"4\u00a0Minuten\" \/>\n<script type=\"application\/ld+json\" class=\"yoast-schema-graph\">{\"@context\":\"https:\\\/\\\/schema.org\",\"@graph\":[{\"@type\":\"WebPage\",\"@id\":\"https:\\\/\\\/enderg.com\\\/product\\\/as-dusk-falls\\\/\",\"url\":\"https:\\\/\\\/enderg.com\\\/product\\\/as-dusk-falls\\\/\",\"name\":\"As Dusk Falls - EnderG\",\"isPartOf\":{\"@id\":\"https:\\\/\\\/enderg.com\\\/#website\"},\"primaryImageOfPage\":{\"@id\":\"https:\\\/\\\/enderg.com\\\/product\\\/as-dusk-falls\\\/#primaryimage\"},\"image\":{\"@id\":\"https:\\\/\\\/enderg.com\\\/product\\\/as-dusk-falls\\\/#primaryimage\"},\"thumbnailUrl\":\"https:\\\/\\\/i0.wp.com\\\/enderg.com\\\/wp-content\\\/uploads\\\/2022\\\/08\\\/as-dusk-falls-button-02-1655063428830.jpg?fit=2000%2C2000&ssl=1\",\"datePublished\":\"2022-08-08T18:01:47+00:00\",\"dateModified\":\"2024-06-25T22:43:37+00:00\",\"breadcrumb\":{\"@id\":\"https:\\\/\\\/enderg.com\\\/product\\\/as-dusk-falls\\\/#breadcrumb\"},\"inLanguage\":\"de\",\"potentialAction\":[{\"@type\":\"ReadAction\",\"target\":[\"https:\\\/\\\/enderg.com\\\/product\\\/as-dusk-falls\\\/\"]}]},{\"@type\":\"ImageObject\",\"inLanguage\":\"de\",\"@id\":\"https:\\\/\\\/enderg.com\\\/product\\\/as-dusk-falls\\\/#primaryimage\",\"url\":\"https:\\\/\\\/i0.wp.com\\\/enderg.com\\\/wp-content\\\/uploads\\\/2022\\\/08\\\/as-dusk-falls-button-02-1655063428830.jpg?fit=2000%2C2000&ssl=1\",\"contentUrl\":\"https:\\\/\\\/i0.wp.com\\\/enderg.com\\\/wp-content\\\/uploads\\\/2022\\\/08\\\/as-dusk-falls-button-02-1655063428830.jpg?fit=2000%2C2000&ssl=1\",\"width\":2000,\"height\":2000},{\"@type\":\"BreadcrumbList\",\"@id\":\"https:\\\/\\\/enderg.com\\\/product\\\/as-dusk-falls\\\/#breadcrumb\",\"itemListElement\":[{\"@type\":\"ListItem\",\"position\":1,\"name\":\"Home\",\"item\":\"https:\\\/\\\/enderg.com\\\/\"},{\"@type\":\"ListItem\",\"position\":2,\"name\":\"Shop\",\"item\":\"https:\\\/\\\/enderg.com\\\/shop\\\/\"},{\"@type\":\"ListItem\",\"position\":3,\"name\":\"As Dusk Falls\"}]},{\"@type\":\"WebSite\",\"@id\":\"https:\\\/\\\/enderg.com\\\/#website\",\"url\":\"https:\\\/\\\/enderg.com\\\/\",\"name\":\"EnderG\",\"description\":\"Cheaper Is What We Do!\",\"publisher\":{\"@id\":\"https:\\\/\\\/enderg.com\\\/#organization\"},\"potentialAction\":[{\"@type\":\"SearchAction\",\"target\":{\"@type\":\"EntryPoint\",\"urlTemplate\":\"https:\\\/\\\/enderg.com\\\/?s={search_term_string}\"},\"query-input\":{\"@type\":\"PropertyValueSpecification\",\"valueRequired\":true,\"valueName\":\"search_term_string\"}}],\"inLanguage\":\"de\"},{\"@type\":\"Organization\",\"@id\":\"https:\\\/\\\/enderg.com\\\/#organization\",\"name\":\"EnderG\",\"url\":\"https:\\\/\\\/enderg.com\\\/\",\"logo\":{\"@type\":\"ImageObject\",\"inLanguage\":\"de\",\"@id\":\"https:\\\/\\\/enderg.com\\\/#\\\/schema\\\/logo\\\/image\\\/\",\"url\":\"https:\\\/\\\/enderg.com\\\/wp-content\\\/uploads\\\/2023\\\/03\\\/222222222221.png\",\"contentUrl\":\"https:\\\/\\\/enderg.com\\\/wp-content\\\/uploads\\\/2023\\\/03\\\/222222222221.png\",\"width\":512,\"height\":512,\"caption\":\"EnderG\"},\"image\":{\"@id\":\"https:\\\/\\\/enderg.com\\\/#\\\/schema\\\/logo\\\/image\\\/\"},\"sameAs\":[\"https:\\\/\\\/www.facebook.com\\\/Endergg1\\\/\",\"https:\\\/\\\/www.instagram.com\\\/enderg01\",\"https:\\\/\\\/www.youtube.com\\\/@enderg-com\"],\"description\":\"Cheaper Gaming is what we do!\",\"legalName\":\"Vandar Limited\",\"foundingDate\":\"2022-06-21\"}]}<\/script>\n<!-- \/ Yoast SEO Premium plugin. -->","yoast_head_json":{"title":"Wenn die D\u00e4mmerung hereinbricht - EnderG","robots":{"index":"index","follow":"follow","max-snippet":"max-snippet:-1","max-image-preview":"max-image-preview:large","max-video-preview":"max-video-preview:-1"},"canonical":"https:\/\/enderg.com\/de\/product\/mit-einbruch-der-dammerung\/","og_locale":"de_DE","og_type":"article","og_title":"As Dusk Falls","og_description":"Fast Delivery Delivery can take 5 to 20 minutes, according to your place in our queue Your Order will be \u2018Auto Refunded\u2019 in case it does not get delivered after 12 hours! How To Activate 1- Open up a VPN and connect to the server specified in your email after placing your order. 2- Click [&hellip;]","og_url":"https:\/\/enderg.com\/de\/product\/mit-einbruch-der-dammerung\/","og_site_name":"EnderG","article_publisher":"https:\/\/www.facebook.com\/Endergg1\/","article_modified_time":"2024-06-25T22:43:37+00:00","og_image":[{"width":2000,"height":2000,"url":"https:\/\/enderg.com\/wp-content\/uploads\/2022\/08\/as-dusk-falls-button-02-1655063428830.jpg","type":"image\/jpeg"}],"twitter_card":"summary_large_image","twitter_misc":{"Gesch\u00e4tzte Lesezeit":"4\u00a0Minuten"},"schema":{"@context":"https:\/\/schema.org","@graph":[{"@type":"WebPage","@id":"https:\/\/enderg.com\/product\/as-dusk-falls\/","url":"https:\/\/enderg.com\/product\/as-dusk-falls\/","name":"Wenn die D\u00e4mmerung hereinbricht - EnderG","isPartOf":{"@id":"https:\/\/enderg.com\/#website"},"primaryImageOfPage":{"@id":"https:\/\/enderg.com\/product\/as-dusk-falls\/#primaryimage"},"image":{"@id":"https:\/\/enderg.com\/product\/as-dusk-falls\/#primaryimage"},"thumbnailUrl":"https:\/\/i0.wp.com\/enderg.com\/wp-content\/uploads\/2022\/08\/as-dusk-falls-button-02-1655063428830.jpg?fit=2000%2C2000&ssl=1","datePublished":"2022-08-08T18:01:47+00:00","dateModified":"2024-06-25T22:43:37+00:00","breadcrumb":{"@id":"https:\/\/enderg.com\/product\/as-dusk-falls\/#breadcrumb"},"inLanguage":"de","potentialAction":[{"@type":"ReadAction","target":["https:\/\/enderg.com\/product\/as-dusk-falls\/"]}]},{"@type":"ImageObject","inLanguage":"de","@id":"https:\/\/enderg.com\/product\/as-dusk-falls\/#primaryimage","url":"https:\/\/i0.wp.com\/enderg.com\/wp-content\/uploads\/2022\/08\/as-dusk-falls-button-02-1655063428830.jpg?fit=2000%2C2000&ssl=1","contentUrl":"https:\/\/i0.wp.com\/enderg.com\/wp-content\/uploads\/2022\/08\/as-dusk-falls-button-02-1655063428830.jpg?fit=2000%2C2000&ssl=1","width":2000,"height":2000},{"@type":"BreadcrumbList","@id":"https:\/\/enderg.com\/product\/as-dusk-falls\/#breadcrumb","itemListElement":[{"@type":"ListItem","position":1,"name":"Home","item":"https:\/\/enderg.com\/"},{"@type":"ListItem","position":2,"name":"Shop","item":"https:\/\/enderg.com\/shop\/"},{"@type":"ListItem","position":3,"name":"As Dusk Falls"}]},{"@type":"WebSite","@id":"https:\/\/enderg.com\/#website","url":"https:\/\/enderg.com\/","name":"EnderG","description":"Billiger ist unser Ding!","publisher":{"@id":"https:\/\/enderg.com\/#organization"},"potentialAction":[{"@type":"SearchAction","target":{"@type":"EntryPoint","urlTemplate":"https:\/\/enderg.com\/?s={search_term_string}"},"query-input":{"@type":"PropertyValueSpecification","valueRequired":true,"valueName":"search_term_string"}}],"inLanguage":"de"},{"@type":"Organization","@id":"https:\/\/enderg.com\/#organization","name":"EnderG","url":"https:\/\/enderg.com\/","logo":{"@type":"ImageObject","inLanguage":"de","@id":"https:\/\/enderg.com\/#\/schema\/logo\/image\/","url":"https:\/\/enderg.com\/wp-content\/uploads\/2023\/03\/222222222221.png","contentUrl":"https:\/\/enderg.com\/wp-content\/uploads\/2023\/03\/222222222221.png","width":512,"height":512,"caption":"EnderG"},"image":{"@id":"https:\/\/enderg.com\/#\/schema\/logo\/image\/"},"sameAs":["https:\/\/www.facebook.com\/Endergg1\/","https:\/\/www.instagram.com\/enderg01","https:\/\/www.youtube.com\/@enderg-com"],"description":"G\u00fcnstiges Gaming ist unsere Spezialit\u00e4t!","legalName":"Vandar Limited","foundingDate":"2022-06-21"}]}},"jetpack_publicize_connections":[],"jetpack_likes_enabled":true,"jetpack_sharing_enabled":true,"jetpack-related-posts":[],"_links":{"self":[{"href":"https:\/\/enderg.com\/de\/wp-json\/wp\/v2\/product\/1834","targetHints":{"allow":["GET"]}}],"collection":[{"href":"https:\/\/enderg.com\/de\/wp-json\/wp\/v2\/product"}],"about":[{"href":"https:\/\/enderg.com\/de\/wp-json\/wp\/v2\/types\/product"}],"replies":[{"embeddable":true,"href":"https:\/\/enderg.com\/de\/wp-json\/wp\/v2\/comments?post=1834"}],"version-history":[{"count":19,"href":"https:\/\/enderg.com\/de\/wp-json\/wp\/v2\/product\/1834\/revisions"}],"predecessor-version":[{"id":8841,"href":"https:\/\/enderg.com\/de\/wp-json\/wp\/v2\/product\/1834\/revisions\/8841"}],"wp:featuredmedia":[{"embeddable":true,"href":"https:\/\/enderg.com\/de\/wp-json\/wp\/v2\/media\/1930"}],"wp:attachment":[{"href":"https:\/\/enderg.com\/de\/wp-json\/wp\/v2\/media?parent=1834"}],"wp:term":[{"taxonomy":"product_brand","embeddable":true,"href":"https:\/\/enderg.com\/de\/wp-json\/wp\/v2\/product_brand?post=1834"},{"taxonomy":"product_cat","embeddable":true,"href":"https:\/\/enderg.com\/de\/wp-json\/wp\/v2\/product_cat?post=1834"},{"taxonomy":"product_tag","embeddable":true,"href":"https:\/\/enderg.com\/de\/wp-json\/wp\/v2\/product_tag?post=1834"}],"curies":[{"name":"wp","href":"https:\/\/api.w.org\/{rel}","templated":true}]}}