{"id":10079,"date":"2023-08-31T03:28:31","date_gmt":"2023-08-31T00:28:31","guid":{"rendered":"https:\/\/enderg.com\/?post_type=product&#038;p=10079"},"modified":"2025-12-11T05:59:01","modified_gmt":"2025-12-11T02:59:01","slug":"call-of-duty-modern-warfare-iii","status":"publish","type":"product","link":"https:\/\/enderg.com\/de\/product\/call-of-duty-modern-warfare-iii\/","title":{"rendered":"Call of Duty: Modern Warfare III"},"content":{"rendered":"<div data-elementor-type=\"wp-post\" data-elementor-id=\"10079\" class=\"elementor elementor-10079\" data-elementor-post-type=\"product\">\n\t\t\t\t\t\t<section class=\"elementor-section elementor-top-section elementor-element elementor-element-5463f7c8 elementor-section-boxed elementor-section-height-default elementor-section-height-default\" data-id=\"5463f7c8\" data-element_type=\"section\" data-e-type=\"section\">\n\t\t\t\t\t\t<div class=\"elementor-container elementor-column-gap-default\">\n\t\t\t\t\t<div class=\"elementor-column elementor-col-100 elementor-top-column elementor-element elementor-element-7e4af85e\" data-id=\"7e4af85e\" data-element_type=\"column\" data-e-type=\"column\">\n\t\t\t<div class=\"elementor-widget-wrap elementor-element-populated\">\n\t\t\t\t\t\t<div class=\"elementor-element elementor-element-44b97c8d elementor-widget elementor-widget-accordion\" data-id=\"44b97c8d\" data-element_type=\"widget\" data-e-type=\"widget\" data-widget_type=\"accordion.default\">\n\t\t\t\t<div class=\"elementor-widget-container\">\n\t\t\t\t\t\t\t<div class=\"elementor-accordion\">\n\t\t\t\t\t\t\t<div class=\"elementor-accordion-item\">\n\t\t\t\t\t<h4 id=\"elementor-tab-title-1151\" class=\"elementor-tab-title\" data-tab=\"1\" role=\"button\" aria-controls=\"elementor-tab-content-1151\" aria-expanded=\"false\">\n\t\t\t\t\t\t\t\t\t\t\t\t\t<span class=\"elementor-accordion-icon elementor-accordion-icon-left\" aria-hidden=\"true\">\n\t\t\t\t\t\t\t\t\t\t\t\t\t\t\t<span class=\"elementor-accordion-icon-closed\"><i class=\"fas fa-truck\"><\/i><\/span>\n\t\t\t\t\t\t\t\t<span class=\"elementor-accordion-icon-opened\"><i class=\"fas fa-truck\"><\/i><\/span>\n\t\t\t\t\t\t\t\t\t\t\t\t\t\t<\/span>\n\t\t\t\t\t\t\t\t\t\t\t\t<a class=\"elementor-accordion-title\" tabindex=\"0\">Schnelle Lieferung<\/a>\n\t\t\t\t\t<\/h4>\n\t\t\t\t\t<div id=\"elementor-tab-content-1151\" class=\"elementor-tab-content elementor-clearfix\" data-tab=\"1\" role=\"region\" aria-labelledby=\"elementor-tab-title-1151\"><p>5-10 Minuten nachdem Ihre Bestellung eingegangen ist, erhalten Sie eine E-Mail mit dem Schl\u00fcssel\/Code zum Einl\u00f6sen auf Ihrem eigenen Konto oder den Kontoinformationen und Anweisungen, die Sie zum Aktivieren ben\u00f6tigen, je nach Plattform, f\u00fcr die Sie das Spiel kaufen!<\/p><\/div>\n\t\t\t\t<\/div>\n\t\t\t\t\t\t\t\t<\/div>\n\t\t\t\t\t\t<\/div>\n\t\t\t\t<\/div>\n\t\t\t\t<div class=\"elementor-element elementor-element-52d0b5a3 elementor-widget elementor-widget-accordion\" data-id=\"52d0b5a3\" data-element_type=\"widget\" data-e-type=\"widget\" data-widget_type=\"accordion.default\">\n\t\t\t\t<div class=\"elementor-widget-container\">\n\t\t\t\t\t\t\t<div class=\"elementor-accordion\">\n\t\t\t\t\t\t\t<div class=\"elementor-accordion-item\">\n\t\t\t\t\t<h4 id=\"elementor-tab-title-1381\" class=\"elementor-tab-title\" data-tab=\"1\" role=\"button\" aria-controls=\"elementor-tab-content-1381\" aria-expanded=\"false\">\n\t\t\t\t\t\t\t\t\t\t\t\t\t<span class=\"elementor-accordion-icon elementor-accordion-icon-left\" aria-hidden=\"true\">\n\t\t\t\t\t\t\t\t\t\t\t\t\t\t\t<span class=\"elementor-accordion-icon-closed\"><i class=\"fab fa-xbox\"><\/i><\/span>\n\t\t\t\t\t\t\t\t<span class=\"elementor-accordion-icon-opened\"><i class=\"fab fa-xbox\"><\/i><\/span>\n\t\t\t\t\t\t\t\t\t\t\t\t\t\t<\/span>\n\t\t\t\t\t\t\t\t\t\t\t\t<a class=\"elementor-accordion-title\" tabindex=\"0\">So aktivieren Sie<\/a>\n\t\t\t\t\t<\/h4>\n\t\t\t\t\t<div id=\"elementor-tab-content-1381\" class=\"elementor-tab-content elementor-clearfix\" data-tab=\"1\" role=\"region\" aria-labelledby=\"elementor-tab-title-1381\"><p>1- \u00d6ffnen Sie ein VPN und verbinden Sie sich mit dem in Ihrer E-Mail angegebenen Server, nachdem Sie Ihre Bestellung aufgegeben haben.\u00a0<\/p><p>2- Klicken Sie darauf\u00a0<a title=\"https:\/\/account.microsoft.com\/billing\/redeem?refd=login.live.com\" href=\"https:\/\/account.microsoft.com\/billing\/redeem?refd=login.live.com\"><strong>Verkn\u00fcpfung<\/strong><\/a>\u00a0&amp; Melden Sie sich bei Ihrem Konto an und l\u00f6sen Sie dann den erhaltenen Schl\u00fcssel ein!<\/p><p>3- Viel Spa\u00df!<\/p><\/div>\n\t\t\t\t<\/div>\n\t\t\t\t\t\t\t\t<\/div>\n\t\t\t\t\t\t<\/div>\n\t\t\t\t<\/div>\n\t\t\t\t<div class=\"elementor-element elementor-element-73a6d231 elementor-widget elementor-widget-accordion\" data-id=\"73a6d231\" data-element_type=\"widget\" data-e-type=\"widget\" data-widget_type=\"accordion.default\">\n\t\t\t\t<div class=\"elementor-widget-container\">\n\t\t\t\t\t\t\t<div class=\"elementor-accordion\">\n\t\t\t\t\t\t\t<div class=\"elementor-accordion-item\">\n\t\t\t\t\t<h4 id=\"elementor-tab-title-1941\" class=\"elementor-tab-title\" data-tab=\"1\" role=\"button\" aria-controls=\"elementor-tab-content-1941\" aria-expanded=\"false\">\n\t\t\t\t\t\t\t\t\t\t\t\t\t<span class=\"elementor-accordion-icon elementor-accordion-icon-left\" aria-hidden=\"true\">\n\t\t\t\t\t\t\t\t\t\t\t\t\t\t\t<span class=\"elementor-accordion-icon-closed\"><i class=\"fab fa-playstation\"><\/i><\/span>\n\t\t\t\t\t\t\t\t<span class=\"elementor-accordion-icon-opened\"><i class=\"fab fa-playstation\"><\/i><\/span>\n\t\t\t\t\t\t\t\t\t\t\t\t\t\t<\/span>\n\t\t\t\t\t\t\t\t\t\t\t\t<a class=\"elementor-accordion-title\" tabindex=\"0\">So aktivieren Sie<\/a>\n\t\t\t\t\t<\/h4>\n\t\t\t\t\t<div id=\"elementor-tab-content-1941\" class=\"elementor-tab-content elementor-clearfix\" data-tab=\"1\" role=\"region\" aria-labelledby=\"elementor-tab-title-1941\"><p>Bei der Lieferung erhalten Sie das von Ihnen bestellte \u201eAbonnement\u201c oder \u201eSpiel\u201c, das jedoch durch \u201eHinzuf\u00fcgen\u201c eines \u201eneuen Kontos\u201c zu Ihrer Konsole aktiviert werden muss.<\/p><p>Sie k\u00f6nnen das \u201eAbonnement\u201c oder \u201eSpiel\u201c des Kontos einfach zu Ihrem eigenen \u201eHauptkonto\u201c und den restlichen Konten auf Ihrer Konsole \u201eHINZUF\u00dcGEN\u201c.<\/p><p>Nach der Aktivierung Ihres \u201eneuen Kontos\u201c, das Ihre Bestellung enth\u00e4lt, k\u00f6nnen Sie das neue \u201eKonto\u201c ignorieren und wieder auf Ihrem \u201eHauptkonto\u201c Spiele spielen und Fortschritte machen, ohne dass Ihre Troph\u00e4en oder Ihr Fortschritt beeintr\u00e4chtigt werden!<\/p><p>*Funktioniert f\u00fcr weltweite Regionen<\/p><p>*Dieses Produkt enth\u00e4lt keinen Code<\/p><p><a title=\"https:\/\/www.playstation.com\/en-gb\/support\/subscriptions\/share-playstation-plus\/\" href=\"https:\/\/www.playstation.com\/en-gb\/support\/subscriptions\/share-playstation-plus\/\" target=\"_blank\" rel=\"noopener\">Klicken Sie hier, um zu erfahren, wie Sie Ihre \u201ePlaystation Plus\u201c-Mitgliedschaft auf Ihrer Konsole teilen k\u00f6nnen.<\/a><\/p><\/div>\n\t\t\t\t<\/div>\n\t\t\t\t\t\t\t\t<\/div>\n\t\t\t\t\t\t<\/div>\n\t\t\t\t<\/div>\n\t\t\t\t\t<\/div>\n\t\t<\/div>\n\t\t\t\t\t<\/div>\n\t\t<\/section>\n\t\t\t\t<section class=\"elementor-section elementor-top-section elementor-element elementor-element-21f4065f elementor-section-boxed elementor-section-height-default elementor-section-height-default\" data-id=\"21f4065f\" data-element_type=\"section\" data-e-type=\"section\">\n\t\t\t\t\t\t<div class=\"elementor-container elementor-column-gap-default\">\n\t\t\t\t\t<div class=\"elementor-column elementor-col-100 elementor-top-column elementor-element elementor-element-4ea783ce\" data-id=\"4ea783ce\" data-element_type=\"column\" data-e-type=\"column\">\n\t\t\t<div class=\"elementor-widget-wrap elementor-element-populated\">\n\t\t\t\t\t\t<div class=\"elementor-element elementor-element-2248dfc0 elementor-widget elementor-widget-accordion\" data-id=\"2248dfc0\" data-element_type=\"widget\" data-e-type=\"widget\" data-widget_type=\"accordion.default\">\n\t\t\t\t<div class=\"elementor-widget-container\">\n\t\t\t\t\t\t\t<div class=\"elementor-accordion\">\n\t\t\t\t\t\t\t<div class=\"elementor-accordion-item\">\n\t\t\t\t\t<h4 id=\"elementor-tab-title-5751\" class=\"elementor-tab-title\" data-tab=\"1\" role=\"button\" aria-controls=\"elementor-tab-content-5751\" aria-expanded=\"false\">\n\t\t\t\t\t\t\t\t\t\t\t\t\t<span class=\"elementor-accordion-icon elementor-accordion-icon-left\" aria-hidden=\"true\">\n\t\t\t\t\t\t\t\t\t\t\t\t\t\t\t<span class=\"elementor-accordion-icon-closed\"><i class=\"fab fa-steam\"><\/i><\/span>\n\t\t\t\t\t\t\t\t<span class=\"elementor-accordion-icon-opened\"><i class=\"fab fa-steam\"><\/i><\/span>\n\t\t\t\t\t\t\t\t\t\t\t\t\t\t<\/span>\n\t\t\t\t\t\t\t\t\t\t\t\t<a class=\"elementor-accordion-title\" tabindex=\"0\">So aktivieren Sie<\/a>\n\t\t\t\t\t<\/h4>\n\t\t\t\t\t<div id=\"elementor-tab-content-5751\" class=\"elementor-tab-content elementor-clearfix\" data-tab=\"1\" role=\"region\" aria-labelledby=\"elementor-tab-title-5751\"><p>Sie k\u00f6nnen das Spiel zu Ihrem \u201eHaupt-Steam-Konto\u201c hinzuf\u00fcgen und spielen, indem Sie einfach dieser Anleitung folgen:<\/p><p>1- Melden Sie sich bei dem neuen Steam-Konto auf dem Computer an, auf dem Sie das neue Spiel, das Sie gekauft haben, teilen m\u00f6chten und das sich in der E-Mail befindet, die wir Ihnen gesendet haben<\/p><p>2- Stellen Sie sicher, dass Sie dies getan haben <a class=\"Focusable\" tabindex=\"0\" href=\"https:\/\/help.steampowered.com\/en\/faqs\/view\/06B0-26E6-2CF8-254C\"><span data-tooltip-text=\"help.steampowered.com\">Dampfw\u00e4chter<\/span><\/a>\u00a0Sicherheit \u00fcber Steam &gt; Einstellungen &gt; Konto im Steam-Client aktiviert.<\/p><p>3- W\u00e4hlen Sie im Steam-Einstellungsfenster die Registerkarte \u201eFamilie\u201c (oder im Big Picture-Modus \u201eEinstellungen\u201c &gt; \u201eFamilienbibliotheksfreigabe\u201c). Hier k\u00f6nnen Sie Benutzer ausw\u00e4hlen, die sich ebenfalls an diesem Computer angemeldet haben, um Ihre Bibliothek mit ihnen zu teilen.<\/p><p>4- Klicken Sie auf das Feld \u201eBibliotheksfreigabe auf diesem Computer autorisieren\u201c.<\/p><p>5- Aktivieren Sie das Kontrollk\u00e4stchen neben dem Konto, mit dem Sie Ihre Bibliothek teilen m\u00f6chten.<\/p><p>Es steht Ihnen v\u00f6llig frei, das \u201ePasswort\u201c des Kontos zu \u00e4ndern oder die Bibliothek mit Ihrem eigenen Steam-Konto zu teilen, um das Spiel auf Ihrem eigenen Steam-Konto voranzutreiben und die Erfolge freizuschalten!<\/p><p>*Dieses Produkt enth\u00e4lt keinen Code<\/p><p><a title=\"https:\/\/help.steampowered.com\/en\/faqs\/view\/57A7-503C-991F-E9A8\" href=\"https:\/\/help.steampowered.com\/en\/faqs\/view\/57A7-503C-991F-E9A8\" target=\"_blank\" rel=\"noopener\"><b>Erfahren Sie, wie Sie Zugriff auf die Bibliothek eines Kontos erhalten, um dessen Spiele auf Ihrem eigenen Konto zu spielen.<\/b><\/a><\/p><\/div>\n\t\t\t\t<\/div>\n\t\t\t\t\t\t\t\t<\/div>\n\t\t\t\t\t\t<\/div>\n\t\t\t\t<\/div>\n\t\t\t\t<div class=\"elementor-element elementor-element-47157ed9 elementor-widget elementor-widget-text-editor\" data-id=\"47157ed9\" data-element_type=\"widget\" data-e-type=\"widget\" data-widget_type=\"text-editor.default\">\n\t\t\t\t<div class=\"elementor-widget-container\">\n\t\t\t\t\t\t\t\t\t<div class=\"game_page_autocollapse_ctn expanded\"><div id=\"aboutThisGame\" class=\"game_page_autocollapse\" data-panel=\"{&quot;type&quot;:&quot;PanelGroup&quot;}\"><div id=\"game_area_description\" class=\"game_area_description\"><h3>\u00dcBER DIESES SPIEL<\/h3><p>\u00a0<\/p><\/div><\/div><\/div>\t\t\t\t\t\t\t\t<\/div>\n\t\t\t\t<\/div>\n\t\t\t\t\t<\/div>\n\t\t<\/div>\n\t\t\t\t\t<\/div>\n\t\t<\/section>\n\t\t\t\t<\/div>","protected":false},"excerpt":{"rendered":"<p>Fast Delivery 5-10 minutes after your order goes through, you will receive an email containing the Key\/Code to redeem on your own account or the Account info &amp; instructions you need to Activate, depending on the platform you buy the game for! How To Activate 1- Open up a VPN and connect to the server [&hellip;]<\/p>\n","protected":false},"featured_media":10087,"comment_status":"open","ping_status":"closed","template":"","meta":{"_crdt_document":"","jetpack_post_was_ever_published":false,"jetpack_publicize_message":"","jetpack_publicize_feature_enabled":true,"jetpack_social_post_already_shared":true,"jetpack_social_options":{"image_generator_settings":{"template":"highway","default_image_id":0,"font":"","enabled":false},"version":2},"_wpas_customize_per_network":false},"product_brand":[],"product_cat":[1375,1377,1374],"product_tag":[],"class_list":{"0":"post-10079","1":"product","2":"type-product","3":"status-publish","4":"has-post-thumbnail","6":"product_cat-pc","7":"product_cat-playstation","8":"product_cat-xbox","10":"first","11":"outofstock","12":"sale","13":"taxable","14":"shipping-taxable","15":"purchasable","16":"product-type-variable","17":"has-default-attributes"},"yoast_head":"<!-- This site is optimized with the Yoast SEO Premium plugin v27.3 (Yoast SEO v27.3) - https:\/\/yoast.com\/product\/yoast-seo-premium-wordpress\/ -->\n<title>Call of Duty: Modern Warfare III - EnderG<\/title>\n<meta name=\"robots\" content=\"index, follow, max-snippet:-1, max-image-preview:large, max-video-preview:-1\" \/>\n<link rel=\"canonical\" href=\"https:\/\/enderg.com\/de\/product\/call-of-duty-modern-warfare-iii\/\" \/>\n<meta property=\"og:locale\" content=\"de_DE\" \/>\n<meta property=\"og:type\" content=\"article\" \/>\n<meta property=\"og:title\" content=\"Call of Duty: Modern Warfare III\" \/>\n<meta property=\"og:description\" content=\"Fast Delivery 5-10 minutes after your order goes through, you will receive an email containing the Key\/Code to redeem on your own account or the Account info &amp; instructions you need to Activate, depending on the platform you buy the game for! How To Activate 1- Open up a VPN and connect to the server [&hellip;]\" \/>\n<meta property=\"og:url\" content=\"https:\/\/enderg.com\/de\/product\/call-of-duty-modern-warfare-iii\/\" \/>\n<meta property=\"og:site_name\" content=\"EnderG\" \/>\n<meta property=\"article:publisher\" content=\"https:\/\/www.facebook.com\/Endergg1\/\" \/>\n<meta property=\"article:modified_time\" content=\"2025-12-11T02:59:01+00:00\" \/>\n<meta property=\"og:image\" content=\"https:\/\/i0.wp.com\/enderg.com\/wp-content\/uploads\/2023\/08\/wadawdawd.jpg?fit=1920%2C1092&ssl=1\" \/>\n\t<meta property=\"og:image:width\" content=\"1920\" \/>\n\t<meta property=\"og:image:height\" content=\"1092\" \/>\n\t<meta property=\"og:image:type\" content=\"image\/jpeg\" \/>\n<meta name=\"twitter:card\" content=\"summary_large_image\" \/>\n<meta name=\"twitter:label1\" content=\"Gesch\u00e4tzte Lesezeit\" \/>\n\t<meta name=\"twitter:data1\" content=\"2\u00a0Minuten\" \/>\n<script type=\"application\/ld+json\" class=\"yoast-schema-graph\">{\"@context\":\"https:\\\/\\\/schema.org\",\"@graph\":[{\"@type\":\"WebPage\",\"@id\":\"https:\\\/\\\/enderg.com\\\/product\\\/call-of-duty-modern-warfare-iii\\\/\",\"url\":\"https:\\\/\\\/enderg.com\\\/product\\\/call-of-duty-modern-warfare-iii\\\/\",\"name\":\"Call of Duty: Modern Warfare III - EnderG\",\"isPartOf\":{\"@id\":\"https:\\\/\\\/enderg.com\\\/#website\"},\"primaryImageOfPage\":{\"@id\":\"https:\\\/\\\/enderg.com\\\/product\\\/call-of-duty-modern-warfare-iii\\\/#primaryimage\"},\"image\":{\"@id\":\"https:\\\/\\\/enderg.com\\\/product\\\/call-of-duty-modern-warfare-iii\\\/#primaryimage\"},\"thumbnailUrl\":\"https:\\\/\\\/i0.wp.com\\\/enderg.com\\\/wp-content\\\/uploads\\\/2023\\\/08\\\/wadawdawd.jpg?fit=1920%2C1092&ssl=1\",\"datePublished\":\"2023-08-31T00:28:31+00:00\",\"dateModified\":\"2025-12-11T02:59:01+00:00\",\"breadcrumb\":{\"@id\":\"https:\\\/\\\/enderg.com\\\/product\\\/call-of-duty-modern-warfare-iii\\\/#breadcrumb\"},\"inLanguage\":\"de\",\"potentialAction\":[{\"@type\":\"ReadAction\",\"target\":[\"https:\\\/\\\/enderg.com\\\/product\\\/call-of-duty-modern-warfare-iii\\\/\"]}]},{\"@type\":\"ImageObject\",\"inLanguage\":\"de\",\"@id\":\"https:\\\/\\\/enderg.com\\\/product\\\/call-of-duty-modern-warfare-iii\\\/#primaryimage\",\"url\":\"https:\\\/\\\/i0.wp.com\\\/enderg.com\\\/wp-content\\\/uploads\\\/2023\\\/08\\\/wadawdawd.jpg?fit=1920%2C1092&ssl=1\",\"contentUrl\":\"https:\\\/\\\/i0.wp.com\\\/enderg.com\\\/wp-content\\\/uploads\\\/2023\\\/08\\\/wadawdawd.jpg?fit=1920%2C1092&ssl=1\",\"width\":1920,\"height\":1092},{\"@type\":\"BreadcrumbList\",\"@id\":\"https:\\\/\\\/enderg.com\\\/product\\\/call-of-duty-modern-warfare-iii\\\/#breadcrumb\",\"itemListElement\":[{\"@type\":\"ListItem\",\"position\":1,\"name\":\"Home\",\"item\":\"https:\\\/\\\/enderg.com\\\/\"},{\"@type\":\"ListItem\",\"position\":2,\"name\":\"Shop\",\"item\":\"https:\\\/\\\/enderg.com\\\/shop\\\/\"},{\"@type\":\"ListItem\",\"position\":3,\"name\":\"Call of Duty: Modern Warfare III\"}]},{\"@type\":\"WebSite\",\"@id\":\"https:\\\/\\\/enderg.com\\\/#website\",\"url\":\"https:\\\/\\\/enderg.com\\\/\",\"name\":\"EnderG\",\"description\":\"Cheaper Is What We Do!\",\"publisher\":{\"@id\":\"https:\\\/\\\/enderg.com\\\/#organization\"},\"potentialAction\":[{\"@type\":\"SearchAction\",\"target\":{\"@type\":\"EntryPoint\",\"urlTemplate\":\"https:\\\/\\\/enderg.com\\\/?s={search_term_string}\"},\"query-input\":{\"@type\":\"PropertyValueSpecification\",\"valueRequired\":true,\"valueName\":\"search_term_string\"}}],\"inLanguage\":\"de\"},{\"@type\":\"Organization\",\"@id\":\"https:\\\/\\\/enderg.com\\\/#organization\",\"name\":\"EnderG\",\"url\":\"https:\\\/\\\/enderg.com\\\/\",\"logo\":{\"@type\":\"ImageObject\",\"inLanguage\":\"de\",\"@id\":\"https:\\\/\\\/enderg.com\\\/#\\\/schema\\\/logo\\\/image\\\/\",\"url\":\"https:\\\/\\\/enderg.com\\\/wp-content\\\/uploads\\\/2023\\\/03\\\/222222222221.png\",\"contentUrl\":\"https:\\\/\\\/enderg.com\\\/wp-content\\\/uploads\\\/2023\\\/03\\\/222222222221.png\",\"width\":512,\"height\":512,\"caption\":\"EnderG\"},\"image\":{\"@id\":\"https:\\\/\\\/enderg.com\\\/#\\\/schema\\\/logo\\\/image\\\/\"},\"sameAs\":[\"https:\\\/\\\/www.facebook.com\\\/Endergg1\\\/\",\"https:\\\/\\\/www.instagram.com\\\/enderg01\",\"https:\\\/\\\/www.youtube.com\\\/@enderg-com\"],\"description\":\"Cheaper Gaming is what we do!\",\"legalName\":\"Vandar Limited\",\"foundingDate\":\"2022-06-21\"}]}<\/script>\n<!-- \/ Yoast SEO Premium plugin. -->","yoast_head_json":{"title":"Call of Duty: Modern Warfare III - EnderG","robots":{"index":"index","follow":"follow","max-snippet":"max-snippet:-1","max-image-preview":"max-image-preview:large","max-video-preview":"max-video-preview:-1"},"canonical":"https:\/\/enderg.com\/de\/product\/call-of-duty-modern-warfare-iii\/","og_locale":"de_DE","og_type":"article","og_title":"Call of Duty: Modern Warfare III","og_description":"Fast Delivery 5-10 minutes after your order goes through, you will receive an email containing the Key\/Code to redeem on your own account or the Account info &amp; instructions you need to Activate, depending on the platform you buy the game for! How To Activate 1- Open up a VPN and connect to the server [&hellip;]","og_url":"https:\/\/enderg.com\/de\/product\/call-of-duty-modern-warfare-iii\/","og_site_name":"EnderG","article_publisher":"https:\/\/www.facebook.com\/Endergg1\/","article_modified_time":"2025-12-11T02:59:01+00:00","og_image":[{"width":1920,"height":1092,"url":"https:\/\/i0.wp.com\/enderg.com\/wp-content\/uploads\/2023\/08\/wadawdawd.jpg?fit=1920%2C1092&ssl=1","type":"image\/jpeg"}],"twitter_card":"summary_large_image","twitter_misc":{"Gesch\u00e4tzte Lesezeit":"2\u00a0Minuten"},"schema":{"@context":"https:\/\/schema.org","@graph":[{"@type":"WebPage","@id":"https:\/\/enderg.com\/product\/call-of-duty-modern-warfare-iii\/","url":"https:\/\/enderg.com\/product\/call-of-duty-modern-warfare-iii\/","name":"Call of Duty: Modern Warfare III - EnderG","isPartOf":{"@id":"https:\/\/enderg.com\/#website"},"primaryImageOfPage":{"@id":"https:\/\/enderg.com\/product\/call-of-duty-modern-warfare-iii\/#primaryimage"},"image":{"@id":"https:\/\/enderg.com\/product\/call-of-duty-modern-warfare-iii\/#primaryimage"},"thumbnailUrl":"https:\/\/i0.wp.com\/enderg.com\/wp-content\/uploads\/2023\/08\/wadawdawd.jpg?fit=1920%2C1092&ssl=1","datePublished":"2023-08-31T00:28:31+00:00","dateModified":"2025-12-11T02:59:01+00:00","breadcrumb":{"@id":"https:\/\/enderg.com\/product\/call-of-duty-modern-warfare-iii\/#breadcrumb"},"inLanguage":"de","potentialAction":[{"@type":"ReadAction","target":["https:\/\/enderg.com\/product\/call-of-duty-modern-warfare-iii\/"]}]},{"@type":"ImageObject","inLanguage":"de","@id":"https:\/\/enderg.com\/product\/call-of-duty-modern-warfare-iii\/#primaryimage","url":"https:\/\/i0.wp.com\/enderg.com\/wp-content\/uploads\/2023\/08\/wadawdawd.jpg?fit=1920%2C1092&ssl=1","contentUrl":"https:\/\/i0.wp.com\/enderg.com\/wp-content\/uploads\/2023\/08\/wadawdawd.jpg?fit=1920%2C1092&ssl=1","width":1920,"height":1092},{"@type":"BreadcrumbList","@id":"https:\/\/enderg.com\/product\/call-of-duty-modern-warfare-iii\/#breadcrumb","itemListElement":[{"@type":"ListItem","position":1,"name":"Home","item":"https:\/\/enderg.com\/"},{"@type":"ListItem","position":2,"name":"Shop","item":"https:\/\/enderg.com\/shop\/"},{"@type":"ListItem","position":3,"name":"Call of Duty: Modern Warfare III"}]},{"@type":"WebSite","@id":"https:\/\/enderg.com\/#website","url":"https:\/\/enderg.com\/","name":"EnderG","description":"Billiger ist unser Ding!","publisher":{"@id":"https:\/\/enderg.com\/#organization"},"potentialAction":[{"@type":"SearchAction","target":{"@type":"EntryPoint","urlTemplate":"https:\/\/enderg.com\/?s={search_term_string}"},"query-input":{"@type":"PropertyValueSpecification","valueRequired":true,"valueName":"search_term_string"}}],"inLanguage":"de"},{"@type":"Organization","@id":"https:\/\/enderg.com\/#organization","name":"EnderG","url":"https:\/\/enderg.com\/","logo":{"@type":"ImageObject","inLanguage":"de","@id":"https:\/\/enderg.com\/#\/schema\/logo\/image\/","url":"https:\/\/enderg.com\/wp-content\/uploads\/2023\/03\/222222222221.png","contentUrl":"https:\/\/enderg.com\/wp-content\/uploads\/2023\/03\/222222222221.png","width":512,"height":512,"caption":"EnderG"},"image":{"@id":"https:\/\/enderg.com\/#\/schema\/logo\/image\/"},"sameAs":["https:\/\/www.facebook.com\/Endergg1\/","https:\/\/www.instagram.com\/enderg01","https:\/\/www.youtube.com\/@enderg-com"],"description":"G\u00fcnstiges Gaming ist unsere Spezialit\u00e4t!","legalName":"Vandar Limited","foundingDate":"2022-06-21"}]}},"jetpack_publicize_connections":[],"jetpack_likes_enabled":true,"jetpack_sharing_enabled":true,"jetpack-related-posts":[],"_links":{"self":[{"href":"https:\/\/enderg.com\/de\/wp-json\/wp\/v2\/product\/10079","targetHints":{"allow":["GET"]}}],"collection":[{"href":"https:\/\/enderg.com\/de\/wp-json\/wp\/v2\/product"}],"about":[{"href":"https:\/\/enderg.com\/de\/wp-json\/wp\/v2\/types\/product"}],"replies":[{"embeddable":true,"href":"https:\/\/enderg.com\/de\/wp-json\/wp\/v2\/comments?post=10079"}],"version-history":[{"count":1,"href":"https:\/\/enderg.com\/de\/wp-json\/wp\/v2\/product\/10079\/revisions"}],"predecessor-version":[{"id":10088,"href":"https:\/\/enderg.com\/de\/wp-json\/wp\/v2\/product\/10079\/revisions\/10088"}],"wp:featuredmedia":[{"embeddable":true,"href":"https:\/\/enderg.com\/de\/wp-json\/wp\/v2\/media\/10087"}],"wp:attachment":[{"href":"https:\/\/enderg.com\/de\/wp-json\/wp\/v2\/media?parent=10079"}],"wp:term":[{"taxonomy":"product_brand","embeddable":true,"href":"https:\/\/enderg.com\/de\/wp-json\/wp\/v2\/product_brand?post=10079"},{"taxonomy":"product_cat","embeddable":true,"href":"https:\/\/enderg.com\/de\/wp-json\/wp\/v2\/product_cat?post=10079"},{"taxonomy":"product_tag","embeddable":true,"href":"https:\/\/enderg.com\/de\/wp-json\/wp\/v2\/product_tag?post=10079"}],"curies":[{"name":"wp","href":"https:\/\/api.w.org\/{rel}","templated":true}]}}