{"id":3326,"date":"2022-08-09T00:45:39","date_gmt":"2022-08-08T21:45:39","guid":{"rendered":"https:\/\/enderg.com\/?page_id=3326"},"modified":"2024-04-16T12:39:43","modified_gmt":"2024-04-16T09:39:43","slug":"about-us","status":"publish","type":"page","link":"https:\/\/enderg.com\/de\/about-us\/","title":{"rendered":"\u00dcber uns"},"content":{"rendered":"<p class=\"has-white-color has-text-color wp-block-paragraph\">Willkommen zu <strong>EnderG<\/strong>, Ihr Komplettanbieter f\u00fcr alles rund um Videospiele: Von neuen und gebrauchten Videospiel-Discs und Videospiel-Keys bis hin zu seltenen und limitierten Spielen, Spielinhalten und Merchandise-Artikeln.<\/p>\n\n\n\n<p class=\"has-white-color has-text-color wp-block-paragraph\">Mit \u00fcber 6 Jahren Erfahrung in der Branche haben wir eine gro\u00dfe Leidenschaft f\u00fcr Videospiele und bem\u00fchen uns, unseren Kunden das bestm\u00f6gliche Erlebnis zu bieten.<\/p>\n\n\n\n<p class=\"has-white-color has-text-color wp-block-paragraph\">Bei <strong>EnderG<\/strong>Wir glauben, dass unsere Mission darin besteht, au\u00dfergew\u00f6hnliche Spielerlebnisse zu schaffen, die Menschen zusammenbringen und ihre Leidenschaft f\u00fcr das Spielen entfachen. Wir sind bestrebt, unsere Produkte und Dienstleistungen zu wettbewerbsf\u00e4higen und g\u00fcnstigen Preisen anzubieten.<\/p>\n\n\n\n<p class=\"has-white-color has-text-color wp-block-paragraph\">Wir glauben, dass Gaming ein soziales Erlebnis ist und streben danach, rund um die von uns angebotenen Produkte und Dienstleistungen eine starke und integrative Community aufzubauen.<\/p>\n\n\n\n<p class=\"has-white-color has-text-color wp-block-paragraph\">Wir wissen, dass Ihre Zeit wertvoll ist, deshalb legen wir gro\u00dfen Wert auf exzellenten Kundenservice und effiziente L\u00f6sungen f\u00fcr Ihre Bed\u00fcrfnisse. Unser Team steht Ihnen zur Verf\u00fcgung von <strong><em>9:00 Uhr bis 23:59 Uhr GMT<\/em><\/strong> die ganze Woche \u00fcber per E-Mail.\u2018 <em>help@enderg.com<\/em>, um Ihre Fragen zu beantworten und Ihnen auf jede erdenkliche Weise zu helfen<\/p>\n\n\n\n<p class=\"wp-block-paragraph\">Sie k\u00f6nnen auch unsere besuchen <a href=\"https:\/\/enderg.com\/frequently-asked-questions\/\" target=\"_blank\" rel=\"noopener\" title=\"H\u00e4ufig gestellte Fragen\">FAQ-Seite<\/a> um Antworten auf einige der am h\u00e4ufigsten gestellten Fragen zu unseren Produkten zu finden.<\/p>\n\n\n\n<p class=\"has-white-color has-text-color wp-block-paragraph\">Vielen Dank f\u00fcr Ihre Wahl <strong>EnderG <\/strong>und wir freuen uns darauf, Sie zu bedienen. Spiel weiter!<\/p>","protected":false},"excerpt":{"rendered":"<p>Welcome to EnderG, your one stop shop for anything Video Gaming Related, From new &amp; used Video Game Discs, Video Game keys, All the way to Rare &amp; Limited edition Games, in- game contents and Merchandise. with over 6 years of experience in the industry, We super are passionate about Video Games and strive to [&hellip;]<\/p>\n","protected":false},"author":215024817,"featured_media":0,"parent":0,"menu_order":0,"comment_status":"closed","ping_status":"closed","template":"","meta":{"_crdt_document":"","jetpack_post_was_ever_published":true,"footnotes":""},"class_list":["post-3326","page","type-page","status-publish","hentry"],"yoast_head":"<!-- This site is optimized with the Yoast SEO Premium plugin v27.3 (Yoast SEO v27.3) - https:\/\/yoast.com\/product\/yoast-seo-premium-wordpress\/ -->\n<title>About Us - EnderG<\/title>\n<meta name=\"robots\" content=\"index, follow, max-snippet:-1, max-image-preview:large, max-video-preview:-1\" \/>\n<link rel=\"canonical\" href=\"http:\/\/enderg.com\/de\/about-us\/\" \/>\n<meta property=\"og:locale\" content=\"de_DE\" \/>\n<meta property=\"og:type\" content=\"article\" \/>\n<meta property=\"og:title\" content=\"About Us\" \/>\n<meta property=\"og:description\" content=\"Welcome to EnderG, your one stop shop for anything Video Gaming Related, From new &amp; used Video Game Discs, Video Game keys, All the way to Rare &amp; Limited edition Games, in- game contents and Merchandise. with over 6 years of experience in the industry, We super are passionate about Video Games and strive to [&hellip;]\" \/>\n<meta property=\"og:url\" content=\"http:\/\/enderg.com\/de\/about-us\/\" \/>\n<meta property=\"og:site_name\" content=\"EnderG\" \/>\n<meta property=\"article:publisher\" content=\"https:\/\/www.facebook.com\/Endergg1\/\" \/>\n<meta property=\"article:modified_time\" content=\"2024-04-16T09:39:43+00:00\" \/>\n<meta property=\"og:image\" content=\"https:\/\/i0.wp.com\/enderg.com\/wp-content\/uploads\/2023\/01\/cropped-1111111-1.png?fit=470%2C110&ssl=1\" \/>\n\t<meta property=\"og:image:width\" content=\"470\" \/>\n\t<meta property=\"og:image:height\" content=\"110\" \/>\n\t<meta property=\"og:image:type\" content=\"image\/png\" \/>\n<meta name=\"twitter:card\" content=\"summary_large_image\" \/>\n<meta name=\"twitter:label1\" content=\"Gesch\u00e4tzte Lesezeit\" \/>\n\t<meta name=\"twitter:data1\" content=\"1\u00a0Minute\" \/>\n<script type=\"application\/ld+json\" class=\"yoast-schema-graph\">{\"@context\":\"https:\\\/\\\/schema.org\",\"@graph\":[{\"@type\":\"WebPage\",\"@id\":\"http:\\\/\\\/enderg.com\\\/about-us\\\/\",\"url\":\"http:\\\/\\\/enderg.com\\\/about-us\\\/\",\"name\":\"About Us - EnderG\",\"isPartOf\":{\"@id\":\"https:\\\/\\\/enderg.com\\\/#website\"},\"datePublished\":\"2022-08-08T21:45:39+00:00\",\"dateModified\":\"2024-04-16T09:39:43+00:00\",\"breadcrumb\":{\"@id\":\"http:\\\/\\\/enderg.com\\\/about-us\\\/#breadcrumb\"},\"inLanguage\":\"de\",\"potentialAction\":[{\"@type\":\"ReadAction\",\"target\":[\"http:\\\/\\\/enderg.com\\\/about-us\\\/\"]}]},{\"@type\":\"BreadcrumbList\",\"@id\":\"http:\\\/\\\/enderg.com\\\/about-us\\\/#breadcrumb\",\"itemListElement\":[{\"@type\":\"ListItem\",\"position\":1,\"name\":\"Home\",\"item\":\"https:\\\/\\\/enderg.com\\\/\"},{\"@type\":\"ListItem\",\"position\":2,\"name\":\"About Us\"}]},{\"@type\":\"WebSite\",\"@id\":\"https:\\\/\\\/enderg.com\\\/#website\",\"url\":\"https:\\\/\\\/enderg.com\\\/\",\"name\":\"EnderG\",\"description\":\"Cheaper Is What We Do!\",\"publisher\":{\"@id\":\"https:\\\/\\\/enderg.com\\\/#organization\"},\"potentialAction\":[{\"@type\":\"SearchAction\",\"target\":{\"@type\":\"EntryPoint\",\"urlTemplate\":\"https:\\\/\\\/enderg.com\\\/?s={search_term_string}\"},\"query-input\":{\"@type\":\"PropertyValueSpecification\",\"valueRequired\":true,\"valueName\":\"search_term_string\"}}],\"inLanguage\":\"de\"},{\"@type\":\"Organization\",\"@id\":\"https:\\\/\\\/enderg.com\\\/#organization\",\"name\":\"EnderG\",\"url\":\"https:\\\/\\\/enderg.com\\\/\",\"logo\":{\"@type\":\"ImageObject\",\"inLanguage\":\"de\",\"@id\":\"https:\\\/\\\/enderg.com\\\/#\\\/schema\\\/logo\\\/image\\\/\",\"url\":\"https:\\\/\\\/enderg.com\\\/wp-content\\\/uploads\\\/2023\\\/03\\\/222222222221.png\",\"contentUrl\":\"https:\\\/\\\/enderg.com\\\/wp-content\\\/uploads\\\/2023\\\/03\\\/222222222221.png\",\"width\":512,\"height\":512,\"caption\":\"EnderG\"},\"image\":{\"@id\":\"https:\\\/\\\/enderg.com\\\/#\\\/schema\\\/logo\\\/image\\\/\"},\"sameAs\":[\"https:\\\/\\\/www.facebook.com\\\/Endergg1\\\/\",\"https:\\\/\\\/www.instagram.com\\\/enderg01\",\"https:\\\/\\\/www.youtube.com\\\/@enderg-com\"],\"description\":\"Cheaper Gaming is what we do!\",\"legalName\":\"Vandar Limited\",\"foundingDate\":\"2022-06-21\"}]}<\/script>\n<!-- \/ Yoast SEO Premium plugin. -->","yoast_head_json":{"title":"\u00dcber uns \u2013 EnderG","robots":{"index":"index","follow":"follow","max-snippet":"max-snippet:-1","max-image-preview":"max-image-preview:large","max-video-preview":"max-video-preview:-1"},"canonical":"http:\/\/enderg.com\/de\/about-us\/","og_locale":"de_DE","og_type":"article","og_title":"About Us","og_description":"Welcome to EnderG, your one stop shop for anything Video Gaming Related, From new &amp; used Video Game Discs, Video Game keys, All the way to Rare &amp; Limited edition Games, in- game contents and Merchandise. with over 6 years of experience in the industry, We super are passionate about Video Games and strive to [&hellip;]","og_url":"http:\/\/enderg.com\/de\/about-us\/","og_site_name":"EnderG","article_publisher":"https:\/\/www.facebook.com\/Endergg1\/","article_modified_time":"2024-04-16T09:39:43+00:00","og_image":[{"width":470,"height":110,"url":"https:\/\/i0.wp.com\/enderg.com\/wp-content\/uploads\/2023\/01\/cropped-1111111-1.png?fit=470%2C110&ssl=1","type":"image\/png"}],"twitter_card":"summary_large_image","twitter_misc":{"Gesch\u00e4tzte Lesezeit":"1\u00a0Minute"},"schema":{"@context":"https:\/\/schema.org","@graph":[{"@type":"WebPage","@id":"http:\/\/enderg.com\/about-us\/","url":"http:\/\/enderg.com\/about-us\/","name":"\u00dcber uns \u2013 EnderG","isPartOf":{"@id":"https:\/\/enderg.com\/#website"},"datePublished":"2022-08-08T21:45:39+00:00","dateModified":"2024-04-16T09:39:43+00:00","breadcrumb":{"@id":"http:\/\/enderg.com\/about-us\/#breadcrumb"},"inLanguage":"de","potentialAction":[{"@type":"ReadAction","target":["http:\/\/enderg.com\/about-us\/"]}]},{"@type":"BreadcrumbList","@id":"http:\/\/enderg.com\/about-us\/#breadcrumb","itemListElement":[{"@type":"ListItem","position":1,"name":"Home","item":"https:\/\/enderg.com\/"},{"@type":"ListItem","position":2,"name":"About Us"}]},{"@type":"WebSite","@id":"https:\/\/enderg.com\/#website","url":"https:\/\/enderg.com\/","name":"EnderG","description":"Billiger ist unser Ding!","publisher":{"@id":"https:\/\/enderg.com\/#organization"},"potentialAction":[{"@type":"SearchAction","target":{"@type":"EntryPoint","urlTemplate":"https:\/\/enderg.com\/?s={search_term_string}"},"query-input":{"@type":"PropertyValueSpecification","valueRequired":true,"valueName":"search_term_string"}}],"inLanguage":"de"},{"@type":"Organization","@id":"https:\/\/enderg.com\/#organization","name":"EnderG","url":"https:\/\/enderg.com\/","logo":{"@type":"ImageObject","inLanguage":"de","@id":"https:\/\/enderg.com\/#\/schema\/logo\/image\/","url":"https:\/\/enderg.com\/wp-content\/uploads\/2023\/03\/222222222221.png","contentUrl":"https:\/\/enderg.com\/wp-content\/uploads\/2023\/03\/222222222221.png","width":512,"height":512,"caption":"EnderG"},"image":{"@id":"https:\/\/enderg.com\/#\/schema\/logo\/image\/"},"sameAs":["https:\/\/www.facebook.com\/Endergg1\/","https:\/\/www.instagram.com\/enderg01","https:\/\/www.youtube.com\/@enderg-com"],"description":"G\u00fcnstiges Gaming ist unsere Spezialit\u00e4t!","legalName":"Vandar Limited","foundingDate":"2022-06-21"}]}},"jetpack_likes_enabled":true,"jetpack_sharing_enabled":true,"jetpack_shortlink":"https:\/\/wp.me\/PeaPXO-RE","jetpack-related-posts":[],"_links":{"self":[{"href":"https:\/\/enderg.com\/de\/wp-json\/wp\/v2\/pages\/3326","targetHints":{"allow":["GET"]}}],"collection":[{"href":"https:\/\/enderg.com\/de\/wp-json\/wp\/v2\/pages"}],"about":[{"href":"https:\/\/enderg.com\/de\/wp-json\/wp\/v2\/types\/page"}],"author":[{"embeddable":true,"href":"https:\/\/enderg.com\/de\/wp-json\/wp\/v2\/users\/215024817"}],"replies":[{"embeddable":true,"href":"https:\/\/enderg.com\/de\/wp-json\/wp\/v2\/comments?post=3326"}],"version-history":[{"count":22,"href":"https:\/\/enderg.com\/de\/wp-json\/wp\/v2\/pages\/3326\/revisions"}],"predecessor-version":[{"id":17731,"href":"https:\/\/enderg.com\/de\/wp-json\/wp\/v2\/pages\/3326\/revisions\/17731"}],"wp:attachment":[{"href":"https:\/\/enderg.com\/de\/wp-json\/wp\/v2\/media?parent=3326"}],"curies":[{"name":"wp","href":"https:\/\/api.w.org\/{rel}","templated":true}]}}