{"id":10,"date":"2022-08-05T21:12:19","date_gmt":"2022-08-05T18:12:19","guid":{"rendered":"https:\/\/enderg.com\/checkout\/"},"modified":"2026-03-14T17:39:41","modified_gmt":"2026-03-14T14:39:41","slug":"checkout","status":"publish","type":"page","link":"https:\/\/enderg.com\/de\/checkout\/","title":{"rendered":"Kasse"},"content":{"rendered":"<p class=\"wp-block-paragraph translation-block\">Um <strong>Betr\u00fcgerische Zahlungen<\/strong> zu verhindern, kann eine einmalige Verifizierung erforderlich sein, um den Besitz Ihrer Kredit- oder Debitkarte oder einer anderen ausgew\u00e4hlten Zahlungsmethode zu best\u00e4tigen. <a href=\"#documents\" target=\"_self\">Mehr erfahren<\/a><\/p>\n\n\n\n<p class=\"hide-when-usd hide-on-orderpay wp-block-paragraph translation-block\">Sie k\u00f6nnen die <a href=\"#documents\" target=\"_self\">Verifizierung<\/a> \u00fcberspringen, wenn Sie mit REVOLUT, Monzo oder Instant Pay By Bank Transfers bezahlen!<\/p>\n\n\n\n<p class=\"hide-when-usd wp-block-paragraph translation-block\">Bitte schalten Sie alle <strong>VPN<\/strong>-Dienste <strong>AUS<\/strong>, bevor Sie den Checkout abschlie\u00dfen. Zahlungen werden <strong>abgelehnt<\/strong>, wenn ein <strong>VPN<\/strong> eingeschaltet ist!<\/p>\n\n\n\n<p class=\"orderpay-only wp-block-paragraph\"><strong>Schlie\u00dfen Sie Ihre Zahlung unten ab \u2b07\ufe0f<\/strong><br>Wenn das Formular nicht innerhalb von 10 Sekunden erscheint, tippen Sie auf <strong>Vollbild \u00f6ffnen<\/strong><\/p>\n\n\n\n<div class=\"wp-block-group\"><div class=\"wp-block-group__inner-container is-layout-constrained wp-block-group-is-layout-constrained\"><div class=\"woocommerce\"><\/div>\n<\/div><\/div>\n\n\n\n<p class=\"has-text-align-center hide-on-orderpay wp-block-paragraph\">Mit Ihrer Bestellung auf unserer Website best\u00e4tigen Sie, dass Sie die Produktbeschreibung gelesen und verstanden haben und unseren Allgemeinen Gesch\u00e4ftsbedingungen sowie unserer R\u00fcckgaberichtlinie zustimmen. Die meisten Bestellungen werden kurz nach Zahlungseingang bearbeitet und versandt. Bei besonders hohem Bestellaufkommen kann es jedoch zu Verz\u00f6gerungen kommen. Bitte rechnen Sie mit bis zu 3 Stunden Bearbeitungszeit nach Zahlungseingang.<\/p>\n\n\n\n<div style=\"height:30px\" aria-hidden=\"true\" class=\"wp-block-spacer hide-on-orderpay\"><\/div>\n\n\n\n<div style=\"height:30px\" aria-hidden=\"true\" class=\"wp-block-spacer hide-on-orderpay\"><\/div>\n\n\n\n<h2 class=\"wp-block-heading has-text-align-center hide-on-orderpay\" id=\"h-your-cart\"><strong>Ihr Warenkorb<\/strong><\/h2>\n\n\n\n<div class=\"wp-block-group hide-on-orderpay\"><div class=\"wp-block-group__inner-container is-layout-constrained wp-block-group-is-layout-constrained\">\n<\/div><\/div>\n\n\n\n<div style=\"height:77px\" aria-hidden=\"true\" class=\"wp-block-spacer\"><\/div>\n\n\n\n<p class=\"hide-on-orderpay wp-block-paragraph\" id=\"credit-card-payments\"><strong>Wie kann ich mit Kredit-\/Debitkarte, PayPal, Apple Pay und Google Pay bezahlen?<\/strong><\/p>\n\n\n\n<ul class=\"wp-block-list hide-on-orderpay\">\n<li>W\u00e4hlen Sie oben einen der Zahlungsanbieter aus, der Kredit-\/Debitkartenzahlungen unterst\u00fctzt.<\/li>\n<\/ul>\n\n\n\n<ul class=\"wp-block-list hide-on-orderpay\">\n<li>Klicken Sie auf die Schaltfl\u00e4che \u201eBestellung aufgeben\u201c oder \u201eJetzt bezahlen\u201c auf Ihrem Bildschirm.<\/li>\n<\/ul>\n\n\n\n<ul class=\"wp-block-list hide-on-orderpay\">\n<li>Geben Sie die vom Gateway angeforderten Informationen ein, in der Regel eine E-Mail-Adresse, dann Ihren Namen und Ihre Adresse.<\/li>\n<\/ul>\n\n\n\n<ul class=\"wp-block-list hide-on-orderpay\">\n<li>Wenn Sie Ihre E-Mail-Adresse eingeben, erhalten Sie m\u00f6glicherweise einen Code zur Best\u00e4tigung Ihrer E-Mail-Adresse. Bitte \u00fcberpr\u00fcfen Sie Ihren Posteingang oder Spam-\/Junk-Ordner auf den Code und geben Sie ihn anschlie\u00dfend auf der Website des Zahlungsanbieters ein.<\/li>\n<\/ul>\n\n\n\n<ul class=\"wp-block-list hide-on-orderpay\">\n<li>In einigen F\u00e4llen werden Sie m\u00f6glicherweise aufgefordert, Ihre Identit\u00e4t nachzuweisen, beispielsweise durch einen Personalausweis, einen Reisepass oder einen F\u00fchrerschein.<\/li>\n<\/ul>\n\n\n\n<ul class=\"wp-block-list hide-on-orderpay\">\n<li>Anschlie\u00dfend k\u00f6nnen Sie Ihre Zahlung per Kredit-\/Debitkarte, Apple Pay, Google Pay, PayPal, Bank\u00fcberweisung, SEPA oder einer anderen vom gew\u00e4hlten Zahlungsanbieter angebotenen Zahlungsmethode abschlie\u00dfen. Bitte beachten Sie, dass die verf\u00fcgbaren Zahlungsoptionen je nach Anbieter variieren k\u00f6nnen. Die Symbole neben den einzelnen Anbietern auf dieser Checkout-Seite zeigen Ihnen die unterst\u00fctzten Methoden an.<br><\/li>\n<\/ul>\n\n\n\n<p class=\"wp-block-paragraph\" id=\"documents\"><strong>Warum wurde ich aufgefordert, ein Ausweisdokument einzureichen?<\/strong><\/p>\n\n\n\n<p class=\"wp-block-paragraph\">Als Onlineh\u00e4ndler ergreifen wir Ma\u00dfnahmen, um unsere Kunden und unsere Plattform vor unberechtigter Nutzung von Kredit-\/Debitkarten und potenziellem Betrug zu sch\u00fctzen. Aus diesem Grund k\u00f6nnen unsere Zahlungsanbieter (darunter PayOp, PayDo, Mercuryo, RAMP, MoonPay und Revolut usw.) zus\u00e4tzliche Verifizierungsma\u00dfnahmen anfordern, um sicherzustellen, dass eine Transaktion vom rechtm\u00e4\u00dfigen Karteninhaber autorisiert wurde.<\/p>\n\n\n\n<p class=\"wp-block-paragraph\">Bitte beachten Sie, dass unsere verf\u00fcgbaren Zahlungsanbieter regelm\u00e4\u00dfig aktualisiert werden, sodass sich die beim Bezahlvorgang angezeigten Anbieter \u00e4ndern k\u00f6nnen.<\/p>\n\n\n\n<p class=\"wp-block-paragraph\"><strong><em>Bei Zahlung mit \u201cRevolut, Monzo und Bank\u00fcberweisung\u201d ist keine Verifizierung erforderlich.\u201d<\/em><\/strong> <\/p>\n\n\n\n<p class=\"wp-block-paragraph\">Dieser Verifizierungsprozess ist eine einmalige Anforderung f\u00fcr Erstbestellungen auf unserer Website. Alle bereitgestellten Dokumente (Ausweis oder Reisepass) werden sicher verschl\u00fcsselt und ausschlie\u00dflich von KI verarbeitet. Innerhalb von 1\u20132 Minuten wird Ihre Verifizierung genehmigt, und Sie k\u00f6nnen die Zahlung abschlie\u00dfen. Keine dieser Informationen wird auf unserer Website oder in den Datenbanken unserer Zahlungsanbieter gespeichert: PayOp, PayDo, Mercuryo, RAMP &amp; WERT.<\/p>\n\n\n\n<p class=\"wp-block-paragraph\">Wenn du dich immer noch unwohl f\u00fchlst dabei, einen deiner Ausweise hochzuladen, kannst du jederzeit eine andere Zahlungsmethode verwenden, wie Revolut oder Bank\u00fcberweisung, und diesen Schritt \u00fcberspringen \u2014 und du zahlst sogar weniger Geb\u00fchren!<\/p>\n\n\n\n<p class=\"wp-block-paragraph\">Bei EnderG m\u00f6chten wir Ihnen versichern, dass Ihre Sicherheit f\u00fcr uns oberste Priorit\u00e4t hat. Wir speichern auf unserer Website keine Informationen zu Kredit-\/Debitkarten oder Ausweisdokumenten. Seien Sie beruhigt, denn alle obligatorischen Pr\u00fcfungen der Zahlungsvorschriften werden mit gr\u00f6\u00dfter Sorgfalt und Compliance durchgef\u00fchrt, um sicherzustellen, dass Ihre sensiblen Daten w\u00e4hrend Ihres gesamten Einkaufserlebnisses bei uns vertraulich und sicher bleiben.<\/p>\n\n\n\n<p class=\"wp-block-paragraph\"><strong>Was ist dieses USD Coin (USDC), das mir der Zahlungsanbieter immer wieder anzeigt, wenn ich auf die Website des Zahlungsanbieters weitergeleitet werde?<\/strong><\/p>\n\n\n\n<p class=\"wp-block-paragraph\">USD Coin (USDC) ist eine neue digitale Form des US-Dollars, die von einigen Zahlungsanbietern f\u00fcr eine effizientere Abwicklung von Online-Zahlungen genutzt wird. Dadurch werden die Bearbeitungskosten gesenkt und internationale Zahlungen f\u00fcr Sie (den Kunden) und uns (den H\u00e4ndler) vereinfacht. In vielen F\u00e4llen berechnet Ihnen der Anbieter den Betrag in Ihrer Landesw\u00e4hrung ohne oder mit nur geringen zus\u00e4tzlichen Geb\u00fchren und stellt uns die Zahlung anschlie\u00dfend in USD Coin aus.<\/p>\n\n\n\n<p class=\"wp-block-paragraph\"><strong>Wichtig:<\/strong> Sie kaufen keine Kryptow\u00e4hrung und ben\u00f6tigen keine Krypto-Wallet.<br>Sie bezahlen einfach mit Ihrer gewohnten Zahlungsmethode (Karte, Apple Pay, Google Pay, Bank\u00fcberweisung usw.), und der Zahlungsanbieter k\u00fcmmert sich im Hintergrund um die Umrechnung und Abrechnung.<\/p>\n\n\n\n<p class=\"wp-block-paragraph\">Sobald Ihre Zahlung best\u00e4tigt ist, erhalten Sie eine Best\u00e4tigungs-E-Mail vom Anbieter und von uns. In manchen F\u00e4llen kann die Bearbeitung einige Stunden dauern \u2013 wir danken Ihnen f\u00fcr Ihre Geduld.<\/p>","protected":false},"excerpt":{"rendered":"<p>To help prevent Fraudulent Payments, you may be asked for a one-time verification to confirm ownership of your credit or debit card, or other selected payment method. Learn more You can skip verification if you pay with REVOLUT, Monzo or Instant Pay By Bank Transfers! Please turn OFF any VPN services before completing checkout. Payments [&hellip;]<\/p>\n","protected":false},"author":1,"featured_media":0,"parent":0,"menu_order":0,"comment_status":"closed","ping_status":"closed","template":"","meta":{"_crdt_document":"","jetpack_post_was_ever_published":false,"footnotes":""},"class_list":["post-10","page","type-page","status-publish","hentry"],"yoast_head":"<!-- This site is optimized with the Yoast SEO Premium plugin v27.3 (Yoast SEO v27.3) - https:\/\/yoast.com\/product\/yoast-seo-premium-wordpress\/ -->\n<title>Checkout - EnderG<\/title>\n<meta name=\"robots\" content=\"index, follow, max-snippet:-1, max-image-preview:large, max-video-preview:-1\" \/>\n<link rel=\"canonical\" href=\"https:\/\/enderg.com\/de\/checkout\/\" \/>\n<meta property=\"og:locale\" content=\"de_DE\" \/>\n<meta property=\"og:type\" content=\"article\" \/>\n<meta property=\"og:title\" content=\"Checkout\" \/>\n<meta property=\"og:description\" content=\"To help prevent Fraudulent Payments, you may be asked for a one-time verification to confirm ownership of your credit or debit card, or other selected payment method. Learn more You can skip verification if you pay with REVOLUT, Monzo or Instant Pay By Bank Transfers! Please turn OFF any VPN services before completing checkout. Payments [&hellip;]\" \/>\n<meta property=\"og:url\" content=\"https:\/\/enderg.com\/de\/checkout\/\" \/>\n<meta property=\"og:site_name\" content=\"EnderG\" \/>\n<meta property=\"article:publisher\" content=\"https:\/\/www.facebook.com\/Endergg1\/\" \/>\n<meta property=\"article:modified_time\" content=\"2026-03-14T14:39:41+00:00\" \/>\n<meta property=\"og:image\" content=\"https:\/\/i0.wp.com\/enderg.com\/wp-content\/uploads\/2023\/01\/cropped-1111111-1.png?fit=470%2C110&ssl=1\" \/>\n\t<meta property=\"og:image:width\" content=\"470\" \/>\n\t<meta property=\"og:image:height\" content=\"110\" \/>\n\t<meta property=\"og:image:type\" content=\"image\/png\" \/>\n<meta name=\"twitter:card\" content=\"summary_large_image\" \/>\n<meta name=\"twitter:label1\" content=\"Gesch\u00e4tzte Lesezeit\" \/>\n\t<meta name=\"twitter:data1\" content=\"4\u00a0Minuten\" \/>\n<script type=\"application\/ld+json\" class=\"yoast-schema-graph\">{\"@context\":\"https:\\\/\\\/schema.org\",\"@graph\":[{\"@type\":\"WebPage\",\"@id\":\"https:\\\/\\\/enderg.com\\\/checkout\\\/\",\"url\":\"https:\\\/\\\/enderg.com\\\/checkout\\\/\",\"name\":\"Checkout - EnderG\",\"isPartOf\":{\"@id\":\"https:\\\/\\\/enderg.com\\\/#website\"},\"datePublished\":\"2022-08-05T18:12:19+00:00\",\"dateModified\":\"2026-03-14T14:39:41+00:00\",\"breadcrumb\":{\"@id\":\"https:\\\/\\\/enderg.com\\\/checkout\\\/#breadcrumb\"},\"inLanguage\":\"de\",\"potentialAction\":[{\"@type\":\"ReadAction\",\"target\":[\"https:\\\/\\\/enderg.com\\\/checkout\\\/\"]}]},{\"@type\":\"BreadcrumbList\",\"@id\":\"https:\\\/\\\/enderg.com\\\/checkout\\\/#breadcrumb\",\"itemListElement\":[{\"@type\":\"ListItem\",\"position\":1,\"name\":\"Home\",\"item\":\"https:\\\/\\\/enderg.com\\\/\"},{\"@type\":\"ListItem\",\"position\":2,\"name\":\"Checkout\"}]},{\"@type\":\"WebSite\",\"@id\":\"https:\\\/\\\/enderg.com\\\/#website\",\"url\":\"https:\\\/\\\/enderg.com\\\/\",\"name\":\"EnderG\",\"description\":\"Cheaper Is What We Do!\",\"publisher\":{\"@id\":\"https:\\\/\\\/enderg.com\\\/#organization\"},\"potentialAction\":[{\"@type\":\"SearchAction\",\"target\":{\"@type\":\"EntryPoint\",\"urlTemplate\":\"https:\\\/\\\/enderg.com\\\/?s={search_term_string}\"},\"query-input\":{\"@type\":\"PropertyValueSpecification\",\"valueRequired\":true,\"valueName\":\"search_term_string\"}}],\"inLanguage\":\"de\"},{\"@type\":\"Organization\",\"@id\":\"https:\\\/\\\/enderg.com\\\/#organization\",\"name\":\"EnderG\",\"url\":\"https:\\\/\\\/enderg.com\\\/\",\"logo\":{\"@type\":\"ImageObject\",\"inLanguage\":\"de\",\"@id\":\"https:\\\/\\\/enderg.com\\\/#\\\/schema\\\/logo\\\/image\\\/\",\"url\":\"https:\\\/\\\/enderg.com\\\/wp-content\\\/uploads\\\/2023\\\/03\\\/222222222221.png\",\"contentUrl\":\"https:\\\/\\\/enderg.com\\\/wp-content\\\/uploads\\\/2023\\\/03\\\/222222222221.png\",\"width\":512,\"height\":512,\"caption\":\"EnderG\"},\"image\":{\"@id\":\"https:\\\/\\\/enderg.com\\\/#\\\/schema\\\/logo\\\/image\\\/\"},\"sameAs\":[\"https:\\\/\\\/www.facebook.com\\\/Endergg1\\\/\",\"https:\\\/\\\/www.instagram.com\\\/enderg01\",\"https:\\\/\\\/www.youtube.com\\\/@enderg-com\"],\"description\":\"Cheaper Gaming is what we do!\",\"legalName\":\"Vandar Limited\",\"foundingDate\":\"2022-06-21\"}]}<\/script>\n<!-- \/ Yoast SEO Premium plugin. -->","yoast_head_json":{"title":"Kasse - EnderG","robots":{"index":"index","follow":"follow","max-snippet":"max-snippet:-1","max-image-preview":"max-image-preview:large","max-video-preview":"max-video-preview:-1"},"canonical":"https:\/\/enderg.com\/de\/checkout\/","og_locale":"de_DE","og_type":"article","og_title":"Checkout","og_description":"To help prevent Fraudulent Payments, you may be asked for a one-time verification to confirm ownership of your credit or debit card, or other selected payment method. Learn more You can skip verification if you pay with REVOLUT, Monzo or Instant Pay By Bank Transfers! Please turn OFF any VPN services before completing checkout. Payments [&hellip;]","og_url":"https:\/\/enderg.com\/de\/checkout\/","og_site_name":"EnderG","article_publisher":"https:\/\/www.facebook.com\/Endergg1\/","article_modified_time":"2026-03-14T14:39:41+00:00","og_image":[{"width":470,"height":110,"url":"https:\/\/i0.wp.com\/enderg.com\/wp-content\/uploads\/2023\/01\/cropped-1111111-1.png?fit=470%2C110&ssl=1","type":"image\/png"}],"twitter_card":"summary_large_image","twitter_misc":{"Gesch\u00e4tzte Lesezeit":"4\u00a0Minuten"},"schema":{"@context":"https:\/\/schema.org","@graph":[{"@type":"WebPage","@id":"https:\/\/enderg.com\/checkout\/","url":"https:\/\/enderg.com\/checkout\/","name":"Kasse - EnderG","isPartOf":{"@id":"https:\/\/enderg.com\/#website"},"datePublished":"2022-08-05T18:12:19+00:00","dateModified":"2026-03-14T14:39:41+00:00","breadcrumb":{"@id":"https:\/\/enderg.com\/checkout\/#breadcrumb"},"inLanguage":"de","potentialAction":[{"@type":"ReadAction","target":["https:\/\/enderg.com\/checkout\/"]}]},{"@type":"BreadcrumbList","@id":"https:\/\/enderg.com\/checkout\/#breadcrumb","itemListElement":[{"@type":"ListItem","position":1,"name":"Home","item":"https:\/\/enderg.com\/"},{"@type":"ListItem","position":2,"name":"Checkout"}]},{"@type":"WebSite","@id":"https:\/\/enderg.com\/#website","url":"https:\/\/enderg.com\/","name":"EnderG","description":"Billiger ist unser Ding!","publisher":{"@id":"https:\/\/enderg.com\/#organization"},"potentialAction":[{"@type":"SearchAction","target":{"@type":"EntryPoint","urlTemplate":"https:\/\/enderg.com\/?s={search_term_string}"},"query-input":{"@type":"PropertyValueSpecification","valueRequired":true,"valueName":"search_term_string"}}],"inLanguage":"de"},{"@type":"Organization","@id":"https:\/\/enderg.com\/#organization","name":"EnderG","url":"https:\/\/enderg.com\/","logo":{"@type":"ImageObject","inLanguage":"de","@id":"https:\/\/enderg.com\/#\/schema\/logo\/image\/","url":"https:\/\/enderg.com\/wp-content\/uploads\/2023\/03\/222222222221.png","contentUrl":"https:\/\/enderg.com\/wp-content\/uploads\/2023\/03\/222222222221.png","width":512,"height":512,"caption":"EnderG"},"image":{"@id":"https:\/\/enderg.com\/#\/schema\/logo\/image\/"},"sameAs":["https:\/\/www.facebook.com\/Endergg1\/","https:\/\/www.instagram.com\/enderg01","https:\/\/www.youtube.com\/@enderg-com"],"description":"G\u00fcnstiges Gaming ist unsere Spezialit\u00e4t!","legalName":"Vandar Limited","foundingDate":"2022-06-21"}]}},"jetpack_likes_enabled":true,"jetpack_sharing_enabled":true,"jetpack_shortlink":"https:\/\/wp.me\/PeaPXO-a","jetpack-related-posts":[{"id":6653,"url":"https:\/\/enderg.com\/de\/frequently-asked-questions\/","url_meta":{"origin":10,"position":0},"title":"H\u00e4ufig gestellte Fragen","author":"nazhad722","date":"31\/03\/2023","format":false,"excerpt":"Is it safe to purchase from your site? We understand that buying products or items online can be a cause for concern.We are a fully registered business in the state of Wyoming, United States with the assigned filing number SC771168Here\u2019s our full address:Office 132 3 Fitzroy Place, 1\/1,Sauchiehall Street,Finnieston,Glasgow Central,G3\u2026","rel":"","context":"\u00c4hnlicher Beitrag","block_context":{"text":"\u00c4hnlicher Beitrag","link":""},"img":{"alt_text":"","src":"","width":0,"height":0},"classes":[]},{"id":3332,"url":"https:\/\/enderg.com\/de\/privacy-policy\/","url_meta":{"origin":10,"position":1},"title":"Datenschutz-Bestimmungen","author":"H722","date":"09\/08\/2022","format":false,"excerpt":"This website is operated by Endplay LTD, a company incorporated in the United Kingdom under the Company Number 16919911 Located in: 182-184 High Street NorthEast HamLondonE6 2JA This Privacy Policy describes how enderg.com operated by Endplay LTD (the \u201cSite\u201d or \u201cwe\u201d) collects, uses, and discloses your Personal Information when you\u2026","rel":"","context":"\u00c4hnlicher Beitrag","block_context":{"text":"\u00c4hnlicher Beitrag","link":""},"img":{"alt_text":"","src":"","width":0,"height":0},"classes":[]},{"id":6840,"url":"https:\/\/enderg.com\/de\/checkout-2\/","url_meta":{"origin":10,"position":2},"title":"Kasse","author":"nazhad722","date":"02\/04\/2023","format":false,"excerpt":"","rel":"","context":"\u00c4hnlicher Beitrag","block_context":{"text":"\u00c4hnlicher Beitrag","link":""},"img":{"alt_text":"","src":"","width":0,"height":0},"classes":[]},{"id":6841,"url":"https:\/\/enderg.com\/de\/checkout-2\/receipt\/","url_meta":{"origin":10,"position":3},"title":"Receipt","author":"nazhad722","date":"02\/04\/2023","format":false,"excerpt":"","rel":"","context":"\u00c4hnlicher Beitrag","block_context":{"text":"\u00c4hnlicher Beitrag","link":""},"img":{"alt_text":"","src":"","width":0,"height":0},"classes":[]},{"id":6843,"url":"https:\/\/enderg.com\/de\/checkout-2\/order-history\/","url_meta":{"origin":10,"position":4},"title":"Order History","author":"nazhad722","date":"02\/04\/2023","format":false,"excerpt":"","rel":"","context":"\u00c4hnlicher Beitrag","block_context":{"text":"\u00c4hnlicher Beitrag","link":""},"img":{"alt_text":"","src":"","width":0,"height":0},"classes":[]},{"id":6844,"url":"https:\/\/enderg.com\/de\/checkout-2\/confirmation\/","url_meta":{"origin":10,"position":5},"title":"Confirmation","author":"nazhad722","date":"02\/04\/2023","format":false,"excerpt":"Thank you for your purchase!","rel":"","context":"\u00c4hnlicher Beitrag","block_context":{"text":"\u00c4hnlicher Beitrag","link":""},"img":{"alt_text":"","src":"","width":0,"height":0},"classes":[]}],"_links":{"self":[{"href":"https:\/\/enderg.com\/de\/wp-json\/wp\/v2\/pages\/10","targetHints":{"allow":["GET"]}}],"collection":[{"href":"https:\/\/enderg.com\/de\/wp-json\/wp\/v2\/pages"}],"about":[{"href":"https:\/\/enderg.com\/de\/wp-json\/wp\/v2\/types\/page"}],"author":[{"embeddable":true,"href":"https:\/\/enderg.com\/de\/wp-json\/wp\/v2\/users\/1"}],"replies":[{"embeddable":true,"href":"https:\/\/enderg.com\/de\/wp-json\/wp\/v2\/comments?post=10"}],"version-history":[{"count":100,"href":"https:\/\/enderg.com\/de\/wp-json\/wp\/v2\/pages\/10\/revisions"}],"predecessor-version":[{"id":93630,"href":"https:\/\/enderg.com\/de\/wp-json\/wp\/v2\/pages\/10\/revisions\/93630"}],"wp:attachment":[{"href":"https:\/\/enderg.com\/de\/wp-json\/wp\/v2\/media?parent=10"}],"curies":[{"name":"wp","href":"https:\/\/api.w.org\/{rel}","templated":true}]}}